{"id":14087,"date":"2022-02-16T18:30:52","date_gmt":"2022-02-16T16:30:52","guid":{"rendered":"http:\/\/new.cafetoria.fi\/?post_type=product&#038;p=14087"},"modified":"2026-03-31T11:05:37","modified_gmt":"2026-03-31T09:05:37","slug":"rancilio-silvia-pro","status":"publish","type":"product","link":"https:\/\/cafetoria.fi\/fi\/tuote\/rancilio-silvia-pro\/","title":{"rendered":"Rancilio Silvia PRO"},"content":{"rendered":"<p>The Silvia PRO is the latest generation of Rancilio dual boiler machines for home. This is a single group espresso machine equipped with digital PID, dual boilers and soft infusion technology.<\/p>\n<p><em>About Silvia PRO family:<\/em><br \/>\nBefore describing Silvia PRO as an engineer, you may be wondering what is Dual Boiler? Rancilio Silvia as many other single boiler machines in the market allows you to make espresso and foam milk. However, since there is a single boiler at a single temperature, you cannot foam milk and make espresso at the same time. To switch between these two operation modes you need to change the boiler&#8217;s temperature and wait. This can be annoying if you want to make several cups of cappuccino drinks for a group of people. In a dual boiler machine you have two boilers: the coffee boiler and the steam boiler, hence, you will be able to foam milk and make espresso at the same time in addition to have precise control over the brewing temperature of your espresso.<\/p>\n<p>The Silvia Pro is the new espresso machine that provides precision and control over every shot, with limited footprint due to its compact design. The Silvia Pro is a blend of the professional performance of Rancilio espresso machines and the robust simplicity of the Silvia. With the addition of two PID\u2019s, a digital display, two independent boilers and a wider range of coffee solutions, the Silvia Pro is designed to provide specialty cafe-quality espresso from the comfort of home.<\/p>\n<p>Ominaisuudet:<\/p>\n<p class=\"size-4xl\"><strong>Tuplaboileri:\u00a0<\/strong>S\u00e4hk\u00f6inen vedenhallinta ja itsen\u00e4iset l\u00e4mp\u00f6tilojen s\u00e4\u00e4d\u00f6t molemmille boilereille helpottavat kahvin valmistamista. Kaksi PID-laitetta (Proportional-Integral-Derivative) pit\u00e4v\u00e4t l\u00e4mp\u00f6tilat eritt\u00e4in tasaisina, sek\u00e4 uutto-, ett\u00e4 h\u00f6yryboilereissa.<\/p>\n<p class=\"size-4xl\"><strong>L\u00e4mp\u00f6pysyvyys:\u00a0<\/strong>The Silvia PRO \u2019s impressive thermal stability puts it in the top class of commercial espresso machines, offering extremely precise temperature delivery for espresso.<\/p>\n<p class=\"size-4xl\"><strong>Digitaalinen n\u00e4ytt\u00f6:\u00a0<\/strong>N\u00e4yt\u00f6lt\u00e4 n\u00e4et boilerien l\u00e4mp\u00f6tilat, ajastimen, vesitankin tasoh\u00e4lytyksen ja p\u00e4\u00e4set k\u00e4siksi her\u00e4tystoimintoon, joka k\u00e4ynnist\u00e4\u00e4 koneen m\u00e4\u00e4r\u00e4ttyn\u00e4 kellonaikana.<\/p>\n<p>Ominaisuudet:<\/p>\n<ul>\n<li><strong>Boileri: <\/strong>kahviboileri (0,3l), h\u00f6yryboileri (1l)<\/li>\n<li><strong>Pumppu: <\/strong>Vibraatiopumppu<\/li>\n<li><strong>Teho: <\/strong>1300W<\/li>\n<li><strong>Vesis\u00e4ili\u00f6: <\/strong>2l<\/li>\n<li><strong>Mitat: <\/strong>250l x 420s x 290k mm<\/li>\n<li><strong>Paino:<\/strong> 20kg<\/li>\n<li><strong>Baristasettiin sis\u00e4ltyy: <\/strong>Puhdistusharja, vedenpehmennin, tuplauuttokahva, puhdistustabletteja, tampperi, kahvimitta<\/li>\n<li><strong>Takuu: <\/strong>2 vuotta<\/li>\n<\/ul>\n<p>Katso arviomme Rancilio Silvia PRO:sta:<\/p>\n<p><iframe src=\"https:\/\/player.vimeo.com\/video\/476607650\" width=\"640\" height=\"360\" frameborder=\"0\" allowfullscreen=\"allowfullscreen\"><\/iframe><\/p>\n<p><a href=\"https:\/\/vimeo.com\/476607650\">A quick review of the SILVIA PRO<\/a> from <a href=\"https:\/\/vimeo.com\/user4626678\">Cafetoria Roastery<\/a> on <a href=\"https:\/\/vimeo.com\">Vimeo<\/a>.<\/p>","protected":false},"excerpt":{"rendered":"<p>Rancilio Silvia PRO is making the same step as its predecessor Silvia,\u00a0revolutionising\u00a0again the home market this time with a dual boiler. 2 years warranty!<\/p>\n<p>&nbsp;<\/p>","protected":false},"featured_media":36794,"comment_status":"closed","ping_status":"closed","template":"","meta":{"_acf_changed":false,"_glsr_average":0,"_glsr_ranking":0,"_glsr_reviews":0},"product_brand":[],"product_cat":[255,256,343],"product_tag":[],"class_list":{"0":"post-14087","1":"product","2":"type-product","3":"status-publish","4":"has-post-thumbnail","6":"product_cat-equipments","7":"product_cat-espresso-machines","8":"product_cat-offers","9":"product_shipping_class-machines_class","11":"first","12":"instock","13":"taxable","14":"shipping-taxable","15":"purchasable","16":"product-type-simple"},"acf":[],"yoast_head":"<!-- This site is optimized with the Yoast SEO plugin v27.4 - https:\/\/yoast.com\/product\/yoast-seo-wordpress\/ -->\n<title>Rancilio Silvia PRO - Cafetoria: Nordic Latin Coffee Roastery<\/title>\n<meta name=\"robots\" content=\"index, follow, max-snippet:-1, max-image-preview:large, max-video-preview:-1\" \/>\n<link rel=\"canonical\" href=\"https:\/\/cafetoria.fi\/fi\/tuote\/rancilio-silvia-pro\/\" \/>\n<meta property=\"og:locale\" content=\"fi_FI\" \/>\n<meta property=\"og:type\" content=\"article\" \/>\n<meta property=\"og:title\" content=\"Rancilio Silvia PRO - Cafetoria: Nordic Latin Coffee Roastery\" \/>\n<meta property=\"og:description\" content=\"Rancilio Silvia PRO is making the same step as its predecessor Silvia,\u00a0revolutionising\u00a0again the home market this time with a dual boiler. 2 years warranty!  &nbsp;\" \/>\n<meta property=\"og:url\" content=\"https:\/\/cafetoria.fi\/fi\/tuote\/rancilio-silvia-pro\/\" \/>\n<meta property=\"og:site_name\" content=\"Cafetoria: Nordic Latin Coffee Roastery\" \/>\n<meta property=\"article:publisher\" content=\"https:\/\/www.facebook.com\/cafetoriaroastery\" \/>\n<meta property=\"article:modified_time\" content=\"2026-03-31T09:05:37+00:00\" \/>\n<meta property=\"og:image\" content=\"https:\/\/cafetoria.fi\/wp-content\/uploads\/2022\/02\/ranciliogroup-silviapro-equipment-1080x1080-1.webp\" \/>\n\t<meta property=\"og:image:width\" content=\"1080\" \/>\n\t<meta property=\"og:image:height\" content=\"1080\" \/>\n\t<meta property=\"og:image:type\" content=\"image\/webp\" \/>\n<meta name=\"twitter:card\" content=\"summary_large_image\" \/>\n<meta name=\"twitter:label1\" content=\"Arvioitu lukuaika\" \/>\n\t<meta name=\"twitter:data1\" content=\"3 minuuttia\" \/>\n<script type=\"application\/ld+json\" class=\"yoast-schema-graph\">{\"@context\":\"https:\\\/\\\/schema.org\",\"@graph\":[{\"@type\":\"WebPage\",\"@id\":\"https:\\\/\\\/cafetoria.fi\\\/product\\\/rancilio-silvia-pro\\\/\",\"url\":\"https:\\\/\\\/cafetoria.fi\\\/product\\\/rancilio-silvia-pro\\\/\",\"name\":\"Rancilio Silvia PRO - Cafetoria: Nordic Latin Coffee Roastery\",\"isPartOf\":{\"@id\":\"https:\\\/\\\/cafetoria.fi\\\/#website\"},\"primaryImageOfPage\":{\"@id\":\"https:\\\/\\\/cafetoria.fi\\\/product\\\/rancilio-silvia-pro\\\/#primaryimage\"},\"image\":{\"@id\":\"https:\\\/\\\/cafetoria.fi\\\/product\\\/rancilio-silvia-pro\\\/#primaryimage\"},\"thumbnailUrl\":\"https:\\\/\\\/cafetoria.fi\\\/wp-content\\\/uploads\\\/2022\\\/02\\\/ranciliogroup-silviapro-equipment-1080x1080-1.webp\",\"datePublished\":\"2022-02-16T16:30:52+00:00\",\"dateModified\":\"2026-03-31T09:05:37+00:00\",\"breadcrumb\":{\"@id\":\"https:\\\/\\\/cafetoria.fi\\\/product\\\/rancilio-silvia-pro\\\/#breadcrumb\"},\"inLanguage\":\"fi\",\"potentialAction\":[{\"@type\":\"ReadAction\",\"target\":[\"https:\\\/\\\/cafetoria.fi\\\/product\\\/rancilio-silvia-pro\\\/\"]}]},{\"@type\":\"ImageObject\",\"inLanguage\":\"fi\",\"@id\":\"https:\\\/\\\/cafetoria.fi\\\/product\\\/rancilio-silvia-pro\\\/#primaryimage\",\"url\":\"https:\\\/\\\/cafetoria.fi\\\/wp-content\\\/uploads\\\/2022\\\/02\\\/ranciliogroup-silviapro-equipment-1080x1080-1.webp\",\"contentUrl\":\"https:\\\/\\\/cafetoria.fi\\\/wp-content\\\/uploads\\\/2022\\\/02\\\/ranciliogroup-silviapro-equipment-1080x1080-1.webp\",\"width\":1080,\"height\":1080},{\"@type\":\"BreadcrumbList\",\"@id\":\"https:\\\/\\\/cafetoria.fi\\\/product\\\/rancilio-silvia-pro\\\/#breadcrumb\",\"itemListElement\":[{\"@type\":\"ListItem\",\"position\":1,\"name\":\"Home\",\"item\":\"https:\\\/\\\/cafetoria.fi\\\/\"},{\"@type\":\"ListItem\",\"position\":2,\"name\":\"Shop\",\"item\":\"https:\\\/\\\/cafetoria.fi\\\/shop\\\/\"},{\"@type\":\"ListItem\",\"position\":3,\"name\":\"Rancilio Silvia PRO\"}]},{\"@type\":\"WebSite\",\"@id\":\"https:\\\/\\\/cafetoria.fi\\\/#website\",\"url\":\"https:\\\/\\\/cafetoria.fi\\\/\",\"name\":\"Cafetoria: Nordic Latin Coffee Roastery\",\"description\":\"We roast and brew great coffees for great people\",\"publisher\":{\"@id\":\"https:\\\/\\\/cafetoria.fi\\\/#organization\"},\"potentialAction\":[{\"@type\":\"SearchAction\",\"target\":{\"@type\":\"EntryPoint\",\"urlTemplate\":\"https:\\\/\\\/cafetoria.fi\\\/?s={search_term_string}\"},\"query-input\":{\"@type\":\"PropertyValueSpecification\",\"valueRequired\":true,\"valueName\":\"search_term_string\"}}],\"inLanguage\":\"fi\"},{\"@type\":\"Organization\",\"@id\":\"https:\\\/\\\/cafetoria.fi\\\/#organization\",\"name\":\"Cafetoria: Nordic Latin Coffee Roastery\",\"url\":\"https:\\\/\\\/cafetoria.fi\\\/\",\"logo\":{\"@type\":\"ImageObject\",\"inLanguage\":\"fi\",\"@id\":\"https:\\\/\\\/cafetoria.fi\\\/#\\\/schema\\\/logo\\\/image\\\/\",\"url\":\"https:\\\/\\\/cafetoria.fi\\\/wp-content\\\/uploads\\\/2023\\\/07\\\/BACKGROUND_CAFETORIA.bmp\",\"contentUrl\":\"https:\\\/\\\/cafetoria.fi\\\/wp-content\\\/uploads\\\/2023\\\/07\\\/BACKGROUND_CAFETORIA.bmp\",\"width\":533,\"height\":497,\"caption\":\"Cafetoria: Nordic Latin Coffee Roastery\"},\"image\":{\"@id\":\"https:\\\/\\\/cafetoria.fi\\\/#\\\/schema\\\/logo\\\/image\\\/\"},\"sameAs\":[\"https:\\\/\\\/www.facebook.com\\\/cafetoriaroastery\",\"https:\\\/\\\/www.instagram.com\\\/cafetoriaroastery\\\/\"]}]}<\/script>\n<!-- \/ Yoast SEO plugin. -->","yoast_head_json":{"title":"Rancilio Silvia PRO - Cafetoria: Nordic Latin Coffee Roastery","robots":{"index":"index","follow":"follow","max-snippet":"max-snippet:-1","max-image-preview":"max-image-preview:large","max-video-preview":"max-video-preview:-1"},"canonical":"https:\/\/cafetoria.fi\/fi\/tuote\/rancilio-silvia-pro\/","og_locale":"fi_FI","og_type":"article","og_title":"Rancilio Silvia PRO - Cafetoria: Nordic Latin Coffee Roastery","og_description":"Rancilio Silvia PRO is making the same step as its predecessor Silvia,\u00a0revolutionising\u00a0again the home market this time with a dual boiler. 2 years warranty!  &nbsp;","og_url":"https:\/\/cafetoria.fi\/fi\/tuote\/rancilio-silvia-pro\/","og_site_name":"Cafetoria: Nordic Latin Coffee Roastery","article_publisher":"https:\/\/www.facebook.com\/cafetoriaroastery","article_modified_time":"2026-03-31T09:05:37+00:00","og_image":[{"width":1080,"height":1080,"url":"https:\/\/cafetoria.fi\/wp-content\/uploads\/2022\/02\/ranciliogroup-silviapro-equipment-1080x1080-1.webp","type":"image\/webp"}],"twitter_card":"summary_large_image","twitter_misc":{"Arvioitu lukuaika":"3 minuuttia"},"schema":{"@context":"https:\/\/schema.org","@graph":[{"@type":"WebPage","@id":"https:\/\/cafetoria.fi\/product\/rancilio-silvia-pro\/","url":"https:\/\/cafetoria.fi\/product\/rancilio-silvia-pro\/","name":"Rancilio Silvia PRO - Cafetoria: Nordic Latin Coffee Roastery","isPartOf":{"@id":"https:\/\/cafetoria.fi\/#website"},"primaryImageOfPage":{"@id":"https:\/\/cafetoria.fi\/product\/rancilio-silvia-pro\/#primaryimage"},"image":{"@id":"https:\/\/cafetoria.fi\/product\/rancilio-silvia-pro\/#primaryimage"},"thumbnailUrl":"https:\/\/cafetoria.fi\/wp-content\/uploads\/2022\/02\/ranciliogroup-silviapro-equipment-1080x1080-1.webp","datePublished":"2022-02-16T16:30:52+00:00","dateModified":"2026-03-31T09:05:37+00:00","breadcrumb":{"@id":"https:\/\/cafetoria.fi\/product\/rancilio-silvia-pro\/#breadcrumb"},"inLanguage":"fi","potentialAction":[{"@type":"ReadAction","target":["https:\/\/cafetoria.fi\/product\/rancilio-silvia-pro\/"]}]},{"@type":"ImageObject","inLanguage":"fi","@id":"https:\/\/cafetoria.fi\/product\/rancilio-silvia-pro\/#primaryimage","url":"https:\/\/cafetoria.fi\/wp-content\/uploads\/2022\/02\/ranciliogroup-silviapro-equipment-1080x1080-1.webp","contentUrl":"https:\/\/cafetoria.fi\/wp-content\/uploads\/2022\/02\/ranciliogroup-silviapro-equipment-1080x1080-1.webp","width":1080,"height":1080},{"@type":"BreadcrumbList","@id":"https:\/\/cafetoria.fi\/product\/rancilio-silvia-pro\/#breadcrumb","itemListElement":[{"@type":"ListItem","position":1,"name":"Home","item":"https:\/\/cafetoria.fi\/"},{"@type":"ListItem","position":2,"name":"Shop","item":"https:\/\/cafetoria.fi\/shop\/"},{"@type":"ListItem","position":3,"name":"Rancilio Silvia PRO"}]},{"@type":"WebSite","@id":"https:\/\/cafetoria.fi\/#website","url":"https:\/\/cafetoria.fi\/","name":"Cafetoria: Nordic Latin Coffee Roastery","description":"We roast and brew great coffees for great people","publisher":{"@id":"https:\/\/cafetoria.fi\/#organization"},"potentialAction":[{"@type":"SearchAction","target":{"@type":"EntryPoint","urlTemplate":"https:\/\/cafetoria.fi\/?s={search_term_string}"},"query-input":{"@type":"PropertyValueSpecification","valueRequired":true,"valueName":"search_term_string"}}],"inLanguage":"fi"},{"@type":"Organization","@id":"https:\/\/cafetoria.fi\/#organization","name":"Cafetoria: Nordic Latin Coffee Roastery","url":"https:\/\/cafetoria.fi\/","logo":{"@type":"ImageObject","inLanguage":"fi","@id":"https:\/\/cafetoria.fi\/#\/schema\/logo\/image\/","url":"https:\/\/cafetoria.fi\/wp-content\/uploads\/2023\/07\/BACKGROUND_CAFETORIA.bmp","contentUrl":"https:\/\/cafetoria.fi\/wp-content\/uploads\/2023\/07\/BACKGROUND_CAFETORIA.bmp","width":533,"height":497,"caption":"Cafetoria: Nordic Latin Coffee Roastery"},"image":{"@id":"https:\/\/cafetoria.fi\/#\/schema\/logo\/image\/"},"sameAs":["https:\/\/www.facebook.com\/cafetoriaroastery","https:\/\/www.instagram.com\/cafetoriaroastery\/"]}]}},"_links":{"self":[{"href":"https:\/\/cafetoria.fi\/fi\/wp-json\/wp\/v2\/product\/14087","targetHints":{"allow":["GET"]}}],"collection":[{"href":"https:\/\/cafetoria.fi\/fi\/wp-json\/wp\/v2\/product"}],"about":[{"href":"https:\/\/cafetoria.fi\/fi\/wp-json\/wp\/v2\/types\/product"}],"replies":[{"embeddable":true,"href":"https:\/\/cafetoria.fi\/fi\/wp-json\/wp\/v2\/comments?post=14087"}],"wp:featuredmedia":[{"embeddable":true,"href":"https:\/\/cafetoria.fi\/fi\/wp-json\/wp\/v2\/media\/36794"}],"wp:attachment":[{"href":"https:\/\/cafetoria.fi\/fi\/wp-json\/wp\/v2\/media?parent=14087"}],"wp:term":[{"taxonomy":"product_brand","embeddable":true,"href":"https:\/\/cafetoria.fi\/fi\/wp-json\/wp\/v2\/product_brand?post=14087"},{"taxonomy":"product_cat","embeddable":true,"href":"https:\/\/cafetoria.fi\/fi\/wp-json\/wp\/v2\/product_cat?post=14087"},{"taxonomy":"product_tag","embeddable":true,"href":"https:\/\/cafetoria.fi\/fi\/wp-json\/wp\/v2\/product_tag?post=14087"}],"curies":[{"name":"wp","href":"https:\/\/api.w.org\/{rel}","templated":true}]}}