{"id":14049,"date":"2022-02-16T18:30:26","date_gmt":"2022-02-16T18:30:26","guid":{"rendered":"http:\/\/new.cafetoria.fi\/?post_type=product&#038;p=14049"},"modified":"2026-04-15T18:15:28","modified_gmt":"2026-04-15T16:15:28","slug":"freedom-espresso-resistcaffeine","status":"publish","type":"product","link":"https:\/\/cafetoria.fi\/fi\/tuote\/freedom-espresso-resistcaffeine\/","title":{"rendered":"Freedom espresso"},"content":{"rendered":"<p>Voiko kahvi v\u00e4litt\u00e4\u00e4 rakkautta? Me uskomme niin. Siksi kehitimme t\u00e4m\u00e4n kofeiinittoman espresson sill\u00e4 samalla intohimolla ja sitoumuksella, kuin kaikki muutkin kahvimme. Hyv\u00e4 valikoima papuja ja artesaanipaahto on v\u00e4rikk\u00e4\u00e4n ja makoisan decaf espresson salaisuus.<\/p>\n<ul>\n<li><strong>Alkuper\u00e4:<\/strong> Meksiko, Etiopia<\/li>\n<li><strong>Kahvipapu:<\/strong> 100% arabica, pesty<\/li>\n<li><strong>Paahtoaste:<\/strong>\u00a0Tumma<\/li>\n<li><strong>Kofeiinin poistomenetelm\u00e4\u00a0<\/strong>Kemikaalivapaa<\/li>\n<li><strong>Sertifiointi<\/strong>: Luomu<\/li>\n<\/ul>\n<h4><a href=\"https:\/\/cafetoria.fi\/wp-content\/uploads\/2022\/07\/resist_subs-01.png\"><img decoding=\"async\" class=\"wp-image-32130 alignleft\" src=\"https:\/\/cafetoria.fi\/wp-content\/uploads\/2022\/07\/resist_subs-01-300x300.png\" alt=\"\" width=\"197\" height=\"229\" \/><\/a><strong>Save up to 20% when joining our\u00a0<a href=\"https:\/\/cafetoria.fi\/fi\/subscriptions\/\">decaf coffee subscription!<\/a><\/strong><\/h4>\n<p>#RESISTCAFFEINE on kokoelma kofeiinittomia kahveja kahvin rakastajilta kahvin rakastajille. Valitsemme laadukkaat luomupavut, kemikaalittomat kofeiinin poistomenetelm\u00e4t ja paahdamme kahvit k\u00e4sity\u00f6n\u00e4 paahtimollamme. Lopputulos: oikeasti herkullisia kofeiinittomia kahveja. Nyt voit nauttia kahvia milloin vain, miss\u00e4 vain. Love coffee, resist caffeine!<\/p>","protected":false},"excerpt":{"rendered":"<p>We think that the world lacked a good decaffeinated espresso. We decided to create one!<\/p>","protected":false},"featured_media":1291,"comment_status":"open","ping_status":"closed","template":"","meta":{"_acf_changed":false,"_glsr_average":0,"_glsr_ranking":0,"_glsr_reviews":0},"product_brand":[],"product_cat":[250,254,252],"product_tag":[48,60,49,50,61,62],"class_list":{"0":"post-14049","1":"product","2":"type-product","3":"status-publish","4":"has-post-thumbnail","6":"product_cat-coffees","7":"product_cat-decaf","8":"product_cat-organic","9":"product_tag-decaffeinated","10":"product_tag-kofeiiniton","11":"product_tag-kofeiiniton-kahvi","12":"product_tag-luomu","13":"product_tag-luomukahvia","14":"product_tag-tumma-paahto","15":"product_shipping_class-food_class","16":"pa_grinding-aeropress","17":"pa_grinding-beans","18":"pa_grinding-espresso","19":"pa_grinding-filter","20":"pa_grinding-french-press","21":"pa_grinding-moka-pot","22":"pa_grinding-pannu","23":"pa_weight-1kg","24":"pa_weight-250g","26":"first","27":"instock","28":"taxable","29":"shipping-taxable","30":"purchasable","31":"product-type-variable","32":"has-default-attributes"},"acf":[],"yoast_head":"<!-- This site is optimized with the Yoast SEO plugin v27.4 - https:\/\/yoast.com\/product\/yoast-seo-wordpress\/ -->\n<title>Freedom espresso - Cafetoria: Nordic Latin Coffee Roastery<\/title>\n<meta name=\"robots\" content=\"index, follow, max-snippet:-1, max-image-preview:large, max-video-preview:-1\" \/>\n<link rel=\"canonical\" href=\"https:\/\/cafetoria.fi\/fi\/tuote\/freedom-espresso-resistcaffeine\/\" \/>\n<meta property=\"og:locale\" content=\"fi_FI\" \/>\n<meta property=\"og:type\" content=\"article\" \/>\n<meta property=\"og:title\" content=\"Freedom espresso - Cafetoria: Nordic Latin Coffee Roastery\" \/>\n<meta property=\"og:description\" content=\"We think that the world lacked a good decaffeinated espresso. We decided to create one!\" \/>\n<meta property=\"og:url\" content=\"https:\/\/cafetoria.fi\/fi\/tuote\/freedom-espresso-resistcaffeine\/\" \/>\n<meta property=\"og:site_name\" content=\"Cafetoria: Nordic Latin Coffee Roastery\" \/>\n<meta property=\"article:publisher\" content=\"https:\/\/www.facebook.com\/cafetoriaroastery\" \/>\n<meta property=\"article:modified_time\" content=\"2026-04-15T16:15:28+00:00\" \/>\n<meta property=\"og:image\" content=\"https:\/\/cafetoria.fi\/wp-content\/uploads\/2021\/05\/freedom_Fotor.jpg\" \/>\n\t<meta property=\"og:image:width\" content=\"1500\" \/>\n\t<meta property=\"og:image:height\" content=\"1500\" \/>\n\t<meta property=\"og:image:type\" content=\"image\/jpeg\" \/>\n<meta name=\"twitter:card\" content=\"summary_large_image\" \/>\n<meta name=\"twitter:label1\" content=\"Arvioitu lukuaika\" \/>\n\t<meta name=\"twitter:data1\" content=\"1 minuutti\" \/>\n<script type=\"application\/ld+json\" class=\"yoast-schema-graph\">{\"@context\":\"https:\\\/\\\/schema.org\",\"@graph\":[{\"@type\":\"WebPage\",\"@id\":\"https:\\\/\\\/cafetoria.fi\\\/product\\\/freedom-espresso-resistcaffeine\\\/\",\"url\":\"https:\\\/\\\/cafetoria.fi\\\/product\\\/freedom-espresso-resistcaffeine\\\/\",\"name\":\"Freedom espresso - Cafetoria: Nordic Latin Coffee Roastery\",\"isPartOf\":{\"@id\":\"https:\\\/\\\/cafetoria.fi\\\/#website\"},\"primaryImageOfPage\":{\"@id\":\"https:\\\/\\\/cafetoria.fi\\\/product\\\/freedom-espresso-resistcaffeine\\\/#primaryimage\"},\"image\":{\"@id\":\"https:\\\/\\\/cafetoria.fi\\\/product\\\/freedom-espresso-resistcaffeine\\\/#primaryimage\"},\"thumbnailUrl\":\"https:\\\/\\\/cafetoria.fi\\\/wp-content\\\/uploads\\\/2021\\\/05\\\/freedom_Fotor.jpg\",\"datePublished\":\"2022-02-16T18:30:26+00:00\",\"dateModified\":\"2026-04-15T16:15:28+00:00\",\"breadcrumb\":{\"@id\":\"https:\\\/\\\/cafetoria.fi\\\/product\\\/freedom-espresso-resistcaffeine\\\/#breadcrumb\"},\"inLanguage\":\"fi\",\"potentialAction\":[{\"@type\":\"ReadAction\",\"target\":[\"https:\\\/\\\/cafetoria.fi\\\/product\\\/freedom-espresso-resistcaffeine\\\/\"]}]},{\"@type\":\"ImageObject\",\"inLanguage\":\"fi\",\"@id\":\"https:\\\/\\\/cafetoria.fi\\\/product\\\/freedom-espresso-resistcaffeine\\\/#primaryimage\",\"url\":\"https:\\\/\\\/cafetoria.fi\\\/wp-content\\\/uploads\\\/2021\\\/05\\\/freedom_Fotor.jpg\",\"contentUrl\":\"https:\\\/\\\/cafetoria.fi\\\/wp-content\\\/uploads\\\/2021\\\/05\\\/freedom_Fotor.jpg\",\"width\":1500,\"height\":1500},{\"@type\":\"BreadcrumbList\",\"@id\":\"https:\\\/\\\/cafetoria.fi\\\/product\\\/freedom-espresso-resistcaffeine\\\/#breadcrumb\",\"itemListElement\":[{\"@type\":\"ListItem\",\"position\":1,\"name\":\"Home\",\"item\":\"https:\\\/\\\/cafetoria.fi\\\/\"},{\"@type\":\"ListItem\",\"position\":2,\"name\":\"Shop\",\"item\":\"https:\\\/\\\/cafetoria.fi\\\/shop\\\/\"},{\"@type\":\"ListItem\",\"position\":3,\"name\":\"Freedom espresso\"}]},{\"@type\":\"WebSite\",\"@id\":\"https:\\\/\\\/cafetoria.fi\\\/#website\",\"url\":\"https:\\\/\\\/cafetoria.fi\\\/\",\"name\":\"Cafetoria: Nordic Latin Coffee Roastery\",\"description\":\"We roast and brew great coffees for great people\",\"publisher\":{\"@id\":\"https:\\\/\\\/cafetoria.fi\\\/#organization\"},\"potentialAction\":[{\"@type\":\"SearchAction\",\"target\":{\"@type\":\"EntryPoint\",\"urlTemplate\":\"https:\\\/\\\/cafetoria.fi\\\/?s={search_term_string}\"},\"query-input\":{\"@type\":\"PropertyValueSpecification\",\"valueRequired\":true,\"valueName\":\"search_term_string\"}}],\"inLanguage\":\"fi\"},{\"@type\":\"Organization\",\"@id\":\"https:\\\/\\\/cafetoria.fi\\\/#organization\",\"name\":\"Cafetoria: Nordic Latin Coffee Roastery\",\"url\":\"https:\\\/\\\/cafetoria.fi\\\/\",\"logo\":{\"@type\":\"ImageObject\",\"inLanguage\":\"fi\",\"@id\":\"https:\\\/\\\/cafetoria.fi\\\/#\\\/schema\\\/logo\\\/image\\\/\",\"url\":\"https:\\\/\\\/cafetoria.fi\\\/wp-content\\\/uploads\\\/2023\\\/07\\\/BACKGROUND_CAFETORIA.bmp\",\"contentUrl\":\"https:\\\/\\\/cafetoria.fi\\\/wp-content\\\/uploads\\\/2023\\\/07\\\/BACKGROUND_CAFETORIA.bmp\",\"width\":533,\"height\":497,\"caption\":\"Cafetoria: Nordic Latin Coffee Roastery\"},\"image\":{\"@id\":\"https:\\\/\\\/cafetoria.fi\\\/#\\\/schema\\\/logo\\\/image\\\/\"},\"sameAs\":[\"https:\\\/\\\/www.facebook.com\\\/cafetoriaroastery\",\"https:\\\/\\\/www.instagram.com\\\/cafetoriaroastery\\\/\"]}]}<\/script>\n<!-- \/ Yoast SEO plugin. -->","yoast_head_json":{"title":"Freedom espresso - Cafetoria: Nordic Latin Coffee Roastery","robots":{"index":"index","follow":"follow","max-snippet":"max-snippet:-1","max-image-preview":"max-image-preview:large","max-video-preview":"max-video-preview:-1"},"canonical":"https:\/\/cafetoria.fi\/fi\/tuote\/freedom-espresso-resistcaffeine\/","og_locale":"fi_FI","og_type":"article","og_title":"Freedom espresso - Cafetoria: Nordic Latin Coffee Roastery","og_description":"We think that the world lacked a good decaffeinated espresso. We decided to create one!","og_url":"https:\/\/cafetoria.fi\/fi\/tuote\/freedom-espresso-resistcaffeine\/","og_site_name":"Cafetoria: Nordic Latin Coffee Roastery","article_publisher":"https:\/\/www.facebook.com\/cafetoriaroastery","article_modified_time":"2026-04-15T16:15:28+00:00","og_image":[{"width":1500,"height":1500,"url":"https:\/\/cafetoria.fi\/wp-content\/uploads\/2021\/05\/freedom_Fotor.jpg","type":"image\/jpeg"}],"twitter_card":"summary_large_image","twitter_misc":{"Arvioitu lukuaika":"1 minuutti"},"schema":{"@context":"https:\/\/schema.org","@graph":[{"@type":"WebPage","@id":"https:\/\/cafetoria.fi\/product\/freedom-espresso-resistcaffeine\/","url":"https:\/\/cafetoria.fi\/product\/freedom-espresso-resistcaffeine\/","name":"Freedom espresso - Cafetoria: Nordic Latin Coffee Roastery","isPartOf":{"@id":"https:\/\/cafetoria.fi\/#website"},"primaryImageOfPage":{"@id":"https:\/\/cafetoria.fi\/product\/freedom-espresso-resistcaffeine\/#primaryimage"},"image":{"@id":"https:\/\/cafetoria.fi\/product\/freedom-espresso-resistcaffeine\/#primaryimage"},"thumbnailUrl":"https:\/\/cafetoria.fi\/wp-content\/uploads\/2021\/05\/freedom_Fotor.jpg","datePublished":"2022-02-16T18:30:26+00:00","dateModified":"2026-04-15T16:15:28+00:00","breadcrumb":{"@id":"https:\/\/cafetoria.fi\/product\/freedom-espresso-resistcaffeine\/#breadcrumb"},"inLanguage":"fi","potentialAction":[{"@type":"ReadAction","target":["https:\/\/cafetoria.fi\/product\/freedom-espresso-resistcaffeine\/"]}]},{"@type":"ImageObject","inLanguage":"fi","@id":"https:\/\/cafetoria.fi\/product\/freedom-espresso-resistcaffeine\/#primaryimage","url":"https:\/\/cafetoria.fi\/wp-content\/uploads\/2021\/05\/freedom_Fotor.jpg","contentUrl":"https:\/\/cafetoria.fi\/wp-content\/uploads\/2021\/05\/freedom_Fotor.jpg","width":1500,"height":1500},{"@type":"BreadcrumbList","@id":"https:\/\/cafetoria.fi\/product\/freedom-espresso-resistcaffeine\/#breadcrumb","itemListElement":[{"@type":"ListItem","position":1,"name":"Home","item":"https:\/\/cafetoria.fi\/"},{"@type":"ListItem","position":2,"name":"Shop","item":"https:\/\/cafetoria.fi\/shop\/"},{"@type":"ListItem","position":3,"name":"Freedom espresso"}]},{"@type":"WebSite","@id":"https:\/\/cafetoria.fi\/#website","url":"https:\/\/cafetoria.fi\/","name":"Cafetoria: Nordic Latin Coffee Roastery","description":"We roast and brew great coffees for great people","publisher":{"@id":"https:\/\/cafetoria.fi\/#organization"},"potentialAction":[{"@type":"SearchAction","target":{"@type":"EntryPoint","urlTemplate":"https:\/\/cafetoria.fi\/?s={search_term_string}"},"query-input":{"@type":"PropertyValueSpecification","valueRequired":true,"valueName":"search_term_string"}}],"inLanguage":"fi"},{"@type":"Organization","@id":"https:\/\/cafetoria.fi\/#organization","name":"Cafetoria: Nordic Latin Coffee Roastery","url":"https:\/\/cafetoria.fi\/","logo":{"@type":"ImageObject","inLanguage":"fi","@id":"https:\/\/cafetoria.fi\/#\/schema\/logo\/image\/","url":"https:\/\/cafetoria.fi\/wp-content\/uploads\/2023\/07\/BACKGROUND_CAFETORIA.bmp","contentUrl":"https:\/\/cafetoria.fi\/wp-content\/uploads\/2023\/07\/BACKGROUND_CAFETORIA.bmp","width":533,"height":497,"caption":"Cafetoria: Nordic Latin Coffee Roastery"},"image":{"@id":"https:\/\/cafetoria.fi\/#\/schema\/logo\/image\/"},"sameAs":["https:\/\/www.facebook.com\/cafetoriaroastery","https:\/\/www.instagram.com\/cafetoriaroastery\/"]}]}},"_links":{"self":[{"href":"https:\/\/cafetoria.fi\/fi\/wp-json\/wp\/v2\/product\/14049","targetHints":{"allow":["GET"]}}],"collection":[{"href":"https:\/\/cafetoria.fi\/fi\/wp-json\/wp\/v2\/product"}],"about":[{"href":"https:\/\/cafetoria.fi\/fi\/wp-json\/wp\/v2\/types\/product"}],"replies":[{"embeddable":true,"href":"https:\/\/cafetoria.fi\/fi\/wp-json\/wp\/v2\/comments?post=14049"}],"wp:featuredmedia":[{"embeddable":true,"href":"https:\/\/cafetoria.fi\/fi\/wp-json\/wp\/v2\/media\/1291"}],"wp:attachment":[{"href":"https:\/\/cafetoria.fi\/fi\/wp-json\/wp\/v2\/media?parent=14049"}],"wp:term":[{"taxonomy":"product_brand","embeddable":true,"href":"https:\/\/cafetoria.fi\/fi\/wp-json\/wp\/v2\/product_brand?post=14049"},{"taxonomy":"product_cat","embeddable":true,"href":"https:\/\/cafetoria.fi\/fi\/wp-json\/wp\/v2\/product_cat?post=14049"},{"taxonomy":"product_tag","embeddable":true,"href":"https:\/\/cafetoria.fi\/fi\/wp-json\/wp\/v2\/product_tag?post=14049"}],"curies":[{"name":"wp","href":"https:\/\/api.w.org\/{rel}","templated":true}]}}