{"id":14026,"date":"2022-02-16T18:30:08","date_gmt":"2022-02-16T16:30:08","guid":{"rendered":"http:\/\/new.cafetoria.fi\/?post_type=product&#038;p=14026"},"modified":"2026-03-19T11:13:46","modified_gmt":"2026-03-19T09:13:46","slug":"home-barista-course-foundation","status":"publish","type":"product","link":"https:\/\/cafetoria.fi\/fi\/tuote\/home-barista-course-foundation\/","title":{"rendered":"Kotibaristakurssi - Perusteet"},"content":{"rendered":"<div class=\"page\" title=\"Page 2\">\n<div class=\"section\">\n<div class=\"layoutArea\">\n<p data-start=\"231\" data-end=\"274\">Discover the craft behind a great espresso!<\/p>\n<p data-start=\"231\" data-end=\"274\">This practical and engaging course is designed for <strong data-start=\"327\" data-end=\"369\">home baristas and aspiring caf\u00e9 owners<\/strong> who want to deepen their understanding of espresso preparation. During the session, you will gain <strong data-start=\"468\" data-end=\"530\">hands-on experience with espresso techniques and equipment<\/strong>, while exploring the nuances of different espresso styles.<\/p>\n<p data-start=\"591\" data-end=\"734\">Together we will work toward the elusive <strong data-start=\"632\" data-end=\"652\">\u201cideal espresso\u201d<\/strong> by learning how to <strong data-start=\"672\" data-end=\"704\">taste, adjust, and calibrate<\/strong> espresso like a professional.<\/p>\n<p data-start=\"736\" data-end=\"926\">Training is conducted using <strong data-start=\"764\" data-end=\"798\">high-quality prosumer machines<\/strong>, such as the Rancilio Silvia and the Sanremo YOU, giving you the skills and confidence to reproduce \u00a0excellent espresso at home.<\/p>\n<\/div>\n<h3 data-start=\"933\" data-end=\"951\">Course content<\/h3>\n<p data-start=\"952\" data-end=\"984\">During the course we will cover:<\/p>\n<ol data-start=\"986\" data-end=\"1423\">\n<li data-start=\"986\" data-end=\"1066\">\n<p data-start=\"989\" data-end=\"1066\"><strong data-start=\"989\" data-end=\"1005\">Coffee beans<\/strong> \u2013 varieties, blends, and Italian vs Nordic roasting styles<\/p>\n<\/li>\n<li data-start=\"1067\" data-end=\"1139\">\n<p data-start=\"1070\" data-end=\"1139\"><strong data-start=\"1070\" data-end=\"1090\">Espresso tasting<\/strong> \u2013 how to recognize flavour balance and defects<\/p>\n<\/li>\n<li data-start=\"1140\" data-end=\"1215\">\n<p data-start=\"1143\" data-end=\"1215\"><strong data-start=\"1143\" data-end=\"1167\">Espresso calibration<\/strong> \u2013 grind size, dose, yield and extraction time<\/p>\n<\/li>\n<li data-start=\"1216\" data-end=\"1288\">\n<p data-start=\"1219\" data-end=\"1288\"><strong data-start=\"1219\" data-end=\"1235\">Milk foaming<\/strong> \u2013 texture and temperature for cappuccino and latte<\/p>\n<\/li>\n<li data-start=\"1289\" data-end=\"1347\">\n<p data-start=\"1292\" data-end=\"1347\"><strong data-start=\"1292\" data-end=\"1319\">Classic espresso drinks<\/strong> \u2013 preparation and recipes<\/p>\n<\/li>\n<li data-start=\"1348\" data-end=\"1423\">\n<p data-start=\"1351\" data-end=\"1423\"><strong data-start=\"1351\" data-end=\"1379\">Cleaning and maintenance<\/strong> \u2013 keeping your machine in perfect condition<\/p>\n<\/li>\n<\/ol>\n<hr data-start=\"1425\" data-end=\"1428\" \/>\n<h3 data-start=\"1430\" data-end=\"1448\">Course details<\/h3>\n<p data-start=\"1450\" data-end=\"1552\"><strong data-start=\"1450\" data-end=\"1459\">Time:<\/strong> 9:30 \u2013 12:45<br data-start=\"1472\" data-end=\"1475\" \/><strong data-start=\"1475\" data-end=\"1488\">Sijainti:<\/strong> Cafetoria \u2013 T\u00f6\u00f6l\u00f6 (Runeberginkatu 31)<br data-start=\"1526\" data-end=\"1529\" \/><strong data-start=\"1529\" data-end=\"1542\">Language:<\/strong> English<\/p>\n<ul data-start=\"1554\" data-end=\"1755\">\n<li data-start=\"1554\" data-end=\"1616\">\n<p data-start=\"1556\" data-end=\"1616\">Maximum <strong data-start=\"1564\" data-end=\"1582\">7 participants<\/strong> to ensure a hands-on experience<\/p>\n<\/li>\n<li data-start=\"1617\" data-end=\"1695\">\n<p data-start=\"1619\" data-end=\"1695\"><strong data-start=\"1619\" data-end=\"1650\">20% discount on our coffees<\/strong> for participants at the end of the session<\/p>\n<\/li>\n<li data-start=\"1696\" data-end=\"1755\">\n<p data-start=\"1698\" data-end=\"1755\">The registration fee includes <strong data-start=\"1728\" data-end=\"1755\">snacks during the break<\/strong><\/p>\n<\/li>\n<\/ul>\n<hr data-start=\"1912\" data-end=\"1915\" \/>\n<h3 data-start=\"1917\" data-end=\"1936\">Private courses<\/h3>\n<p data-start=\"1938\" data-end=\"2001\">We can also arrange <strong data-start=\"1958\" data-end=\"2000\">private sessions for groups on request<\/strong>.<\/p>\n<\/div>\n<\/div>\n<p>&nbsp;<\/p>","protected":false},"excerpt":{"rendered":"<div class=\"page\" title=\"Page 2\">\n<div class=\"section\">\n<div class=\"layoutArea\">\n<div class=\"column\">\n<p>This is a practical and effective course for home Baristas and Caf\u00e9 entrepreneurs who want to get a first hand- experience on the art of Espresso brewing and espresso equipments.<\/p>\n<\/div>\n<\/div>\n<\/div>\n<\/div>","protected":false},"featured_media":1259,"comment_status":"closed","ping_status":"closed","template":"","meta":{"_acf_changed":false,"_glsr_average":0,"_glsr_ranking":0,"_glsr_reviews":0},"product_brand":[],"product_cat":[263],"product_tag":[],"class_list":{"0":"post-14026","1":"product","2":"type-product","3":"status-publish","4":"has-post-thumbnail","6":"product_cat-courses","8":"first","9":"instock","10":"taxable","11":"shipping-taxable","12":"purchasable","13":"product-type-variable","14":"has-default-attributes"},"acf":[],"yoast_head":"<!-- This site is optimized with the Yoast SEO plugin v27.4 - https:\/\/yoast.com\/product\/yoast-seo-wordpress\/ -->\n<title>Home Barista course - Foundation - Cafetoria: Nordic Latin Coffee Roastery<\/title>\n<meta name=\"robots\" content=\"index, follow, max-snippet:-1, max-image-preview:large, max-video-preview:-1\" \/>\n<link rel=\"canonical\" href=\"https:\/\/cafetoria.fi\/fi\/tuote\/home-barista-course-foundation\/\" \/>\n<meta property=\"og:locale\" content=\"fi_FI\" \/>\n<meta property=\"og:type\" content=\"article\" \/>\n<meta property=\"og:title\" content=\"Home Barista course - Foundation - Cafetoria: Nordic Latin Coffee Roastery\" \/>\n<meta property=\"og:description\" content=\"This is a practical and effective course for home Baristas and Caf\u00e9 entrepreneurs who want to get a first hand- experience on the art of Espresso brewing and espresso equipments.\" \/>\n<meta property=\"og:url\" content=\"https:\/\/cafetoria.fi\/fi\/tuote\/home-barista-course-foundation\/\" \/>\n<meta property=\"og:site_name\" content=\"Cafetoria: Nordic Latin Coffee Roastery\" \/>\n<meta property=\"article:publisher\" content=\"https:\/\/www.facebook.com\/cafetoriaroastery\" \/>\n<meta property=\"article:modified_time\" content=\"2026-03-19T09:13:46+00:00\" \/>\n<meta property=\"og:image\" content=\"https:\/\/cafetoria.fi\/wp-content\/uploads\/2021\/05\/view_to_terrace_Fotor_Fotor.jpg\" \/>\n\t<meta property=\"og:image:width\" content=\"1000\" \/>\n\t<meta property=\"og:image:height\" content=\"999\" \/>\n\t<meta property=\"og:image:type\" content=\"image\/jpeg\" \/>\n<meta name=\"twitter:card\" content=\"summary_large_image\" \/>\n<meta name=\"twitter:label1\" content=\"Arvioitu lukuaika\" \/>\n\t<meta name=\"twitter:data1\" content=\"2 minuuttia\" \/>\n<script type=\"application\/ld+json\" class=\"yoast-schema-graph\">{\"@context\":\"https:\\\/\\\/schema.org\",\"@graph\":[{\"@type\":\"WebPage\",\"@id\":\"https:\\\/\\\/cafetoria.fi\\\/product\\\/home-barista-course-foundation\\\/\",\"url\":\"https:\\\/\\\/cafetoria.fi\\\/product\\\/home-barista-course-foundation\\\/\",\"name\":\"Home Barista course - Foundation - Cafetoria: Nordic Latin Coffee Roastery\",\"isPartOf\":{\"@id\":\"https:\\\/\\\/cafetoria.fi\\\/#website\"},\"primaryImageOfPage\":{\"@id\":\"https:\\\/\\\/cafetoria.fi\\\/product\\\/home-barista-course-foundation\\\/#primaryimage\"},\"image\":{\"@id\":\"https:\\\/\\\/cafetoria.fi\\\/product\\\/home-barista-course-foundation\\\/#primaryimage\"},\"thumbnailUrl\":\"https:\\\/\\\/cafetoria.fi\\\/wp-content\\\/uploads\\\/2021\\\/05\\\/view_to_terrace_Fotor_Fotor.jpg\",\"datePublished\":\"2022-02-16T16:30:08+00:00\",\"dateModified\":\"2026-03-19T09:13:46+00:00\",\"breadcrumb\":{\"@id\":\"https:\\\/\\\/cafetoria.fi\\\/product\\\/home-barista-course-foundation\\\/#breadcrumb\"},\"inLanguage\":\"fi\",\"potentialAction\":[{\"@type\":\"ReadAction\",\"target\":[\"https:\\\/\\\/cafetoria.fi\\\/product\\\/home-barista-course-foundation\\\/\"]}]},{\"@type\":\"ImageObject\",\"inLanguage\":\"fi\",\"@id\":\"https:\\\/\\\/cafetoria.fi\\\/product\\\/home-barista-course-foundation\\\/#primaryimage\",\"url\":\"https:\\\/\\\/cafetoria.fi\\\/wp-content\\\/uploads\\\/2021\\\/05\\\/view_to_terrace_Fotor_Fotor.jpg\",\"contentUrl\":\"https:\\\/\\\/cafetoria.fi\\\/wp-content\\\/uploads\\\/2021\\\/05\\\/view_to_terrace_Fotor_Fotor.jpg\",\"width\":1000,\"height\":999},{\"@type\":\"BreadcrumbList\",\"@id\":\"https:\\\/\\\/cafetoria.fi\\\/product\\\/home-barista-course-foundation\\\/#breadcrumb\",\"itemListElement\":[{\"@type\":\"ListItem\",\"position\":1,\"name\":\"Home\",\"item\":\"https:\\\/\\\/cafetoria.fi\\\/\"},{\"@type\":\"ListItem\",\"position\":2,\"name\":\"Shop\",\"item\":\"https:\\\/\\\/cafetoria.fi\\\/shop\\\/\"},{\"@type\":\"ListItem\",\"position\":3,\"name\":\"Home Barista course &#8211; Foundation\"}]},{\"@type\":\"WebSite\",\"@id\":\"https:\\\/\\\/cafetoria.fi\\\/#website\",\"url\":\"https:\\\/\\\/cafetoria.fi\\\/\",\"name\":\"Cafetoria: Nordic Latin Coffee Roastery\",\"description\":\"We roast and brew great coffees for great people\",\"publisher\":{\"@id\":\"https:\\\/\\\/cafetoria.fi\\\/#organization\"},\"potentialAction\":[{\"@type\":\"SearchAction\",\"target\":{\"@type\":\"EntryPoint\",\"urlTemplate\":\"https:\\\/\\\/cafetoria.fi\\\/?s={search_term_string}\"},\"query-input\":{\"@type\":\"PropertyValueSpecification\",\"valueRequired\":true,\"valueName\":\"search_term_string\"}}],\"inLanguage\":\"fi\"},{\"@type\":\"Organization\",\"@id\":\"https:\\\/\\\/cafetoria.fi\\\/#organization\",\"name\":\"Cafetoria: Nordic Latin Coffee Roastery\",\"url\":\"https:\\\/\\\/cafetoria.fi\\\/\",\"logo\":{\"@type\":\"ImageObject\",\"inLanguage\":\"fi\",\"@id\":\"https:\\\/\\\/cafetoria.fi\\\/#\\\/schema\\\/logo\\\/image\\\/\",\"url\":\"https:\\\/\\\/cafetoria.fi\\\/wp-content\\\/uploads\\\/2023\\\/07\\\/BACKGROUND_CAFETORIA.bmp\",\"contentUrl\":\"https:\\\/\\\/cafetoria.fi\\\/wp-content\\\/uploads\\\/2023\\\/07\\\/BACKGROUND_CAFETORIA.bmp\",\"width\":533,\"height\":497,\"caption\":\"Cafetoria: Nordic Latin Coffee Roastery\"},\"image\":{\"@id\":\"https:\\\/\\\/cafetoria.fi\\\/#\\\/schema\\\/logo\\\/image\\\/\"},\"sameAs\":[\"https:\\\/\\\/www.facebook.com\\\/cafetoriaroastery\",\"https:\\\/\\\/www.instagram.com\\\/cafetoriaroastery\\\/\"]}]}<\/script>\n<!-- \/ Yoast SEO plugin. -->","yoast_head_json":{"title":"Home Barista course - Foundation - Cafetoria: Nordic Latin Coffee Roastery","robots":{"index":"index","follow":"follow","max-snippet":"max-snippet:-1","max-image-preview":"max-image-preview:large","max-video-preview":"max-video-preview:-1"},"canonical":"https:\/\/cafetoria.fi\/fi\/tuote\/home-barista-course-foundation\/","og_locale":"fi_FI","og_type":"article","og_title":"Home Barista course - Foundation - Cafetoria: Nordic Latin Coffee Roastery","og_description":"This is a practical and effective course for home Baristas and Caf\u00e9 entrepreneurs who want to get a first hand- experience on the art of Espresso brewing and espresso equipments.","og_url":"https:\/\/cafetoria.fi\/fi\/tuote\/home-barista-course-foundation\/","og_site_name":"Cafetoria: Nordic Latin Coffee Roastery","article_publisher":"https:\/\/www.facebook.com\/cafetoriaroastery","article_modified_time":"2026-03-19T09:13:46+00:00","og_image":[{"width":1000,"height":999,"url":"https:\/\/cafetoria.fi\/wp-content\/uploads\/2021\/05\/view_to_terrace_Fotor_Fotor.jpg","type":"image\/jpeg"}],"twitter_card":"summary_large_image","twitter_misc":{"Arvioitu lukuaika":"2 minuuttia"},"schema":{"@context":"https:\/\/schema.org","@graph":[{"@type":"WebPage","@id":"https:\/\/cafetoria.fi\/product\/home-barista-course-foundation\/","url":"https:\/\/cafetoria.fi\/product\/home-barista-course-foundation\/","name":"Home Barista course - Foundation - Cafetoria: Nordic Latin Coffee Roastery","isPartOf":{"@id":"https:\/\/cafetoria.fi\/#website"},"primaryImageOfPage":{"@id":"https:\/\/cafetoria.fi\/product\/home-barista-course-foundation\/#primaryimage"},"image":{"@id":"https:\/\/cafetoria.fi\/product\/home-barista-course-foundation\/#primaryimage"},"thumbnailUrl":"https:\/\/cafetoria.fi\/wp-content\/uploads\/2021\/05\/view_to_terrace_Fotor_Fotor.jpg","datePublished":"2022-02-16T16:30:08+00:00","dateModified":"2026-03-19T09:13:46+00:00","breadcrumb":{"@id":"https:\/\/cafetoria.fi\/product\/home-barista-course-foundation\/#breadcrumb"},"inLanguage":"fi","potentialAction":[{"@type":"ReadAction","target":["https:\/\/cafetoria.fi\/product\/home-barista-course-foundation\/"]}]},{"@type":"ImageObject","inLanguage":"fi","@id":"https:\/\/cafetoria.fi\/product\/home-barista-course-foundation\/#primaryimage","url":"https:\/\/cafetoria.fi\/wp-content\/uploads\/2021\/05\/view_to_terrace_Fotor_Fotor.jpg","contentUrl":"https:\/\/cafetoria.fi\/wp-content\/uploads\/2021\/05\/view_to_terrace_Fotor_Fotor.jpg","width":1000,"height":999},{"@type":"BreadcrumbList","@id":"https:\/\/cafetoria.fi\/product\/home-barista-course-foundation\/#breadcrumb","itemListElement":[{"@type":"ListItem","position":1,"name":"Home","item":"https:\/\/cafetoria.fi\/"},{"@type":"ListItem","position":2,"name":"Shop","item":"https:\/\/cafetoria.fi\/shop\/"},{"@type":"ListItem","position":3,"name":"Home Barista course &#8211; Foundation"}]},{"@type":"WebSite","@id":"https:\/\/cafetoria.fi\/#website","url":"https:\/\/cafetoria.fi\/","name":"Cafetoria: Nordic Latin Coffee Roastery","description":"We roast and brew great coffees for great people","publisher":{"@id":"https:\/\/cafetoria.fi\/#organization"},"potentialAction":[{"@type":"SearchAction","target":{"@type":"EntryPoint","urlTemplate":"https:\/\/cafetoria.fi\/?s={search_term_string}"},"query-input":{"@type":"PropertyValueSpecification","valueRequired":true,"valueName":"search_term_string"}}],"inLanguage":"fi"},{"@type":"Organization","@id":"https:\/\/cafetoria.fi\/#organization","name":"Cafetoria: Nordic Latin Coffee Roastery","url":"https:\/\/cafetoria.fi\/","logo":{"@type":"ImageObject","inLanguage":"fi","@id":"https:\/\/cafetoria.fi\/#\/schema\/logo\/image\/","url":"https:\/\/cafetoria.fi\/wp-content\/uploads\/2023\/07\/BACKGROUND_CAFETORIA.bmp","contentUrl":"https:\/\/cafetoria.fi\/wp-content\/uploads\/2023\/07\/BACKGROUND_CAFETORIA.bmp","width":533,"height":497,"caption":"Cafetoria: Nordic Latin Coffee Roastery"},"image":{"@id":"https:\/\/cafetoria.fi\/#\/schema\/logo\/image\/"},"sameAs":["https:\/\/www.facebook.com\/cafetoriaroastery","https:\/\/www.instagram.com\/cafetoriaroastery\/"]}]}},"_links":{"self":[{"href":"https:\/\/cafetoria.fi\/fi\/wp-json\/wp\/v2\/product\/14026","targetHints":{"allow":["GET"]}}],"collection":[{"href":"https:\/\/cafetoria.fi\/fi\/wp-json\/wp\/v2\/product"}],"about":[{"href":"https:\/\/cafetoria.fi\/fi\/wp-json\/wp\/v2\/types\/product"}],"replies":[{"embeddable":true,"href":"https:\/\/cafetoria.fi\/fi\/wp-json\/wp\/v2\/comments?post=14026"}],"wp:featuredmedia":[{"embeddable":true,"href":"https:\/\/cafetoria.fi\/fi\/wp-json\/wp\/v2\/media\/1259"}],"wp:attachment":[{"href":"https:\/\/cafetoria.fi\/fi\/wp-json\/wp\/v2\/media?parent=14026"}],"wp:term":[{"taxonomy":"product_brand","embeddable":true,"href":"https:\/\/cafetoria.fi\/fi\/wp-json\/wp\/v2\/product_brand?post=14026"},{"taxonomy":"product_cat","embeddable":true,"href":"https:\/\/cafetoria.fi\/fi\/wp-json\/wp\/v2\/product_cat?post=14026"},{"taxonomy":"product_tag","embeddable":true,"href":"https:\/\/cafetoria.fi\/fi\/wp-json\/wp\/v2\/product_tag?post=14026"}],"curies":[{"name":"wp","href":"https:\/\/api.w.org\/{rel}","templated":true}]}}