{"id":13990,"date":"2022-02-16T18:29:48","date_gmt":"2022-02-16T18:29:48","guid":{"rendered":"http:\/\/new.cafetoria.fi\/?post_type=product&#038;p=13990"},"modified":"2026-04-11T10:54:59","modified_gmt":"2026-04-11T08:54:59","slug":"honduras-resistcaffeine","status":"publish","type":"product","link":"https:\/\/cafetoria.fi\/fi\/tuote\/honduras-resistcaffeine\/","title":{"rendered":"Honduras"},"content":{"rendered":"<p>Me rakastamme Hondurasilaisten kahvien kirkkaita ja mehukkaita aromeja, joten p\u00e4\u00e4ttelimme, ett\u00e4 tarvitsemme kofeiinittoman version, joka ilment\u00e4\u00e4 t\u00e4m\u00e4n maan sielua. Paahdamme kahvin tummaksi, jotta saamme sen hapokkuuden rauhoitettua ja sit\u00e4 kautta miellytt\u00e4v\u00e4n kupillisen. Kuitenkin s\u00e4ilyt\u00e4mme pavun oman maun, niinkuin Mexico Alturassakin, joka on monella tavalla hyvin samankaltainen kahvi. Jos pid\u00e4t yhdest\u00e4, pid\u00e4t toisestakin!<\/p>\n<ul>\n<li><strong>Alkuper\u00e4<\/strong>: Honduras<\/li>\n<li><strong>Kahvipapu:<\/strong> 100% arabica, pesty<\/li>\n<li><strong>Paahtoaste:<\/strong>\u00a0Tumma<\/li>\n<li><strong>Decaffeinated\u00a0Method:<\/strong> Swiss Water Process (kemikaalivapaa)<\/li>\n<li><strong>Sertifiointi<\/strong>: Luomu<\/li>\n<\/ul>\n<h4><a href=\"https:\/\/cafetoria.fi\/wp-content\/uploads\/2022\/07\/resist_subs-01.png\"><img decoding=\"async\" class=\"wp-image-32130 alignleft\" src=\"https:\/\/cafetoria.fi\/wp-content\/uploads\/2022\/07\/resist_subs-01-300x300.png\" alt=\"\" width=\"197\" height=\"229\" \/><\/a><strong>Save up to 20% when joining our\u00a0<a href=\"https:\/\/cafetoria.fi\/fi\/subscriptions\/\">decaf coffee subscription!<\/a><\/strong><\/h4>\n<p>#RESISTCAFFEINE on kokoelma kofeiinittomia kahveja kahvin rakastajilta kahvin rakastajille. Valitsemme laadukkaat luomupavut, kemikaalittomat kofeiinin poistomenetelm\u00e4t ja paahdamme kahvit k\u00e4sity\u00f6n\u00e4 paahtimollamme. Lopputulos: oikeasti herkullisia kofeiinittomia kahveja. Nyt voit nauttia kahvia milloin vain, miss\u00e4 vain. Love coffee, resist caffeine!<\/p>","protected":false},"excerpt":{"rendered":"<p>Get to known the flavours of Honduras through this decaf coffee!<\/p>","protected":false},"featured_media":1188,"comment_status":"open","ping_status":"closed","template":"","meta":{"_acf_changed":false,"_glsr_average":5,"_glsr_ranking":3.6363636363635998,"_glsr_reviews":1},"product_brand":[],"product_cat":[250,254,252,253],"product_tag":[48,60,49,50,61,62],"class_list":{"0":"post-13990","1":"product","2":"type-product","3":"status-publish","4":"has-post-thumbnail","6":"product_cat-coffees","7":"product_cat-decaf","8":"product_cat-organic","9":"product_cat-single-origin","10":"product_tag-decaffeinated","11":"product_tag-kofeiiniton","12":"product_tag-kofeiiniton-kahvi","13":"product_tag-luomu","14":"product_tag-luomukahvia","15":"product_tag-tumma-paahto","16":"product_shipping_class-food_class","17":"pa_grinding-aeropress","18":"pa_grinding-beans","19":"pa_grinding-espresso","20":"pa_grinding-filter","21":"pa_grinding-french-press","22":"pa_grinding-moka-pot","23":"pa_grinding-pannu","24":"pa_weight-1kg","25":"pa_weight-250g","27":"first","28":"instock","29":"taxable","30":"shipping-taxable","31":"purchasable","32":"product-type-variable","33":"has-default-attributes"},"acf":[],"yoast_head":"<!-- This site is optimized with the Yoast SEO plugin v27.4 - https:\/\/yoast.com\/product\/yoast-seo-wordpress\/ -->\n<title>Honduras - Cafetoria: Nordic Latin Coffee Roastery<\/title>\n<meta name=\"robots\" content=\"index, follow, max-snippet:-1, max-image-preview:large, max-video-preview:-1\" \/>\n<link rel=\"canonical\" href=\"https:\/\/cafetoria.fi\/fi\/tuote\/honduras-resistcaffeine\/\" \/>\n<meta property=\"og:locale\" content=\"fi_FI\" \/>\n<meta property=\"og:type\" content=\"article\" \/>\n<meta property=\"og:title\" content=\"Honduras - Cafetoria: Nordic Latin Coffee Roastery\" \/>\n<meta property=\"og:description\" content=\"Get to known the flavours of Honduras through this decaf coffee!\" \/>\n<meta property=\"og:url\" content=\"https:\/\/cafetoria.fi\/fi\/tuote\/honduras-resistcaffeine\/\" \/>\n<meta property=\"og:site_name\" content=\"Cafetoria: Nordic Latin Coffee Roastery\" \/>\n<meta property=\"article:publisher\" content=\"https:\/\/www.facebook.com\/cafetoriaroastery\" \/>\n<meta property=\"article:modified_time\" content=\"2026-04-11T08:54:59+00:00\" \/>\n<meta property=\"og:image\" content=\"https:\/\/cafetoria.fi\/wp-content\/uploads\/2021\/05\/Honduras_1.jpg\" \/>\n\t<meta property=\"og:image:width\" content=\"2000\" \/>\n\t<meta property=\"og:image:height\" content=\"2000\" \/>\n\t<meta property=\"og:image:type\" content=\"image\/jpeg\" \/>\n<meta name=\"twitter:card\" content=\"summary_large_image\" \/>\n<meta name=\"twitter:label1\" content=\"Arvioitu lukuaika\" \/>\n\t<meta name=\"twitter:data1\" content=\"2 minuuttia\" \/>\n<script type=\"application\/ld+json\" class=\"yoast-schema-graph\">{\"@context\":\"https:\\\/\\\/schema.org\",\"@graph\":[{\"@type\":\"WebPage\",\"@id\":\"https:\\\/\\\/cafetoria.fi\\\/product\\\/honduras-resistcaffeine\\\/\",\"url\":\"https:\\\/\\\/cafetoria.fi\\\/product\\\/honduras-resistcaffeine\\\/\",\"name\":\"Honduras - Cafetoria: Nordic Latin Coffee Roastery\",\"isPartOf\":{\"@id\":\"https:\\\/\\\/cafetoria.fi\\\/#website\"},\"primaryImageOfPage\":{\"@id\":\"https:\\\/\\\/cafetoria.fi\\\/product\\\/honduras-resistcaffeine\\\/#primaryimage\"},\"image\":{\"@id\":\"https:\\\/\\\/cafetoria.fi\\\/product\\\/honduras-resistcaffeine\\\/#primaryimage\"},\"thumbnailUrl\":\"https:\\\/\\\/cafetoria.fi\\\/wp-content\\\/uploads\\\/2021\\\/05\\\/Honduras_1.jpg\",\"datePublished\":\"2022-02-16T18:29:48+00:00\",\"dateModified\":\"2026-04-11T08:54:59+00:00\",\"breadcrumb\":{\"@id\":\"https:\\\/\\\/cafetoria.fi\\\/product\\\/honduras-resistcaffeine\\\/#breadcrumb\"},\"inLanguage\":\"fi\",\"potentialAction\":[{\"@type\":\"ReadAction\",\"target\":[\"https:\\\/\\\/cafetoria.fi\\\/product\\\/honduras-resistcaffeine\\\/\"]}]},{\"@type\":\"ImageObject\",\"inLanguage\":\"fi\",\"@id\":\"https:\\\/\\\/cafetoria.fi\\\/product\\\/honduras-resistcaffeine\\\/#primaryimage\",\"url\":\"https:\\\/\\\/cafetoria.fi\\\/wp-content\\\/uploads\\\/2021\\\/05\\\/Honduras_1.jpg\",\"contentUrl\":\"https:\\\/\\\/cafetoria.fi\\\/wp-content\\\/uploads\\\/2021\\\/05\\\/Honduras_1.jpg\",\"width\":2000,\"height\":2000},{\"@type\":\"BreadcrumbList\",\"@id\":\"https:\\\/\\\/cafetoria.fi\\\/product\\\/honduras-resistcaffeine\\\/#breadcrumb\",\"itemListElement\":[{\"@type\":\"ListItem\",\"position\":1,\"name\":\"Home\",\"item\":\"https:\\\/\\\/cafetoria.fi\\\/\"},{\"@type\":\"ListItem\",\"position\":2,\"name\":\"Shop\",\"item\":\"https:\\\/\\\/cafetoria.fi\\\/shop\\\/\"},{\"@type\":\"ListItem\",\"position\":3,\"name\":\"Honduras\"}]},{\"@type\":\"WebSite\",\"@id\":\"https:\\\/\\\/cafetoria.fi\\\/#website\",\"url\":\"https:\\\/\\\/cafetoria.fi\\\/\",\"name\":\"Cafetoria: Nordic Latin Coffee Roastery\",\"description\":\"We roast and brew great coffees for great people\",\"publisher\":{\"@id\":\"https:\\\/\\\/cafetoria.fi\\\/#organization\"},\"potentialAction\":[{\"@type\":\"SearchAction\",\"target\":{\"@type\":\"EntryPoint\",\"urlTemplate\":\"https:\\\/\\\/cafetoria.fi\\\/?s={search_term_string}\"},\"query-input\":{\"@type\":\"PropertyValueSpecification\",\"valueRequired\":true,\"valueName\":\"search_term_string\"}}],\"inLanguage\":\"fi\"},{\"@type\":\"Organization\",\"@id\":\"https:\\\/\\\/cafetoria.fi\\\/#organization\",\"name\":\"Cafetoria: Nordic Latin Coffee Roastery\",\"url\":\"https:\\\/\\\/cafetoria.fi\\\/\",\"logo\":{\"@type\":\"ImageObject\",\"inLanguage\":\"fi\",\"@id\":\"https:\\\/\\\/cafetoria.fi\\\/#\\\/schema\\\/logo\\\/image\\\/\",\"url\":\"https:\\\/\\\/cafetoria.fi\\\/wp-content\\\/uploads\\\/2023\\\/07\\\/BACKGROUND_CAFETORIA.bmp\",\"contentUrl\":\"https:\\\/\\\/cafetoria.fi\\\/wp-content\\\/uploads\\\/2023\\\/07\\\/BACKGROUND_CAFETORIA.bmp\",\"width\":533,\"height\":497,\"caption\":\"Cafetoria: Nordic Latin Coffee Roastery\"},\"image\":{\"@id\":\"https:\\\/\\\/cafetoria.fi\\\/#\\\/schema\\\/logo\\\/image\\\/\"},\"sameAs\":[\"https:\\\/\\\/www.facebook.com\\\/cafetoriaroastery\",\"https:\\\/\\\/www.instagram.com\\\/cafetoriaroastery\\\/\"]}]}<\/script>\n<!-- \/ Yoast SEO plugin. -->","yoast_head_json":{"title":"Honduras - Cafetoria: Nordic Latin Coffee Roastery","robots":{"index":"index","follow":"follow","max-snippet":"max-snippet:-1","max-image-preview":"max-image-preview:large","max-video-preview":"max-video-preview:-1"},"canonical":"https:\/\/cafetoria.fi\/fi\/tuote\/honduras-resistcaffeine\/","og_locale":"fi_FI","og_type":"article","og_title":"Honduras - Cafetoria: Nordic Latin Coffee Roastery","og_description":"Get to known the flavours of Honduras through this decaf coffee!","og_url":"https:\/\/cafetoria.fi\/fi\/tuote\/honduras-resistcaffeine\/","og_site_name":"Cafetoria: Nordic Latin Coffee Roastery","article_publisher":"https:\/\/www.facebook.com\/cafetoriaroastery","article_modified_time":"2026-04-11T08:54:59+00:00","og_image":[{"width":2000,"height":2000,"url":"https:\/\/cafetoria.fi\/wp-content\/uploads\/2021\/05\/Honduras_1.jpg","type":"image\/jpeg"}],"twitter_card":"summary_large_image","twitter_misc":{"Arvioitu lukuaika":"2 minuuttia"},"schema":{"@context":"https:\/\/schema.org","@graph":[{"@type":"WebPage","@id":"https:\/\/cafetoria.fi\/product\/honduras-resistcaffeine\/","url":"https:\/\/cafetoria.fi\/product\/honduras-resistcaffeine\/","name":"Honduras - Cafetoria: Nordic Latin Coffee Roastery","isPartOf":{"@id":"https:\/\/cafetoria.fi\/#website"},"primaryImageOfPage":{"@id":"https:\/\/cafetoria.fi\/product\/honduras-resistcaffeine\/#primaryimage"},"image":{"@id":"https:\/\/cafetoria.fi\/product\/honduras-resistcaffeine\/#primaryimage"},"thumbnailUrl":"https:\/\/cafetoria.fi\/wp-content\/uploads\/2021\/05\/Honduras_1.jpg","datePublished":"2022-02-16T18:29:48+00:00","dateModified":"2026-04-11T08:54:59+00:00","breadcrumb":{"@id":"https:\/\/cafetoria.fi\/product\/honduras-resistcaffeine\/#breadcrumb"},"inLanguage":"fi","potentialAction":[{"@type":"ReadAction","target":["https:\/\/cafetoria.fi\/product\/honduras-resistcaffeine\/"]}]},{"@type":"ImageObject","inLanguage":"fi","@id":"https:\/\/cafetoria.fi\/product\/honduras-resistcaffeine\/#primaryimage","url":"https:\/\/cafetoria.fi\/wp-content\/uploads\/2021\/05\/Honduras_1.jpg","contentUrl":"https:\/\/cafetoria.fi\/wp-content\/uploads\/2021\/05\/Honduras_1.jpg","width":2000,"height":2000},{"@type":"BreadcrumbList","@id":"https:\/\/cafetoria.fi\/product\/honduras-resistcaffeine\/#breadcrumb","itemListElement":[{"@type":"ListItem","position":1,"name":"Home","item":"https:\/\/cafetoria.fi\/"},{"@type":"ListItem","position":2,"name":"Shop","item":"https:\/\/cafetoria.fi\/shop\/"},{"@type":"ListItem","position":3,"name":"Honduras"}]},{"@type":"WebSite","@id":"https:\/\/cafetoria.fi\/#website","url":"https:\/\/cafetoria.fi\/","name":"Cafetoria: Nordic Latin Coffee Roastery","description":"We roast and brew great coffees for great people","publisher":{"@id":"https:\/\/cafetoria.fi\/#organization"},"potentialAction":[{"@type":"SearchAction","target":{"@type":"EntryPoint","urlTemplate":"https:\/\/cafetoria.fi\/?s={search_term_string}"},"query-input":{"@type":"PropertyValueSpecification","valueRequired":true,"valueName":"search_term_string"}}],"inLanguage":"fi"},{"@type":"Organization","@id":"https:\/\/cafetoria.fi\/#organization","name":"Cafetoria: Nordic Latin Coffee Roastery","url":"https:\/\/cafetoria.fi\/","logo":{"@type":"ImageObject","inLanguage":"fi","@id":"https:\/\/cafetoria.fi\/#\/schema\/logo\/image\/","url":"https:\/\/cafetoria.fi\/wp-content\/uploads\/2023\/07\/BACKGROUND_CAFETORIA.bmp","contentUrl":"https:\/\/cafetoria.fi\/wp-content\/uploads\/2023\/07\/BACKGROUND_CAFETORIA.bmp","width":533,"height":497,"caption":"Cafetoria: Nordic Latin Coffee Roastery"},"image":{"@id":"https:\/\/cafetoria.fi\/#\/schema\/logo\/image\/"},"sameAs":["https:\/\/www.facebook.com\/cafetoriaroastery","https:\/\/www.instagram.com\/cafetoriaroastery\/"]}]}},"_links":{"self":[{"href":"https:\/\/cafetoria.fi\/fi\/wp-json\/wp\/v2\/product\/13990","targetHints":{"allow":["GET"]}}],"collection":[{"href":"https:\/\/cafetoria.fi\/fi\/wp-json\/wp\/v2\/product"}],"about":[{"href":"https:\/\/cafetoria.fi\/fi\/wp-json\/wp\/v2\/types\/product"}],"replies":[{"embeddable":true,"href":"https:\/\/cafetoria.fi\/fi\/wp-json\/wp\/v2\/comments?post=13990"}],"wp:featuredmedia":[{"embeddable":true,"href":"https:\/\/cafetoria.fi\/fi\/wp-json\/wp\/v2\/media\/1188"}],"wp:attachment":[{"href":"https:\/\/cafetoria.fi\/fi\/wp-json\/wp\/v2\/media?parent=13990"}],"wp:term":[{"taxonomy":"product_brand","embeddable":true,"href":"https:\/\/cafetoria.fi\/fi\/wp-json\/wp\/v2\/product_brand?post=13990"},{"taxonomy":"product_cat","embeddable":true,"href":"https:\/\/cafetoria.fi\/fi\/wp-json\/wp\/v2\/product_cat?post=13990"},{"taxonomy":"product_tag","embeddable":true,"href":"https:\/\/cafetoria.fi\/fi\/wp-json\/wp\/v2\/product_tag?post=13990"}],"curies":[{"name":"wp","href":"https:\/\/api.w.org\/{rel}","templated":true}]}}