{"id":13857,"date":"2022-02-16T18:28:27","date_gmt":"2022-02-16T18:28:27","guid":{"rendered":"http:\/\/new.cafetoria.fi\/?post_type=product&#038;p=13857"},"modified":"2026-04-17T09:32:18","modified_gmt":"2026-04-17T07:32:18","slug":"espresso-gran-palomar","status":"publish","type":"product","link":"https:\/\/cafetoria.fi\/fi\/tuote\/espresso-gran-palomar\/","title":{"rendered":"Espresso Gran Palomar"},"content":{"rendered":"<p>T\u00e4m\u00e4 erikoiskahvi kasvaa korkealla Andien vuoristossa, miss\u00e4 pientuottajat viljelev\u00e4t t\u00e4t\u00e4 kahvia luomuna. Gran Palomar on vuosia kest\u00e4neen avoimen ja yst\u00e4v\u00e4llisen yhteisty\u00f6n tulos perulaisten kahvin pientuottajien kanssa, joka alkoi jo vuonna 2002. Kahvikirsikat ker\u00e4t\u00e4\u00e4n k\u00e4sin, jonka j\u00e4lkeen ne pest\u00e4\u00e4n ja kuivatetaan auringossa. Me paahdamme kahvin pieteetill\u00e4 pikkupaahtimollamme tuodaksemme kahvin suklaiset aromit runsaina esiin.<\/p>\n<ul>\n<li><strong>Tuottaja:<\/strong>\u00a0Palomar Cooperative<\/li>\n<li><strong>Sijainti:<\/strong> Chanchamayo, Peru<br \/>\n1200-1800m mpy<\/li>\n<li><strong>Kahvipapu:<\/strong> Caturra, Catimor, Gesha<\/li>\n<li><strong>Paahtoaste:<\/strong> Tumma<\/li>\n<li><strong>Sertifiointi:<\/strong> Luomu<\/li>\n<\/ul>","protected":false},"excerpt":{"rendered":"<p>Directly traded from Peruvian smallholder farmers since 2003! Can you believe it? \ud83d\ude42<\/p>","protected":false},"featured_media":922,"comment_status":"open","ping_status":"closed","template":"","meta":{"_acf_changed":false,"_glsr_average":0,"_glsr_ranking":0,"_glsr_reviews":0},"product_brand":[],"product_cat":[250,257,252,253],"product_tag":[55,70,51,64,71,72,65],"class_list":{"0":"post-13857","1":"product","2":"type-product","3":"status-publish","4":"has-post-thumbnail","6":"product_cat-coffees","7":"product_cat-espresso","8":"product_cat-organic","9":"product_cat-single-origin","10":"product_tag-espresso","11":"product_tag-luomuespresso","12":"product_tag-luomukahvi","13":"product_tag-organic","14":"product_tag-perulainen-kahvi","15":"product_tag-peruvian-coffee","16":"product_tag-single-origin","17":"product_shipping_class-food_class","18":"pa_grinding-aeropress","19":"pa_grinding-beans","20":"pa_grinding-espresso","21":"pa_grinding-filter","22":"pa_grinding-french-press","23":"pa_grinding-moka-pot","24":"pa_grinding-pannu","25":"pa_weight-1kg","26":"pa_weight-250g","28":"first","29":"instock","30":"taxable","31":"shipping-taxable","32":"purchasable","33":"product-type-variable","34":"has-default-attributes"},"acf":[],"yoast_head":"<!-- This site is optimized with the Yoast SEO plugin v27.4 - https:\/\/yoast.com\/product\/yoast-seo-wordpress\/ -->\n<title>Espresso Gran Palomar - Cafetoria: Nordic Latin Coffee Roastery<\/title>\n<meta name=\"robots\" content=\"index, follow, max-snippet:-1, max-image-preview:large, max-video-preview:-1\" \/>\n<link rel=\"canonical\" href=\"https:\/\/cafetoria.fi\/fi\/tuote\/espresso-gran-palomar\/\" \/>\n<meta property=\"og:locale\" content=\"fi_FI\" \/>\n<meta property=\"og:type\" content=\"article\" \/>\n<meta property=\"og:title\" content=\"Espresso Gran Palomar - Cafetoria: Nordic Latin Coffee Roastery\" \/>\n<meta property=\"og:description\" content=\"Directly traded from Peruvian smallholder farmers since 2003! Can you believe it? :-)\" \/>\n<meta property=\"og:url\" content=\"https:\/\/cafetoria.fi\/fi\/tuote\/espresso-gran-palomar\/\" \/>\n<meta property=\"og:site_name\" content=\"Cafetoria: Nordic Latin Coffee Roastery\" \/>\n<meta property=\"article:publisher\" content=\"https:\/\/www.facebook.com\/cafetoriaroastery\" \/>\n<meta property=\"article:modified_time\" content=\"2026-04-17T07:32:18+00:00\" \/>\n<meta property=\"og:image\" content=\"https:\/\/cafetoria.fi\/wp-content\/uploads\/2021\/05\/gran-palomar-label-GOLDEN_GREEN-01-01.png\" \/>\n\t<meta property=\"og:image:width\" content=\"1201\" \/>\n\t<meta property=\"og:image:height\" content=\"1201\" \/>\n\t<meta property=\"og:image:type\" content=\"image\/png\" \/>\n<meta name=\"twitter:card\" content=\"summary_large_image\" \/>\n<meta name=\"twitter:label1\" content=\"Arvioitu lukuaika\" \/>\n\t<meta name=\"twitter:data1\" content=\"1 minuutti\" \/>\n<script type=\"application\/ld+json\" class=\"yoast-schema-graph\">{\"@context\":\"https:\\\/\\\/schema.org\",\"@graph\":[{\"@type\":\"WebPage\",\"@id\":\"https:\\\/\\\/cafetoria.fi\\\/product\\\/espresso-gran-palomar\\\/\",\"url\":\"https:\\\/\\\/cafetoria.fi\\\/product\\\/espresso-gran-palomar\\\/\",\"name\":\"Espresso Gran Palomar - Cafetoria: Nordic Latin Coffee Roastery\",\"isPartOf\":{\"@id\":\"https:\\\/\\\/cafetoria.fi\\\/#website\"},\"primaryImageOfPage\":{\"@id\":\"https:\\\/\\\/cafetoria.fi\\\/product\\\/espresso-gran-palomar\\\/#primaryimage\"},\"image\":{\"@id\":\"https:\\\/\\\/cafetoria.fi\\\/product\\\/espresso-gran-palomar\\\/#primaryimage\"},\"thumbnailUrl\":\"https:\\\/\\\/cafetoria.fi\\\/wp-content\\\/uploads\\\/2021\\\/05\\\/gran-palomar-label-GOLDEN_GREEN-01-01.png\",\"datePublished\":\"2022-02-16T18:28:27+00:00\",\"dateModified\":\"2026-04-17T07:32:18+00:00\",\"breadcrumb\":{\"@id\":\"https:\\\/\\\/cafetoria.fi\\\/product\\\/espresso-gran-palomar\\\/#breadcrumb\"},\"inLanguage\":\"fi\",\"potentialAction\":[{\"@type\":\"ReadAction\",\"target\":[\"https:\\\/\\\/cafetoria.fi\\\/product\\\/espresso-gran-palomar\\\/\"]}]},{\"@type\":\"ImageObject\",\"inLanguage\":\"fi\",\"@id\":\"https:\\\/\\\/cafetoria.fi\\\/product\\\/espresso-gran-palomar\\\/#primaryimage\",\"url\":\"https:\\\/\\\/cafetoria.fi\\\/wp-content\\\/uploads\\\/2021\\\/05\\\/gran-palomar-label-GOLDEN_GREEN-01-01.png\",\"contentUrl\":\"https:\\\/\\\/cafetoria.fi\\\/wp-content\\\/uploads\\\/2021\\\/05\\\/gran-palomar-label-GOLDEN_GREEN-01-01.png\",\"width\":1201,\"height\":1201},{\"@type\":\"BreadcrumbList\",\"@id\":\"https:\\\/\\\/cafetoria.fi\\\/product\\\/espresso-gran-palomar\\\/#breadcrumb\",\"itemListElement\":[{\"@type\":\"ListItem\",\"position\":1,\"name\":\"Home\",\"item\":\"https:\\\/\\\/cafetoria.fi\\\/\"},{\"@type\":\"ListItem\",\"position\":2,\"name\":\"Shop\",\"item\":\"https:\\\/\\\/cafetoria.fi\\\/shop\\\/\"},{\"@type\":\"ListItem\",\"position\":3,\"name\":\"Espresso Gran Palomar\"}]},{\"@type\":\"WebSite\",\"@id\":\"https:\\\/\\\/cafetoria.fi\\\/#website\",\"url\":\"https:\\\/\\\/cafetoria.fi\\\/\",\"name\":\"Cafetoria: Nordic Latin Coffee Roastery\",\"description\":\"We roast and brew great coffees for great people\",\"publisher\":{\"@id\":\"https:\\\/\\\/cafetoria.fi\\\/#organization\"},\"potentialAction\":[{\"@type\":\"SearchAction\",\"target\":{\"@type\":\"EntryPoint\",\"urlTemplate\":\"https:\\\/\\\/cafetoria.fi\\\/?s={search_term_string}\"},\"query-input\":{\"@type\":\"PropertyValueSpecification\",\"valueRequired\":true,\"valueName\":\"search_term_string\"}}],\"inLanguage\":\"fi\"},{\"@type\":\"Organization\",\"@id\":\"https:\\\/\\\/cafetoria.fi\\\/#organization\",\"name\":\"Cafetoria: Nordic Latin Coffee Roastery\",\"url\":\"https:\\\/\\\/cafetoria.fi\\\/\",\"logo\":{\"@type\":\"ImageObject\",\"inLanguage\":\"fi\",\"@id\":\"https:\\\/\\\/cafetoria.fi\\\/#\\\/schema\\\/logo\\\/image\\\/\",\"url\":\"https:\\\/\\\/cafetoria.fi\\\/wp-content\\\/uploads\\\/2023\\\/07\\\/BACKGROUND_CAFETORIA.bmp\",\"contentUrl\":\"https:\\\/\\\/cafetoria.fi\\\/wp-content\\\/uploads\\\/2023\\\/07\\\/BACKGROUND_CAFETORIA.bmp\",\"width\":533,\"height\":497,\"caption\":\"Cafetoria: Nordic Latin Coffee Roastery\"},\"image\":{\"@id\":\"https:\\\/\\\/cafetoria.fi\\\/#\\\/schema\\\/logo\\\/image\\\/\"},\"sameAs\":[\"https:\\\/\\\/www.facebook.com\\\/cafetoriaroastery\",\"https:\\\/\\\/www.instagram.com\\\/cafetoriaroastery\\\/\"]}]}<\/script>\n<!-- \/ Yoast SEO plugin. -->","yoast_head_json":{"title":"Espresso Gran Palomar - Cafetoria: Nordic Latin Coffee Roastery","robots":{"index":"index","follow":"follow","max-snippet":"max-snippet:-1","max-image-preview":"max-image-preview:large","max-video-preview":"max-video-preview:-1"},"canonical":"https:\/\/cafetoria.fi\/fi\/tuote\/espresso-gran-palomar\/","og_locale":"fi_FI","og_type":"article","og_title":"Espresso Gran Palomar - Cafetoria: Nordic Latin Coffee Roastery","og_description":"Directly traded from Peruvian smallholder farmers since 2003! Can you believe it? :-)","og_url":"https:\/\/cafetoria.fi\/fi\/tuote\/espresso-gran-palomar\/","og_site_name":"Cafetoria: Nordic Latin Coffee Roastery","article_publisher":"https:\/\/www.facebook.com\/cafetoriaroastery","article_modified_time":"2026-04-17T07:32:18+00:00","og_image":[{"width":1201,"height":1201,"url":"https:\/\/cafetoria.fi\/wp-content\/uploads\/2021\/05\/gran-palomar-label-GOLDEN_GREEN-01-01.png","type":"image\/png"}],"twitter_card":"summary_large_image","twitter_misc":{"Arvioitu lukuaika":"1 minuutti"},"schema":{"@context":"https:\/\/schema.org","@graph":[{"@type":"WebPage","@id":"https:\/\/cafetoria.fi\/product\/espresso-gran-palomar\/","url":"https:\/\/cafetoria.fi\/product\/espresso-gran-palomar\/","name":"Espresso Gran Palomar - Cafetoria: Nordic Latin Coffee Roastery","isPartOf":{"@id":"https:\/\/cafetoria.fi\/#website"},"primaryImageOfPage":{"@id":"https:\/\/cafetoria.fi\/product\/espresso-gran-palomar\/#primaryimage"},"image":{"@id":"https:\/\/cafetoria.fi\/product\/espresso-gran-palomar\/#primaryimage"},"thumbnailUrl":"https:\/\/cafetoria.fi\/wp-content\/uploads\/2021\/05\/gran-palomar-label-GOLDEN_GREEN-01-01.png","datePublished":"2022-02-16T18:28:27+00:00","dateModified":"2026-04-17T07:32:18+00:00","breadcrumb":{"@id":"https:\/\/cafetoria.fi\/product\/espresso-gran-palomar\/#breadcrumb"},"inLanguage":"fi","potentialAction":[{"@type":"ReadAction","target":["https:\/\/cafetoria.fi\/product\/espresso-gran-palomar\/"]}]},{"@type":"ImageObject","inLanguage":"fi","@id":"https:\/\/cafetoria.fi\/product\/espresso-gran-palomar\/#primaryimage","url":"https:\/\/cafetoria.fi\/wp-content\/uploads\/2021\/05\/gran-palomar-label-GOLDEN_GREEN-01-01.png","contentUrl":"https:\/\/cafetoria.fi\/wp-content\/uploads\/2021\/05\/gran-palomar-label-GOLDEN_GREEN-01-01.png","width":1201,"height":1201},{"@type":"BreadcrumbList","@id":"https:\/\/cafetoria.fi\/product\/espresso-gran-palomar\/#breadcrumb","itemListElement":[{"@type":"ListItem","position":1,"name":"Home","item":"https:\/\/cafetoria.fi\/"},{"@type":"ListItem","position":2,"name":"Shop","item":"https:\/\/cafetoria.fi\/shop\/"},{"@type":"ListItem","position":3,"name":"Espresso Gran Palomar"}]},{"@type":"WebSite","@id":"https:\/\/cafetoria.fi\/#website","url":"https:\/\/cafetoria.fi\/","name":"Cafetoria: Nordic Latin Coffee Roastery","description":"We roast and brew great coffees for great people","publisher":{"@id":"https:\/\/cafetoria.fi\/#organization"},"potentialAction":[{"@type":"SearchAction","target":{"@type":"EntryPoint","urlTemplate":"https:\/\/cafetoria.fi\/?s={search_term_string}"},"query-input":{"@type":"PropertyValueSpecification","valueRequired":true,"valueName":"search_term_string"}}],"inLanguage":"fi"},{"@type":"Organization","@id":"https:\/\/cafetoria.fi\/#organization","name":"Cafetoria: Nordic Latin Coffee Roastery","url":"https:\/\/cafetoria.fi\/","logo":{"@type":"ImageObject","inLanguage":"fi","@id":"https:\/\/cafetoria.fi\/#\/schema\/logo\/image\/","url":"https:\/\/cafetoria.fi\/wp-content\/uploads\/2023\/07\/BACKGROUND_CAFETORIA.bmp","contentUrl":"https:\/\/cafetoria.fi\/wp-content\/uploads\/2023\/07\/BACKGROUND_CAFETORIA.bmp","width":533,"height":497,"caption":"Cafetoria: Nordic Latin Coffee Roastery"},"image":{"@id":"https:\/\/cafetoria.fi\/#\/schema\/logo\/image\/"},"sameAs":["https:\/\/www.facebook.com\/cafetoriaroastery","https:\/\/www.instagram.com\/cafetoriaroastery\/"]}]}},"_links":{"self":[{"href":"https:\/\/cafetoria.fi\/fi\/wp-json\/wp\/v2\/product\/13857","targetHints":{"allow":["GET"]}}],"collection":[{"href":"https:\/\/cafetoria.fi\/fi\/wp-json\/wp\/v2\/product"}],"about":[{"href":"https:\/\/cafetoria.fi\/fi\/wp-json\/wp\/v2\/types\/product"}],"replies":[{"embeddable":true,"href":"https:\/\/cafetoria.fi\/fi\/wp-json\/wp\/v2\/comments?post=13857"}],"wp:featuredmedia":[{"embeddable":true,"href":"https:\/\/cafetoria.fi\/fi\/wp-json\/wp\/v2\/media\/922"}],"wp:attachment":[{"href":"https:\/\/cafetoria.fi\/fi\/wp-json\/wp\/v2\/media?parent=13857"}],"wp:term":[{"taxonomy":"product_brand","embeddable":true,"href":"https:\/\/cafetoria.fi\/fi\/wp-json\/wp\/v2\/product_brand?post=13857"},{"taxonomy":"product_cat","embeddable":true,"href":"https:\/\/cafetoria.fi\/fi\/wp-json\/wp\/v2\/product_cat?post=13857"},{"taxonomy":"product_tag","embeddable":true,"href":"https:\/\/cafetoria.fi\/fi\/wp-json\/wp\/v2\/product_tag?post=13857"}],"curies":[{"name":"wp","href":"https:\/\/api.w.org\/{rel}","templated":true}]}}