{"id":13855,"date":"2022-02-16T18:28:27","date_gmt":"2022-02-16T18:28:27","guid":{"rendered":"http:\/\/new.cafetoria.fi\/?post_type=product&#038;p=13855"},"modified":"2025-02-11T11:01:43","modified_gmt":"2025-02-11T09:01:43","slug":"espresso-caramelo","status":"publish","type":"product","link":"https:\/\/cafetoria.fi\/fi\/tuote\/espresso-caramelo\/","title":{"rendered":"Espresso Caramelo"},"content":{"rendered":"<p>Latino-Amerikkalainen iloisen r\u00e4iskyv\u00e4 sielu kahviin kaapattuna. Caramelo on sekoitus nelj\u00e4\u00e4 erilaista Etel\u00e4-Amerikkalaista papua, jotka yhdistyv\u00e4t makeaksi, tasapainoiseksi ja ennen kaikkea herkulliseksi espressoksi, joka loistaa my\u00f6s maidon kanssa!<\/p>\n<ul>\n<li><strong>Alkuper\u00e4<\/strong>: Panama, Nicaragua, Brasilia, Kolumbia<\/li>\n<li><strong>Kahvipapu:<\/strong> 100% arabica<\/li>\n<li><strong>Paahtoaste:<\/strong> Medium<\/li>\n<\/ul>","protected":false},"excerpt":{"rendered":"<p>The happy and sweet Latino spirit is captured in this blend made out of four different Latin American coffees<\/p>","protected":false},"featured_media":910,"comment_status":"open","ping_status":"closed","template":"","meta":{"_acf_changed":false,"_glsr_average":0,"_glsr_ranking":0,"_glsr_reviews":0},"product_brand":[],"product_cat":[250,257],"product_tag":[68],"class_list":{"0":"post-13855","1":"product","2":"type-product","3":"status-publish","4":"has-post-thumbnail","6":"product_cat-coffees","7":"product_cat-espresso","8":"product_tag-espresso-blend","9":"product_shipping_class-food_class","10":"pa_grinding-aeropress","11":"pa_grinding-beans","12":"pa_grinding-espresso","13":"pa_grinding-filter","14":"pa_grinding-french-press","15":"pa_grinding-moka-pot","16":"pa_grinding-pannu","17":"pa_weight-1kg","18":"pa_weight-250g","20":"first","21":"instock","22":"taxable","23":"shipping-taxable","24":"purchasable","25":"product-type-variable","26":"has-default-attributes"},"acf":[],"yoast_head":"<!-- This site is optimized with the Yoast SEO plugin v27.4 - https:\/\/yoast.com\/product\/yoast-seo-wordpress\/ -->\n<title>Espresso Caramelo - Cafetoria: Nordic Latin Coffee Roastery<\/title>\n<meta name=\"robots\" content=\"index, follow, max-snippet:-1, max-image-preview:large, max-video-preview:-1\" \/>\n<link rel=\"canonical\" href=\"https:\/\/cafetoria.fi\/fi\/tuote\/espresso-caramelo\/\" \/>\n<meta property=\"og:locale\" content=\"fi_FI\" \/>\n<meta property=\"og:type\" content=\"article\" \/>\n<meta property=\"og:title\" content=\"Espresso Caramelo - Cafetoria: Nordic Latin Coffee Roastery\" \/>\n<meta property=\"og:description\" content=\"The happy and sweet Latino spirit is captured in this blend made out of four different Latin American coffees\" \/>\n<meta property=\"og:url\" content=\"https:\/\/cafetoria.fi\/fi\/tuote\/espresso-caramelo\/\" \/>\n<meta property=\"og:site_name\" content=\"Cafetoria: Nordic Latin Coffee Roastery\" \/>\n<meta property=\"article:publisher\" content=\"https:\/\/www.facebook.com\/cafetoriaroastery\" \/>\n<meta property=\"article:modified_time\" content=\"2025-02-11T09:01:43+00:00\" \/>\n<meta property=\"og:image\" content=\"https:\/\/cafetoria.fi\/wp-content\/uploads\/2021\/05\/caramelo.png\" \/>\n\t<meta property=\"og:image:width\" content=\"900\" \/>\n\t<meta property=\"og:image:height\" content=\"899\" \/>\n\t<meta property=\"og:image:type\" content=\"image\/png\" \/>\n<meta name=\"twitter:card\" content=\"summary_large_image\" \/>\n<meta name=\"twitter:label1\" content=\"Arvioitu lukuaika\" \/>\n\t<meta name=\"twitter:data1\" content=\"1 minuutti\" \/>\n<script type=\"application\/ld+json\" class=\"yoast-schema-graph\">{\"@context\":\"https:\\\/\\\/schema.org\",\"@graph\":[{\"@type\":\"WebPage\",\"@id\":\"https:\\\/\\\/cafetoria.fi\\\/product\\\/espresso-caramelo\\\/\",\"url\":\"https:\\\/\\\/cafetoria.fi\\\/product\\\/espresso-caramelo\\\/\",\"name\":\"Espresso Caramelo - Cafetoria: Nordic Latin Coffee Roastery\",\"isPartOf\":{\"@id\":\"https:\\\/\\\/cafetoria.fi\\\/#website\"},\"primaryImageOfPage\":{\"@id\":\"https:\\\/\\\/cafetoria.fi\\\/product\\\/espresso-caramelo\\\/#primaryimage\"},\"image\":{\"@id\":\"https:\\\/\\\/cafetoria.fi\\\/product\\\/espresso-caramelo\\\/#primaryimage\"},\"thumbnailUrl\":\"https:\\\/\\\/cafetoria.fi\\\/wp-content\\\/uploads\\\/2021\\\/05\\\/caramelo.png\",\"datePublished\":\"2022-02-16T18:28:27+00:00\",\"dateModified\":\"2025-02-11T09:01:43+00:00\",\"breadcrumb\":{\"@id\":\"https:\\\/\\\/cafetoria.fi\\\/product\\\/espresso-caramelo\\\/#breadcrumb\"},\"inLanguage\":\"fi\",\"potentialAction\":[{\"@type\":\"ReadAction\",\"target\":[\"https:\\\/\\\/cafetoria.fi\\\/product\\\/espresso-caramelo\\\/\"]}]},{\"@type\":\"ImageObject\",\"inLanguage\":\"fi\",\"@id\":\"https:\\\/\\\/cafetoria.fi\\\/product\\\/espresso-caramelo\\\/#primaryimage\",\"url\":\"https:\\\/\\\/cafetoria.fi\\\/wp-content\\\/uploads\\\/2021\\\/05\\\/caramelo.png\",\"contentUrl\":\"https:\\\/\\\/cafetoria.fi\\\/wp-content\\\/uploads\\\/2021\\\/05\\\/caramelo.png\",\"width\":900,\"height\":899},{\"@type\":\"BreadcrumbList\",\"@id\":\"https:\\\/\\\/cafetoria.fi\\\/product\\\/espresso-caramelo\\\/#breadcrumb\",\"itemListElement\":[{\"@type\":\"ListItem\",\"position\":1,\"name\":\"Home\",\"item\":\"https:\\\/\\\/cafetoria.fi\\\/\"},{\"@type\":\"ListItem\",\"position\":2,\"name\":\"Shop\",\"item\":\"https:\\\/\\\/cafetoria.fi\\\/shop\\\/\"},{\"@type\":\"ListItem\",\"position\":3,\"name\":\"Espresso Caramelo\"}]},{\"@type\":\"WebSite\",\"@id\":\"https:\\\/\\\/cafetoria.fi\\\/#website\",\"url\":\"https:\\\/\\\/cafetoria.fi\\\/\",\"name\":\"Cafetoria: Nordic Latin Coffee Roastery\",\"description\":\"We roast and brew great coffees for great people\",\"publisher\":{\"@id\":\"https:\\\/\\\/cafetoria.fi\\\/#organization\"},\"potentialAction\":[{\"@type\":\"SearchAction\",\"target\":{\"@type\":\"EntryPoint\",\"urlTemplate\":\"https:\\\/\\\/cafetoria.fi\\\/?s={search_term_string}\"},\"query-input\":{\"@type\":\"PropertyValueSpecification\",\"valueRequired\":true,\"valueName\":\"search_term_string\"}}],\"inLanguage\":\"fi\"},{\"@type\":\"Organization\",\"@id\":\"https:\\\/\\\/cafetoria.fi\\\/#organization\",\"name\":\"Cafetoria: Nordic Latin Coffee Roastery\",\"url\":\"https:\\\/\\\/cafetoria.fi\\\/\",\"logo\":{\"@type\":\"ImageObject\",\"inLanguage\":\"fi\",\"@id\":\"https:\\\/\\\/cafetoria.fi\\\/#\\\/schema\\\/logo\\\/image\\\/\",\"url\":\"https:\\\/\\\/cafetoria.fi\\\/wp-content\\\/uploads\\\/2023\\\/07\\\/BACKGROUND_CAFETORIA.bmp\",\"contentUrl\":\"https:\\\/\\\/cafetoria.fi\\\/wp-content\\\/uploads\\\/2023\\\/07\\\/BACKGROUND_CAFETORIA.bmp\",\"width\":533,\"height\":497,\"caption\":\"Cafetoria: Nordic Latin Coffee Roastery\"},\"image\":{\"@id\":\"https:\\\/\\\/cafetoria.fi\\\/#\\\/schema\\\/logo\\\/image\\\/\"},\"sameAs\":[\"https:\\\/\\\/www.facebook.com\\\/cafetoriaroastery\",\"https:\\\/\\\/www.instagram.com\\\/cafetoriaroastery\\\/\"]}]}<\/script>\n<!-- \/ Yoast SEO plugin. -->","yoast_head_json":{"title":"Espresso Caramelo - Cafetoria: Nordic Latin Coffee Roastery","robots":{"index":"index","follow":"follow","max-snippet":"max-snippet:-1","max-image-preview":"max-image-preview:large","max-video-preview":"max-video-preview:-1"},"canonical":"https:\/\/cafetoria.fi\/fi\/tuote\/espresso-caramelo\/","og_locale":"fi_FI","og_type":"article","og_title":"Espresso Caramelo - Cafetoria: Nordic Latin Coffee Roastery","og_description":"The happy and sweet Latino spirit is captured in this blend made out of four different Latin American coffees","og_url":"https:\/\/cafetoria.fi\/fi\/tuote\/espresso-caramelo\/","og_site_name":"Cafetoria: Nordic Latin Coffee Roastery","article_publisher":"https:\/\/www.facebook.com\/cafetoriaroastery","article_modified_time":"2025-02-11T09:01:43+00:00","og_image":[{"width":900,"height":899,"url":"https:\/\/cafetoria.fi\/wp-content\/uploads\/2021\/05\/caramelo.png","type":"image\/png"}],"twitter_card":"summary_large_image","twitter_misc":{"Arvioitu lukuaika":"1 minuutti"},"schema":{"@context":"https:\/\/schema.org","@graph":[{"@type":"WebPage","@id":"https:\/\/cafetoria.fi\/product\/espresso-caramelo\/","url":"https:\/\/cafetoria.fi\/product\/espresso-caramelo\/","name":"Espresso Caramelo - Cafetoria: Nordic Latin Coffee Roastery","isPartOf":{"@id":"https:\/\/cafetoria.fi\/#website"},"primaryImageOfPage":{"@id":"https:\/\/cafetoria.fi\/product\/espresso-caramelo\/#primaryimage"},"image":{"@id":"https:\/\/cafetoria.fi\/product\/espresso-caramelo\/#primaryimage"},"thumbnailUrl":"https:\/\/cafetoria.fi\/wp-content\/uploads\/2021\/05\/caramelo.png","datePublished":"2022-02-16T18:28:27+00:00","dateModified":"2025-02-11T09:01:43+00:00","breadcrumb":{"@id":"https:\/\/cafetoria.fi\/product\/espresso-caramelo\/#breadcrumb"},"inLanguage":"fi","potentialAction":[{"@type":"ReadAction","target":["https:\/\/cafetoria.fi\/product\/espresso-caramelo\/"]}]},{"@type":"ImageObject","inLanguage":"fi","@id":"https:\/\/cafetoria.fi\/product\/espresso-caramelo\/#primaryimage","url":"https:\/\/cafetoria.fi\/wp-content\/uploads\/2021\/05\/caramelo.png","contentUrl":"https:\/\/cafetoria.fi\/wp-content\/uploads\/2021\/05\/caramelo.png","width":900,"height":899},{"@type":"BreadcrumbList","@id":"https:\/\/cafetoria.fi\/product\/espresso-caramelo\/#breadcrumb","itemListElement":[{"@type":"ListItem","position":1,"name":"Home","item":"https:\/\/cafetoria.fi\/"},{"@type":"ListItem","position":2,"name":"Shop","item":"https:\/\/cafetoria.fi\/shop\/"},{"@type":"ListItem","position":3,"name":"Espresso Caramelo"}]},{"@type":"WebSite","@id":"https:\/\/cafetoria.fi\/#website","url":"https:\/\/cafetoria.fi\/","name":"Cafetoria: Nordic Latin Coffee Roastery","description":"We roast and brew great coffees for great people","publisher":{"@id":"https:\/\/cafetoria.fi\/#organization"},"potentialAction":[{"@type":"SearchAction","target":{"@type":"EntryPoint","urlTemplate":"https:\/\/cafetoria.fi\/?s={search_term_string}"},"query-input":{"@type":"PropertyValueSpecification","valueRequired":true,"valueName":"search_term_string"}}],"inLanguage":"fi"},{"@type":"Organization","@id":"https:\/\/cafetoria.fi\/#organization","name":"Cafetoria: Nordic Latin Coffee Roastery","url":"https:\/\/cafetoria.fi\/","logo":{"@type":"ImageObject","inLanguage":"fi","@id":"https:\/\/cafetoria.fi\/#\/schema\/logo\/image\/","url":"https:\/\/cafetoria.fi\/wp-content\/uploads\/2023\/07\/BACKGROUND_CAFETORIA.bmp","contentUrl":"https:\/\/cafetoria.fi\/wp-content\/uploads\/2023\/07\/BACKGROUND_CAFETORIA.bmp","width":533,"height":497,"caption":"Cafetoria: Nordic Latin Coffee Roastery"},"image":{"@id":"https:\/\/cafetoria.fi\/#\/schema\/logo\/image\/"},"sameAs":["https:\/\/www.facebook.com\/cafetoriaroastery","https:\/\/www.instagram.com\/cafetoriaroastery\/"]}]}},"_links":{"self":[{"href":"https:\/\/cafetoria.fi\/fi\/wp-json\/wp\/v2\/product\/13855","targetHints":{"allow":["GET"]}}],"collection":[{"href":"https:\/\/cafetoria.fi\/fi\/wp-json\/wp\/v2\/product"}],"about":[{"href":"https:\/\/cafetoria.fi\/fi\/wp-json\/wp\/v2\/types\/product"}],"replies":[{"embeddable":true,"href":"https:\/\/cafetoria.fi\/fi\/wp-json\/wp\/v2\/comments?post=13855"}],"wp:featuredmedia":[{"embeddable":true,"href":"https:\/\/cafetoria.fi\/fi\/wp-json\/wp\/v2\/media\/910"}],"wp:attachment":[{"href":"https:\/\/cafetoria.fi\/fi\/wp-json\/wp\/v2\/media?parent=13855"}],"wp:term":[{"taxonomy":"product_brand","embeddable":true,"href":"https:\/\/cafetoria.fi\/fi\/wp-json\/wp\/v2\/product_brand?post=13855"},{"taxonomy":"product_cat","embeddable":true,"href":"https:\/\/cafetoria.fi\/fi\/wp-json\/wp\/v2\/product_cat?post=13855"},{"taxonomy":"product_tag","embeddable":true,"href":"https:\/\/cafetoria.fi\/fi\/wp-json\/wp\/v2\/product_tag?post=13855"}],"curies":[{"name":"wp","href":"https:\/\/api.w.org\/{rel}","templated":true}]}}