{"id":13854,"date":"2022-02-16T18:28:27","date_gmt":"2022-02-16T18:28:27","guid":{"rendered":"http:\/\/new.cafetoria.fi\/?post_type=product&#038;p=13854"},"modified":"2025-02-11T11:00:42","modified_gmt":"2025-02-11T09:00:42","slug":"espresso-7-espresso-italiano","status":"publish","type":"product","link":"https:\/\/cafetoria.fi\/fi\/tuote\/espresso-7-espresso-italiano\/","title":{"rendered":"Espresso 7"},"content":{"rendered":"<p>Miksi juuri seitsem\u00e4n? Koska k\u00e4yt\u00e4mme seitsem\u00e4\u00e4 erilaista kahvipapua, mukaan lukien kolmea korkealaatuista Robustaa ja onhan 7 onnekas numero! T\u00e4ht\u00e4imess\u00e4mme oli luoda diplomaattinen kahvi, joka on herkk\u00e4 ja sopii jokaiseen tilanteeseen, mutta on kuitenkin kiinnostava. Ensimm\u00e4inen Espresso 7 versio julkistettiin vuonna 2008 ja siit\u00e4 asti olemme kehitt\u00e4neet t\u00e4ydellist\u00e4 Italialaista espressoa.<\/p>\n<p>Espresso 7 on todellinen Italialainen espresso ja osa VIVA ITALIA:a, meid\u00e4n kokoelmamme Italialaistyylisi\u00e4 espressoja, jotka valmistetaan korkealaatuisista kahveipavuista ja paahdetaan Suomessa.<\/p>\n<ul>\n<li><strong>Alkuper\u00e4:<\/strong> Brasilia, Kamerun, Intia, Uganda, Ruanda, Nicaragua, Norsunluurannikko<\/li>\n<li><strong>Kahvipapu:<\/strong> 70% arabica, 30% robusta<\/li>\n<li><strong>Paahtoaste:<\/strong>\u00a0Tumma<\/li>\n<\/ul>\n<p><strong>VIVA ITALIA<br \/>\n<\/strong>VIVA ITALIA \u00a0displays our appreciation and love of Italian style espresso and traditional coffee culture. Every coffee inside this collection is the result of inspirational coffee trips to different corners of Italy sipping different coffees, enjoying traditions and its culture. We always return to Finland carrying a bit of the Italian soul which we use as an important ingredient to continue developing our own vision of Italian espresso.<\/p>","protected":false},"excerpt":{"rendered":"<p>Espresso 7 on todellinen Italialainen espresso ja osa VIVA ITALIA:a, meid\u00e4n kokoelmamme Italialaistyylisi\u00e4 espressoja, jotka valmistetaan korkealaatuisista kahveipavuista ja paahdetaan Suomessa.<\/p>","protected":false},"featured_media":909,"comment_status":"open","ping_status":"closed","template":"","meta":{"_acf_changed":false,"_glsr_average":5,"_glsr_ranking":3.6363636363635998,"_glsr_reviews":1},"product_brand":[],"product_cat":[250,257,325],"product_tag":[63],"class_list":{"0":"post-13854","1":"product","2":"type-product","3":"status-publish","4":"has-post-thumbnail","6":"product_cat-coffees","7":"product_cat-espresso","8":"product_cat-italian-espressos","9":"product_tag-espresso-italiano","10":"product_shipping_class-food_class","11":"pa_grinding-aeropress","12":"pa_grinding-beans","13":"pa_grinding-espresso","14":"pa_grinding-filter","15":"pa_grinding-french-press","16":"pa_grinding-moka-pot","17":"pa_grinding-pannu","18":"pa_weight-1kg","19":"pa_weight-250g","21":"first","22":"instock","23":"taxable","24":"shipping-taxable","25":"purchasable","26":"product-type-variable","27":"has-default-attributes"},"acf":[],"yoast_head":"<!-- This site is optimized with the Yoast SEO plugin v27.4 - https:\/\/yoast.com\/product\/yoast-seo-wordpress\/ -->\n<title>Espresso 7 - Cafetoria: Nordic Latin Coffee Roastery<\/title>\n<meta name=\"robots\" content=\"index, follow, max-snippet:-1, max-image-preview:large, max-video-preview:-1\" \/>\n<link rel=\"canonical\" href=\"https:\/\/cafetoria.fi\/fi\/tuote\/espresso-7-espresso-italiano\/\" \/>\n<meta property=\"og:locale\" content=\"fi_FI\" \/>\n<meta property=\"og:type\" content=\"article\" \/>\n<meta property=\"og:title\" content=\"Espresso 7 - Cafetoria: Nordic Latin Coffee Roastery\" \/>\n<meta property=\"og:description\" content=\"Espresso 7 is a true Italian espresso and part of VIVA ITALIA, our collection of Italian style espressos made of high quality coffees and roasted in Finland.\" \/>\n<meta property=\"og:url\" content=\"https:\/\/cafetoria.fi\/fi\/tuote\/espresso-7-espresso-italiano\/\" \/>\n<meta property=\"og:site_name\" content=\"Cafetoria: Nordic Latin Coffee Roastery\" \/>\n<meta property=\"article:publisher\" content=\"https:\/\/www.facebook.com\/cafetoriaroastery\" \/>\n<meta property=\"article:modified_time\" content=\"2025-02-11T09:00:42+00:00\" \/>\n<meta property=\"og:image\" content=\"https:\/\/cafetoria.fi\/wp-content\/uploads\/2021\/05\/e7-02.png\" \/>\n\t<meta property=\"og:image:width\" content=\"401\" \/>\n\t<meta property=\"og:image:height\" content=\"402\" \/>\n\t<meta property=\"og:image:type\" content=\"image\/png\" \/>\n<meta name=\"twitter:card\" content=\"summary_large_image\" \/>\n<meta name=\"twitter:label1\" content=\"Arvioitu lukuaika\" \/>\n\t<meta name=\"twitter:data1\" content=\"1 minuutti\" \/>\n<script type=\"application\/ld+json\" class=\"yoast-schema-graph\">{\"@context\":\"https:\\\/\\\/schema.org\",\"@graph\":[{\"@type\":\"WebPage\",\"@id\":\"https:\\\/\\\/cafetoria.fi\\\/product\\\/espresso-7-espresso-italiano\\\/\",\"url\":\"https:\\\/\\\/cafetoria.fi\\\/product\\\/espresso-7-espresso-italiano\\\/\",\"name\":\"Espresso 7 - Cafetoria: Nordic Latin Coffee Roastery\",\"isPartOf\":{\"@id\":\"https:\\\/\\\/cafetoria.fi\\\/#website\"},\"primaryImageOfPage\":{\"@id\":\"https:\\\/\\\/cafetoria.fi\\\/product\\\/espresso-7-espresso-italiano\\\/#primaryimage\"},\"image\":{\"@id\":\"https:\\\/\\\/cafetoria.fi\\\/product\\\/espresso-7-espresso-italiano\\\/#primaryimage\"},\"thumbnailUrl\":\"https:\\\/\\\/cafetoria.fi\\\/wp-content\\\/uploads\\\/2021\\\/05\\\/e7-02.png\",\"datePublished\":\"2022-02-16T18:28:27+00:00\",\"dateModified\":\"2025-02-11T09:00:42+00:00\",\"breadcrumb\":{\"@id\":\"https:\\\/\\\/cafetoria.fi\\\/product\\\/espresso-7-espresso-italiano\\\/#breadcrumb\"},\"inLanguage\":\"fi\",\"potentialAction\":[{\"@type\":\"ReadAction\",\"target\":[\"https:\\\/\\\/cafetoria.fi\\\/product\\\/espresso-7-espresso-italiano\\\/\"]}]},{\"@type\":\"ImageObject\",\"inLanguage\":\"fi\",\"@id\":\"https:\\\/\\\/cafetoria.fi\\\/product\\\/espresso-7-espresso-italiano\\\/#primaryimage\",\"url\":\"https:\\\/\\\/cafetoria.fi\\\/wp-content\\\/uploads\\\/2021\\\/05\\\/e7-02.png\",\"contentUrl\":\"https:\\\/\\\/cafetoria.fi\\\/wp-content\\\/uploads\\\/2021\\\/05\\\/e7-02.png\",\"width\":401,\"height\":402},{\"@type\":\"BreadcrumbList\",\"@id\":\"https:\\\/\\\/cafetoria.fi\\\/product\\\/espresso-7-espresso-italiano\\\/#breadcrumb\",\"itemListElement\":[{\"@type\":\"ListItem\",\"position\":1,\"name\":\"Home\",\"item\":\"https:\\\/\\\/cafetoria.fi\\\/\"},{\"@type\":\"ListItem\",\"position\":2,\"name\":\"Shop\",\"item\":\"https:\\\/\\\/cafetoria.fi\\\/shop\\\/\"},{\"@type\":\"ListItem\",\"position\":3,\"name\":\"Espresso 7\"}]},{\"@type\":\"WebSite\",\"@id\":\"https:\\\/\\\/cafetoria.fi\\\/#website\",\"url\":\"https:\\\/\\\/cafetoria.fi\\\/\",\"name\":\"Cafetoria: Nordic Latin Coffee Roastery\",\"description\":\"We roast and brew great coffees for great people\",\"publisher\":{\"@id\":\"https:\\\/\\\/cafetoria.fi\\\/#organization\"},\"potentialAction\":[{\"@type\":\"SearchAction\",\"target\":{\"@type\":\"EntryPoint\",\"urlTemplate\":\"https:\\\/\\\/cafetoria.fi\\\/?s={search_term_string}\"},\"query-input\":{\"@type\":\"PropertyValueSpecification\",\"valueRequired\":true,\"valueName\":\"search_term_string\"}}],\"inLanguage\":\"fi\"},{\"@type\":\"Organization\",\"@id\":\"https:\\\/\\\/cafetoria.fi\\\/#organization\",\"name\":\"Cafetoria: Nordic Latin Coffee Roastery\",\"url\":\"https:\\\/\\\/cafetoria.fi\\\/\",\"logo\":{\"@type\":\"ImageObject\",\"inLanguage\":\"fi\",\"@id\":\"https:\\\/\\\/cafetoria.fi\\\/#\\\/schema\\\/logo\\\/image\\\/\",\"url\":\"https:\\\/\\\/cafetoria.fi\\\/wp-content\\\/uploads\\\/2023\\\/07\\\/BACKGROUND_CAFETORIA.bmp\",\"contentUrl\":\"https:\\\/\\\/cafetoria.fi\\\/wp-content\\\/uploads\\\/2023\\\/07\\\/BACKGROUND_CAFETORIA.bmp\",\"width\":533,\"height\":497,\"caption\":\"Cafetoria: Nordic Latin Coffee Roastery\"},\"image\":{\"@id\":\"https:\\\/\\\/cafetoria.fi\\\/#\\\/schema\\\/logo\\\/image\\\/\"},\"sameAs\":[\"https:\\\/\\\/www.facebook.com\\\/cafetoriaroastery\",\"https:\\\/\\\/www.instagram.com\\\/cafetoriaroastery\\\/\"]}]}<\/script>\n<!-- \/ Yoast SEO plugin. -->","yoast_head_json":{"title":"Espresso 7 - Cafetoria: Nordic Latin Coffee Roastery","robots":{"index":"index","follow":"follow","max-snippet":"max-snippet:-1","max-image-preview":"max-image-preview:large","max-video-preview":"max-video-preview:-1"},"canonical":"https:\/\/cafetoria.fi\/fi\/tuote\/espresso-7-espresso-italiano\/","og_locale":"fi_FI","og_type":"article","og_title":"Espresso 7 - Cafetoria: Nordic Latin Coffee Roastery","og_description":"Espresso 7 is a true Italian espresso and part of VIVA ITALIA, our collection of Italian style espressos made of high quality coffees and roasted in Finland.","og_url":"https:\/\/cafetoria.fi\/fi\/tuote\/espresso-7-espresso-italiano\/","og_site_name":"Cafetoria: Nordic Latin Coffee Roastery","article_publisher":"https:\/\/www.facebook.com\/cafetoriaroastery","article_modified_time":"2025-02-11T09:00:42+00:00","og_image":[{"width":401,"height":402,"url":"https:\/\/cafetoria.fi\/wp-content\/uploads\/2021\/05\/e7-02.png","type":"image\/png"}],"twitter_card":"summary_large_image","twitter_misc":{"Arvioitu lukuaika":"1 minuutti"},"schema":{"@context":"https:\/\/schema.org","@graph":[{"@type":"WebPage","@id":"https:\/\/cafetoria.fi\/product\/espresso-7-espresso-italiano\/","url":"https:\/\/cafetoria.fi\/product\/espresso-7-espresso-italiano\/","name":"Espresso 7 - Cafetoria: Nordic Latin Coffee Roastery","isPartOf":{"@id":"https:\/\/cafetoria.fi\/#website"},"primaryImageOfPage":{"@id":"https:\/\/cafetoria.fi\/product\/espresso-7-espresso-italiano\/#primaryimage"},"image":{"@id":"https:\/\/cafetoria.fi\/product\/espresso-7-espresso-italiano\/#primaryimage"},"thumbnailUrl":"https:\/\/cafetoria.fi\/wp-content\/uploads\/2021\/05\/e7-02.png","datePublished":"2022-02-16T18:28:27+00:00","dateModified":"2025-02-11T09:00:42+00:00","breadcrumb":{"@id":"https:\/\/cafetoria.fi\/product\/espresso-7-espresso-italiano\/#breadcrumb"},"inLanguage":"fi","potentialAction":[{"@type":"ReadAction","target":["https:\/\/cafetoria.fi\/product\/espresso-7-espresso-italiano\/"]}]},{"@type":"ImageObject","inLanguage":"fi","@id":"https:\/\/cafetoria.fi\/product\/espresso-7-espresso-italiano\/#primaryimage","url":"https:\/\/cafetoria.fi\/wp-content\/uploads\/2021\/05\/e7-02.png","contentUrl":"https:\/\/cafetoria.fi\/wp-content\/uploads\/2021\/05\/e7-02.png","width":401,"height":402},{"@type":"BreadcrumbList","@id":"https:\/\/cafetoria.fi\/product\/espresso-7-espresso-italiano\/#breadcrumb","itemListElement":[{"@type":"ListItem","position":1,"name":"Home","item":"https:\/\/cafetoria.fi\/"},{"@type":"ListItem","position":2,"name":"Shop","item":"https:\/\/cafetoria.fi\/shop\/"},{"@type":"ListItem","position":3,"name":"Espresso 7"}]},{"@type":"WebSite","@id":"https:\/\/cafetoria.fi\/#website","url":"https:\/\/cafetoria.fi\/","name":"Cafetoria: Nordic Latin Coffee Roastery","description":"We roast and brew great coffees for great people","publisher":{"@id":"https:\/\/cafetoria.fi\/#organization"},"potentialAction":[{"@type":"SearchAction","target":{"@type":"EntryPoint","urlTemplate":"https:\/\/cafetoria.fi\/?s={search_term_string}"},"query-input":{"@type":"PropertyValueSpecification","valueRequired":true,"valueName":"search_term_string"}}],"inLanguage":"fi"},{"@type":"Organization","@id":"https:\/\/cafetoria.fi\/#organization","name":"Cafetoria: Nordic Latin Coffee Roastery","url":"https:\/\/cafetoria.fi\/","logo":{"@type":"ImageObject","inLanguage":"fi","@id":"https:\/\/cafetoria.fi\/#\/schema\/logo\/image\/","url":"https:\/\/cafetoria.fi\/wp-content\/uploads\/2023\/07\/BACKGROUND_CAFETORIA.bmp","contentUrl":"https:\/\/cafetoria.fi\/wp-content\/uploads\/2023\/07\/BACKGROUND_CAFETORIA.bmp","width":533,"height":497,"caption":"Cafetoria: Nordic Latin Coffee Roastery"},"image":{"@id":"https:\/\/cafetoria.fi\/#\/schema\/logo\/image\/"},"sameAs":["https:\/\/www.facebook.com\/cafetoriaroastery","https:\/\/www.instagram.com\/cafetoriaroastery\/"]}]}},"_links":{"self":[{"href":"https:\/\/cafetoria.fi\/fi\/wp-json\/wp\/v2\/product\/13854","targetHints":{"allow":["GET"]}}],"collection":[{"href":"https:\/\/cafetoria.fi\/fi\/wp-json\/wp\/v2\/product"}],"about":[{"href":"https:\/\/cafetoria.fi\/fi\/wp-json\/wp\/v2\/types\/product"}],"replies":[{"embeddable":true,"href":"https:\/\/cafetoria.fi\/fi\/wp-json\/wp\/v2\/comments?post=13854"}],"wp:featuredmedia":[{"embeddable":true,"href":"https:\/\/cafetoria.fi\/fi\/wp-json\/wp\/v2\/media\/909"}],"wp:attachment":[{"href":"https:\/\/cafetoria.fi\/fi\/wp-json\/wp\/v2\/media?parent=13854"}],"wp:term":[{"taxonomy":"product_brand","embeddable":true,"href":"https:\/\/cafetoria.fi\/fi\/wp-json\/wp\/v2\/product_brand?post=13854"},{"taxonomy":"product_cat","embeddable":true,"href":"https:\/\/cafetoria.fi\/fi\/wp-json\/wp\/v2\/product_cat?post=13854"},{"taxonomy":"product_tag","embeddable":true,"href":"https:\/\/cafetoria.fi\/fi\/wp-json\/wp\/v2\/product_tag?post=13854"}],"curies":[{"name":"wp","href":"https:\/\/api.w.org\/{rel}","templated":true}]}}