{"id":13851,"date":"2022-02-16T18:28:26","date_gmt":"2022-02-16T16:28:26","guid":{"rendered":"http:\/\/new.cafetoria.fi\/?post_type=product&#038;p=13851"},"modified":"2024-11-12T12:58:59","modified_gmt":"2024-11-12T10:58:59","slug":"rancilio-silvia-e-v6","status":"publish","type":"product","link":"https:\/\/cafetoria.fi\/fi\/tuote\/rancilio-silvia-e-v6\/","title":{"rendered":"Rancilio Silvia  E 2024"},"content":{"rendered":"<p>Rancilio Silvia on erinomainen vaihtoehto niille, jotka haluavat ammattitason ominaisuuksia kotiin. Raskas metallinen uuttoryhm\u00e4, boileri ja laadukas suodatinkahva varmistavat hyv\u00e4n l\u00e4mp\u00f6pysyvyyden. Luottamalla metalliosiin, monimutkaisen elektroniikan sijaan, Rancilio Silvia on eritt\u00e4in kest\u00e4v\u00e4 ja helppohoitoinen laite.<\/p>\n<p>Vinkkimme aloittavalle kotibaristalle: jos haluat astua espresson maailmaan, Silvia on erinomainen paikka aloittaa! Monille Silvia on loppuel\u00e4m\u00e4n kahvikumppani ja jotkut myyv\u00e4t omansa hankkiakseen jonkun isomman semi-ammattilaislaitteen.<\/p>\n<p>Ominaisuudet:<\/p>\n<ul>\n<li><strong>Boileri:<\/strong> 0,4l<\/li>\n<li><strong>Vibraatiopumppu<\/strong><\/li>\n<li><strong>Teho:<\/strong> 1100W<\/li>\n<li><strong>Vesis\u00e4ili\u00f6:<\/strong> 2.5l<\/li>\n<li><strong>Mukana tulevat tarvikkeet:<\/strong> kahvimitta, muovinen tampperi, sinkkusihti, tuplasihti, umpisihti<\/li>\n<\/ul>","protected":false},"excerpt":{"rendered":"<p>What can we say about Rancilio Silvia? Traditionally considered the best home espresso machine in the market. And another thing: it can last forever!<b><\/b><\/p>","protected":false},"featured_media":905,"comment_status":"closed","ping_status":"closed","template":"","meta":{"_acf_changed":false,"_glsr_average":0,"_glsr_ranking":0,"_glsr_reviews":0},"product_brand":[],"product_cat":[255,256],"product_tag":[],"class_list":{"0":"post-13851","1":"product","2":"type-product","3":"status-publish","4":"has-post-thumbnail","6":"product_cat-equipments","7":"product_cat-espresso-machines","8":"product_shipping_class-machines_class","10":"first","11":"outofstock","12":"taxable","13":"shipping-taxable","14":"purchasable","15":"product-type-simple"},"acf":[],"yoast_head":"<!-- This site is optimized with the Yoast SEO plugin v27.4 - https:\/\/yoast.com\/product\/yoast-seo-wordpress\/ -->\n<title>Rancilio Silvia E 2024 - Cafetoria: Nordic Latin Coffee Roastery<\/title>\n<meta name=\"robots\" content=\"index, follow, max-snippet:-1, max-image-preview:large, max-video-preview:-1\" \/>\n<link rel=\"canonical\" href=\"https:\/\/cafetoria.fi\/fi\/tuote\/rancilio-silvia-e-v6\/\" \/>\n<meta property=\"og:locale\" content=\"fi_FI\" \/>\n<meta property=\"og:type\" content=\"article\" \/>\n<meta property=\"og:title\" content=\"Rancilio Silvia E 2024 - Cafetoria: Nordic Latin Coffee Roastery\" \/>\n<meta property=\"og:description\" content=\"What can we say about Rancilio Silvia? Traditionally considered the best home espresso machine in the market. And another thing: it can last forever!\" \/>\n<meta property=\"og:url\" content=\"https:\/\/cafetoria.fi\/fi\/tuote\/rancilio-silvia-e-v6\/\" \/>\n<meta property=\"og:site_name\" content=\"Cafetoria: Nordic Latin Coffee Roastery\" \/>\n<meta property=\"article:publisher\" content=\"https:\/\/www.facebook.com\/cafetoriaroastery\" \/>\n<meta property=\"article:modified_time\" content=\"2024-11-12T10:58:59+00:00\" \/>\n<meta property=\"og:image\" content=\"https:\/\/cafetoria.fi\/wp-content\/uploads\/2021\/05\/silvia_iso_1.png\" \/>\n\t<meta property=\"og:image:width\" content=\"766\" \/>\n\t<meta property=\"og:image:height\" content=\"766\" \/>\n\t<meta property=\"og:image:type\" content=\"image\/png\" \/>\n<meta name=\"twitter:card\" content=\"summary_large_image\" \/>\n<meta name=\"twitter:label1\" content=\"Arvioitu lukuaika\" \/>\n\t<meta name=\"twitter:data1\" content=\"1 minuutti\" \/>\n<script type=\"application\/ld+json\" class=\"yoast-schema-graph\">{\"@context\":\"https:\\\/\\\/schema.org\",\"@graph\":[{\"@type\":\"WebPage\",\"@id\":\"https:\\\/\\\/cafetoria.fi\\\/product\\\/rancilio-silvia-e-v6\\\/\",\"url\":\"https:\\\/\\\/cafetoria.fi\\\/product\\\/rancilio-silvia-e-v6\\\/\",\"name\":\"Rancilio Silvia E 2024 - Cafetoria: Nordic Latin Coffee Roastery\",\"isPartOf\":{\"@id\":\"https:\\\/\\\/cafetoria.fi\\\/#website\"},\"primaryImageOfPage\":{\"@id\":\"https:\\\/\\\/cafetoria.fi\\\/product\\\/rancilio-silvia-e-v6\\\/#primaryimage\"},\"image\":{\"@id\":\"https:\\\/\\\/cafetoria.fi\\\/product\\\/rancilio-silvia-e-v6\\\/#primaryimage\"},\"thumbnailUrl\":\"https:\\\/\\\/cafetoria.fi\\\/wp-content\\\/uploads\\\/2021\\\/05\\\/silvia_iso_1.png\",\"datePublished\":\"2022-02-16T16:28:26+00:00\",\"dateModified\":\"2024-11-12T10:58:59+00:00\",\"breadcrumb\":{\"@id\":\"https:\\\/\\\/cafetoria.fi\\\/product\\\/rancilio-silvia-e-v6\\\/#breadcrumb\"},\"inLanguage\":\"fi\",\"potentialAction\":[{\"@type\":\"ReadAction\",\"target\":[\"https:\\\/\\\/cafetoria.fi\\\/product\\\/rancilio-silvia-e-v6\\\/\"]}]},{\"@type\":\"ImageObject\",\"inLanguage\":\"fi\",\"@id\":\"https:\\\/\\\/cafetoria.fi\\\/product\\\/rancilio-silvia-e-v6\\\/#primaryimage\",\"url\":\"https:\\\/\\\/cafetoria.fi\\\/wp-content\\\/uploads\\\/2021\\\/05\\\/silvia_iso_1.png\",\"contentUrl\":\"https:\\\/\\\/cafetoria.fi\\\/wp-content\\\/uploads\\\/2021\\\/05\\\/silvia_iso_1.png\",\"width\":766,\"height\":766},{\"@type\":\"BreadcrumbList\",\"@id\":\"https:\\\/\\\/cafetoria.fi\\\/product\\\/rancilio-silvia-e-v6\\\/#breadcrumb\",\"itemListElement\":[{\"@type\":\"ListItem\",\"position\":1,\"name\":\"Home\",\"item\":\"https:\\\/\\\/cafetoria.fi\\\/\"},{\"@type\":\"ListItem\",\"position\":2,\"name\":\"Shop\",\"item\":\"https:\\\/\\\/cafetoria.fi\\\/shop\\\/\"},{\"@type\":\"ListItem\",\"position\":3,\"name\":\"Rancilio Silvia E 2024\"}]},{\"@type\":\"WebSite\",\"@id\":\"https:\\\/\\\/cafetoria.fi\\\/#website\",\"url\":\"https:\\\/\\\/cafetoria.fi\\\/\",\"name\":\"Cafetoria: Nordic Latin Coffee Roastery\",\"description\":\"We roast and brew great coffees for great people\",\"publisher\":{\"@id\":\"https:\\\/\\\/cafetoria.fi\\\/#organization\"},\"potentialAction\":[{\"@type\":\"SearchAction\",\"target\":{\"@type\":\"EntryPoint\",\"urlTemplate\":\"https:\\\/\\\/cafetoria.fi\\\/?s={search_term_string}\"},\"query-input\":{\"@type\":\"PropertyValueSpecification\",\"valueRequired\":true,\"valueName\":\"search_term_string\"}}],\"inLanguage\":\"fi\"},{\"@type\":\"Organization\",\"@id\":\"https:\\\/\\\/cafetoria.fi\\\/#organization\",\"name\":\"Cafetoria: Nordic Latin Coffee Roastery\",\"url\":\"https:\\\/\\\/cafetoria.fi\\\/\",\"logo\":{\"@type\":\"ImageObject\",\"inLanguage\":\"fi\",\"@id\":\"https:\\\/\\\/cafetoria.fi\\\/#\\\/schema\\\/logo\\\/image\\\/\",\"url\":\"https:\\\/\\\/cafetoria.fi\\\/wp-content\\\/uploads\\\/2023\\\/07\\\/BACKGROUND_CAFETORIA.bmp\",\"contentUrl\":\"https:\\\/\\\/cafetoria.fi\\\/wp-content\\\/uploads\\\/2023\\\/07\\\/BACKGROUND_CAFETORIA.bmp\",\"width\":533,\"height\":497,\"caption\":\"Cafetoria: Nordic Latin Coffee Roastery\"},\"image\":{\"@id\":\"https:\\\/\\\/cafetoria.fi\\\/#\\\/schema\\\/logo\\\/image\\\/\"},\"sameAs\":[\"https:\\\/\\\/www.facebook.com\\\/cafetoriaroastery\",\"https:\\\/\\\/www.instagram.com\\\/cafetoriaroastery\\\/\"]}]}<\/script>\n<!-- \/ Yoast SEO plugin. -->","yoast_head_json":{"title":"Rancilio Silvia E 2024 - Cafetoria: Nordic Latin Coffee Roastery","robots":{"index":"index","follow":"follow","max-snippet":"max-snippet:-1","max-image-preview":"max-image-preview:large","max-video-preview":"max-video-preview:-1"},"canonical":"https:\/\/cafetoria.fi\/fi\/tuote\/rancilio-silvia-e-v6\/","og_locale":"fi_FI","og_type":"article","og_title":"Rancilio Silvia E 2024 - Cafetoria: Nordic Latin Coffee Roastery","og_description":"What can we say about Rancilio Silvia? Traditionally considered the best home espresso machine in the market. And another thing: it can last forever!","og_url":"https:\/\/cafetoria.fi\/fi\/tuote\/rancilio-silvia-e-v6\/","og_site_name":"Cafetoria: Nordic Latin Coffee Roastery","article_publisher":"https:\/\/www.facebook.com\/cafetoriaroastery","article_modified_time":"2024-11-12T10:58:59+00:00","og_image":[{"width":766,"height":766,"url":"https:\/\/cafetoria.fi\/wp-content\/uploads\/2021\/05\/silvia_iso_1.png","type":"image\/png"}],"twitter_card":"summary_large_image","twitter_misc":{"Arvioitu lukuaika":"1 minuutti"},"schema":{"@context":"https:\/\/schema.org","@graph":[{"@type":"WebPage","@id":"https:\/\/cafetoria.fi\/product\/rancilio-silvia-e-v6\/","url":"https:\/\/cafetoria.fi\/product\/rancilio-silvia-e-v6\/","name":"Rancilio Silvia E 2024 - Cafetoria: Nordic Latin Coffee Roastery","isPartOf":{"@id":"https:\/\/cafetoria.fi\/#website"},"primaryImageOfPage":{"@id":"https:\/\/cafetoria.fi\/product\/rancilio-silvia-e-v6\/#primaryimage"},"image":{"@id":"https:\/\/cafetoria.fi\/product\/rancilio-silvia-e-v6\/#primaryimage"},"thumbnailUrl":"https:\/\/cafetoria.fi\/wp-content\/uploads\/2021\/05\/silvia_iso_1.png","datePublished":"2022-02-16T16:28:26+00:00","dateModified":"2024-11-12T10:58:59+00:00","breadcrumb":{"@id":"https:\/\/cafetoria.fi\/product\/rancilio-silvia-e-v6\/#breadcrumb"},"inLanguage":"fi","potentialAction":[{"@type":"ReadAction","target":["https:\/\/cafetoria.fi\/product\/rancilio-silvia-e-v6\/"]}]},{"@type":"ImageObject","inLanguage":"fi","@id":"https:\/\/cafetoria.fi\/product\/rancilio-silvia-e-v6\/#primaryimage","url":"https:\/\/cafetoria.fi\/wp-content\/uploads\/2021\/05\/silvia_iso_1.png","contentUrl":"https:\/\/cafetoria.fi\/wp-content\/uploads\/2021\/05\/silvia_iso_1.png","width":766,"height":766},{"@type":"BreadcrumbList","@id":"https:\/\/cafetoria.fi\/product\/rancilio-silvia-e-v6\/#breadcrumb","itemListElement":[{"@type":"ListItem","position":1,"name":"Home","item":"https:\/\/cafetoria.fi\/"},{"@type":"ListItem","position":2,"name":"Shop","item":"https:\/\/cafetoria.fi\/shop\/"},{"@type":"ListItem","position":3,"name":"Rancilio Silvia E 2024"}]},{"@type":"WebSite","@id":"https:\/\/cafetoria.fi\/#website","url":"https:\/\/cafetoria.fi\/","name":"Cafetoria: Nordic Latin Coffee Roastery","description":"We roast and brew great coffees for great people","publisher":{"@id":"https:\/\/cafetoria.fi\/#organization"},"potentialAction":[{"@type":"SearchAction","target":{"@type":"EntryPoint","urlTemplate":"https:\/\/cafetoria.fi\/?s={search_term_string}"},"query-input":{"@type":"PropertyValueSpecification","valueRequired":true,"valueName":"search_term_string"}}],"inLanguage":"fi"},{"@type":"Organization","@id":"https:\/\/cafetoria.fi\/#organization","name":"Cafetoria: Nordic Latin Coffee Roastery","url":"https:\/\/cafetoria.fi\/","logo":{"@type":"ImageObject","inLanguage":"fi","@id":"https:\/\/cafetoria.fi\/#\/schema\/logo\/image\/","url":"https:\/\/cafetoria.fi\/wp-content\/uploads\/2023\/07\/BACKGROUND_CAFETORIA.bmp","contentUrl":"https:\/\/cafetoria.fi\/wp-content\/uploads\/2023\/07\/BACKGROUND_CAFETORIA.bmp","width":533,"height":497,"caption":"Cafetoria: Nordic Latin Coffee Roastery"},"image":{"@id":"https:\/\/cafetoria.fi\/#\/schema\/logo\/image\/"},"sameAs":["https:\/\/www.facebook.com\/cafetoriaroastery","https:\/\/www.instagram.com\/cafetoriaroastery\/"]}]}},"_links":{"self":[{"href":"https:\/\/cafetoria.fi\/fi\/wp-json\/wp\/v2\/product\/13851","targetHints":{"allow":["GET"]}}],"collection":[{"href":"https:\/\/cafetoria.fi\/fi\/wp-json\/wp\/v2\/product"}],"about":[{"href":"https:\/\/cafetoria.fi\/fi\/wp-json\/wp\/v2\/types\/product"}],"replies":[{"embeddable":true,"href":"https:\/\/cafetoria.fi\/fi\/wp-json\/wp\/v2\/comments?post=13851"}],"wp:featuredmedia":[{"embeddable":true,"href":"https:\/\/cafetoria.fi\/fi\/wp-json\/wp\/v2\/media\/905"}],"wp:attachment":[{"href":"https:\/\/cafetoria.fi\/fi\/wp-json\/wp\/v2\/media?parent=13851"}],"wp:term":[{"taxonomy":"product_brand","embeddable":true,"href":"https:\/\/cafetoria.fi\/fi\/wp-json\/wp\/v2\/product_brand?post=13851"},{"taxonomy":"product_cat","embeddable":true,"href":"https:\/\/cafetoria.fi\/fi\/wp-json\/wp\/v2\/product_cat?post=13851"},{"taxonomy":"product_tag","embeddable":true,"href":"https:\/\/cafetoria.fi\/fi\/wp-json\/wp\/v2\/product_tag?post=13851"}],"curies":[{"name":"wp","href":"https:\/\/api.w.org\/{rel}","templated":true}]}}