{"id":13848,"date":"2022-02-16T18:28:25","date_gmt":"2022-02-16T18:28:25","guid":{"rendered":"http:\/\/new.cafetoria.fi\/?post_type=product&#038;p=13848"},"modified":"2026-04-08T09:36:30","modified_gmt":"2026-04-08T07:36:30","slug":"mexico-altura-resistcaffeine","status":"publish","type":"product","link":"https:\/\/cafetoria.fi\/fi\/tuote\/mexico-altura-resistcaffeine\/","title":{"rendered":"Mexico Altura"},"content":{"rendered":"<p>Jos etsit hyv\u00e4\u00e4 kofeiinitonta kahvia, jotain kodikasta ja l\u00e4hestytt\u00e4v\u00e4\u00e4, joka maistuu hyv\u00e4lt\u00e4 sellaisenaan, tai maidon kanssa, olet etsint\u00f6jesi m\u00e4\u00e4r\u00e4np\u00e4\u00e4ss\u00e4. Mexico Alturassa maistat parhaiden Meksikolaisten kahvien aromit. T\u00e4ss\u00e4 on todella monipuolinen kahvi, joten vinkkin\u00e4: se toimii erinomaisesti my\u00f6s espressona ja mutteripannussa!<\/p>\n<ul>\n<li><strong>Alkuper\u00e4: <\/strong>Meksiko<\/li>\n<li><strong>Kahvipapu:<\/strong> 100% arabica, pesty<\/li>\n<li><strong>Paahtoaste:<\/strong>\u00a0Tumma<\/li>\n<li><strong>Kofeiinin poistomenetelm\u00e4<\/strong> Mountain Water Process (kemikaalivapaa)<\/li>\n<li><strong>Sertifiointi: <\/strong>Luomu<\/li>\n<\/ul>\n<h4><a href=\"https:\/\/cafetoria.fi\/wp-content\/uploads\/2022\/07\/resist_subs-01.png\"><img decoding=\"async\" class=\"wp-image-32130 alignleft\" src=\"https:\/\/cafetoria.fi\/wp-content\/uploads\/2022\/07\/resist_subs-01-300x300.png\" alt=\"\" width=\"197\" height=\"229\" \/><\/a><strong>Save up to 20% when joining our\u00a0<a href=\"https:\/\/cafetoria.fi\/fi\/subscriptions\/\">decaf coffee subscription!<\/a><\/strong><\/h4>\n<p>#RESISTCAFFEINE on kokoelma kofeiinittomia kahveja kahvin rakastajilta kahvin rakastajille. Valitsemme laadukkaat luomupavut, kemikaalittomat kofeiinin poistomenetelm\u00e4t ja paahdamme kahvit k\u00e4sity\u00f6n\u00e4 paahtimollamme. Lopputulos: oikeasti herkullisia kofeiinittomia kahveja. Nyt voit nauttia kahvia milloin vain, miss\u00e4 vain. Love coffee, resist caffeine!<\/p>","protected":false},"excerpt":{"rendered":"<p>If you are looking for a good decaf, nothing fancy, but something approachable and enjoyable to drink as plain black or with milk, then our Mexico Altura is the one you will most likely fall in love with. This dark roast coffee captures the fragrant notes of the best Mexican coffees. It&#8217;s a very versatile [&hellip;]<\/p>\n","protected":false},"featured_media":906,"comment_status":"open","ping_status":"closed","template":"","meta":{"_acf_changed":false,"_glsr_average":5,"_glsr_ranking":3.75,"_glsr_reviews":2},"product_brand":[],"product_cat":[250,254,252,253],"product_tag":[48,60,49,50,61,62],"class_list":{"0":"post-13848","1":"product","2":"type-product","3":"status-publish","4":"has-post-thumbnail","6":"product_cat-coffees","7":"product_cat-decaf","8":"product_cat-organic","9":"product_cat-single-origin","10":"product_tag-decaffeinated","11":"product_tag-kofeiiniton","12":"product_tag-kofeiiniton-kahvi","13":"product_tag-luomu","14":"product_tag-luomukahvia","15":"product_tag-tumma-paahto","16":"product_shipping_class-food_class","17":"pa_grinding-aeropress","18":"pa_grinding-beans","19":"pa_grinding-espresso","20":"pa_grinding-filter","21":"pa_grinding-french-press","22":"pa_grinding-moka-pot","23":"pa_grinding-pannu","24":"pa_weight-1kg","25":"pa_weight-250g","27":"first","28":"outofstock","29":"taxable","30":"shipping-taxable","31":"purchasable","32":"product-type-variable","33":"has-default-attributes"},"acf":[],"yoast_head":"<!-- This site is optimized with the Yoast SEO plugin v27.4 - https:\/\/yoast.com\/product\/yoast-seo-wordpress\/ -->\n<title>Mexico Altura - Cafetoria: Nordic Latin Coffee Roastery<\/title>\n<meta name=\"robots\" content=\"index, follow, max-snippet:-1, max-image-preview:large, max-video-preview:-1\" \/>\n<link rel=\"canonical\" href=\"https:\/\/cafetoria.fi\/fi\/tuote\/mexico-altura-resistcaffeine\/\" \/>\n<meta property=\"og:locale\" content=\"fi_FI\" \/>\n<meta property=\"og:type\" content=\"article\" \/>\n<meta property=\"og:title\" content=\"Mexico Altura - Cafetoria: Nordic Latin Coffee Roastery\" \/>\n<meta property=\"og:description\" content=\"If you are looking for a good decaf, nothing fancy, but something approachable and enjoyable to drink as plain black or with milk, then our Mexico Altura is the one you will most likely fall in love with. This dark roast coffee captures the fragrant notes of the best Mexican coffees. It&#8217;s a very versatile [&hellip;]\" \/>\n<meta property=\"og:url\" content=\"https:\/\/cafetoria.fi\/fi\/tuote\/mexico-altura-resistcaffeine\/\" \/>\n<meta property=\"og:site_name\" content=\"Cafetoria: Nordic Latin Coffee Roastery\" \/>\n<meta property=\"article:publisher\" content=\"https:\/\/www.facebook.com\/cafetoriaroastery\" \/>\n<meta property=\"article:modified_time\" content=\"2026-04-08T07:36:30+00:00\" \/>\n<meta property=\"og:image\" content=\"https:\/\/cafetoria.fi\/wp-content\/uploads\/2021\/05\/mex2_Fotor.png\" \/>\n\t<meta property=\"og:image:width\" content=\"600\" \/>\n\t<meta property=\"og:image:height\" content=\"597\" \/>\n\t<meta property=\"og:image:type\" content=\"image\/png\" \/>\n<meta name=\"twitter:card\" content=\"summary_large_image\" \/>\n<meta name=\"twitter:label1\" content=\"Arvioitu lukuaika\" \/>\n\t<meta name=\"twitter:data1\" content=\"1 minuutti\" \/>\n<script type=\"application\/ld+json\" class=\"yoast-schema-graph\">{\"@context\":\"https:\\\/\\\/schema.org\",\"@graph\":[{\"@type\":\"WebPage\",\"@id\":\"https:\\\/\\\/cafetoria.fi\\\/en\\\/product\\\/mexico-altura-resistcaffeine\\\/\",\"url\":\"https:\\\/\\\/cafetoria.fi\\\/en\\\/product\\\/mexico-altura-resistcaffeine\\\/\",\"name\":\"Mexico Altura - Cafetoria: Nordic Latin Coffee Roastery\",\"isPartOf\":{\"@id\":\"https:\\\/\\\/cafetoria.fi\\\/#website\"},\"primaryImageOfPage\":{\"@id\":\"https:\\\/\\\/cafetoria.fi\\\/en\\\/product\\\/mexico-altura-resistcaffeine\\\/#primaryimage\"},\"image\":{\"@id\":\"https:\\\/\\\/cafetoria.fi\\\/en\\\/product\\\/mexico-altura-resistcaffeine\\\/#primaryimage\"},\"thumbnailUrl\":\"https:\\\/\\\/cafetoria.fi\\\/wp-content\\\/uploads\\\/2021\\\/05\\\/mex2_Fotor.png\",\"datePublished\":\"2022-02-16T18:28:25+00:00\",\"dateModified\":\"2026-04-08T07:36:30+00:00\",\"breadcrumb\":{\"@id\":\"https:\\\/\\\/cafetoria.fi\\\/en\\\/product\\\/mexico-altura-resistcaffeine\\\/#breadcrumb\"},\"inLanguage\":\"fi\",\"potentialAction\":[{\"@type\":\"ReadAction\",\"target\":[\"https:\\\/\\\/cafetoria.fi\\\/en\\\/product\\\/mexico-altura-resistcaffeine\\\/\"]}]},{\"@type\":\"ImageObject\",\"inLanguage\":\"fi\",\"@id\":\"https:\\\/\\\/cafetoria.fi\\\/en\\\/product\\\/mexico-altura-resistcaffeine\\\/#primaryimage\",\"url\":\"https:\\\/\\\/cafetoria.fi\\\/wp-content\\\/uploads\\\/2021\\\/05\\\/mex2_Fotor.png\",\"contentUrl\":\"https:\\\/\\\/cafetoria.fi\\\/wp-content\\\/uploads\\\/2021\\\/05\\\/mex2_Fotor.png\",\"width\":600,\"height\":597},{\"@type\":\"BreadcrumbList\",\"@id\":\"https:\\\/\\\/cafetoria.fi\\\/en\\\/product\\\/mexico-altura-resistcaffeine\\\/#breadcrumb\",\"itemListElement\":[{\"@type\":\"ListItem\",\"position\":1,\"name\":\"Home\",\"item\":\"https:\\\/\\\/cafetoria.fi\\\/\"},{\"@type\":\"ListItem\",\"position\":2,\"name\":\"Shop\",\"item\":\"https:\\\/\\\/cafetoria.fi\\\/shop\\\/\"},{\"@type\":\"ListItem\",\"position\":3,\"name\":\"Mexico Altura\"}]},{\"@type\":\"WebSite\",\"@id\":\"https:\\\/\\\/cafetoria.fi\\\/#website\",\"url\":\"https:\\\/\\\/cafetoria.fi\\\/\",\"name\":\"Cafetoria: Nordic Latin Coffee Roastery\",\"description\":\"We roast and brew great coffees for great people\",\"publisher\":{\"@id\":\"https:\\\/\\\/cafetoria.fi\\\/#organization\"},\"potentialAction\":[{\"@type\":\"SearchAction\",\"target\":{\"@type\":\"EntryPoint\",\"urlTemplate\":\"https:\\\/\\\/cafetoria.fi\\\/?s={search_term_string}\"},\"query-input\":{\"@type\":\"PropertyValueSpecification\",\"valueRequired\":true,\"valueName\":\"search_term_string\"}}],\"inLanguage\":\"fi\"},{\"@type\":\"Organization\",\"@id\":\"https:\\\/\\\/cafetoria.fi\\\/#organization\",\"name\":\"Cafetoria: Nordic Latin Coffee Roastery\",\"url\":\"https:\\\/\\\/cafetoria.fi\\\/\",\"logo\":{\"@type\":\"ImageObject\",\"inLanguage\":\"fi\",\"@id\":\"https:\\\/\\\/cafetoria.fi\\\/#\\\/schema\\\/logo\\\/image\\\/\",\"url\":\"https:\\\/\\\/cafetoria.fi\\\/wp-content\\\/uploads\\\/2023\\\/07\\\/BACKGROUND_CAFETORIA.bmp\",\"contentUrl\":\"https:\\\/\\\/cafetoria.fi\\\/wp-content\\\/uploads\\\/2023\\\/07\\\/BACKGROUND_CAFETORIA.bmp\",\"width\":533,\"height\":497,\"caption\":\"Cafetoria: Nordic Latin Coffee Roastery\"},\"image\":{\"@id\":\"https:\\\/\\\/cafetoria.fi\\\/#\\\/schema\\\/logo\\\/image\\\/\"},\"sameAs\":[\"https:\\\/\\\/www.facebook.com\\\/cafetoriaroastery\",\"https:\\\/\\\/www.instagram.com\\\/cafetoriaroastery\\\/\"]}]}<\/script>\n<!-- \/ Yoast SEO plugin. -->","yoast_head_json":{"title":"Mexico Altura - Cafetoria: Nordic Latin Coffee Roastery","robots":{"index":"index","follow":"follow","max-snippet":"max-snippet:-1","max-image-preview":"max-image-preview:large","max-video-preview":"max-video-preview:-1"},"canonical":"https:\/\/cafetoria.fi\/fi\/tuote\/mexico-altura-resistcaffeine\/","og_locale":"fi_FI","og_type":"article","og_title":"Mexico Altura - Cafetoria: Nordic Latin Coffee Roastery","og_description":"If you are looking for a good decaf, nothing fancy, but something approachable and enjoyable to drink as plain black or with milk, then our Mexico Altura is the one you will most likely fall in love with. This dark roast coffee captures the fragrant notes of the best Mexican coffees. It&#8217;s a very versatile [&hellip;]","og_url":"https:\/\/cafetoria.fi\/fi\/tuote\/mexico-altura-resistcaffeine\/","og_site_name":"Cafetoria: Nordic Latin Coffee Roastery","article_publisher":"https:\/\/www.facebook.com\/cafetoriaroastery","article_modified_time":"2026-04-08T07:36:30+00:00","og_image":[{"width":600,"height":597,"url":"https:\/\/cafetoria.fi\/wp-content\/uploads\/2021\/05\/mex2_Fotor.png","type":"image\/png"}],"twitter_card":"summary_large_image","twitter_misc":{"Arvioitu lukuaika":"1 minuutti"},"schema":{"@context":"https:\/\/schema.org","@graph":[{"@type":"WebPage","@id":"https:\/\/cafetoria.fi\/en\/product\/mexico-altura-resistcaffeine\/","url":"https:\/\/cafetoria.fi\/en\/product\/mexico-altura-resistcaffeine\/","name":"Mexico Altura - Cafetoria: Nordic Latin Coffee Roastery","isPartOf":{"@id":"https:\/\/cafetoria.fi\/#website"},"primaryImageOfPage":{"@id":"https:\/\/cafetoria.fi\/en\/product\/mexico-altura-resistcaffeine\/#primaryimage"},"image":{"@id":"https:\/\/cafetoria.fi\/en\/product\/mexico-altura-resistcaffeine\/#primaryimage"},"thumbnailUrl":"https:\/\/cafetoria.fi\/wp-content\/uploads\/2021\/05\/mex2_Fotor.png","datePublished":"2022-02-16T18:28:25+00:00","dateModified":"2026-04-08T07:36:30+00:00","breadcrumb":{"@id":"https:\/\/cafetoria.fi\/en\/product\/mexico-altura-resistcaffeine\/#breadcrumb"},"inLanguage":"fi","potentialAction":[{"@type":"ReadAction","target":["https:\/\/cafetoria.fi\/en\/product\/mexico-altura-resistcaffeine\/"]}]},{"@type":"ImageObject","inLanguage":"fi","@id":"https:\/\/cafetoria.fi\/en\/product\/mexico-altura-resistcaffeine\/#primaryimage","url":"https:\/\/cafetoria.fi\/wp-content\/uploads\/2021\/05\/mex2_Fotor.png","contentUrl":"https:\/\/cafetoria.fi\/wp-content\/uploads\/2021\/05\/mex2_Fotor.png","width":600,"height":597},{"@type":"BreadcrumbList","@id":"https:\/\/cafetoria.fi\/en\/product\/mexico-altura-resistcaffeine\/#breadcrumb","itemListElement":[{"@type":"ListItem","position":1,"name":"Home","item":"https:\/\/cafetoria.fi\/"},{"@type":"ListItem","position":2,"name":"Shop","item":"https:\/\/cafetoria.fi\/shop\/"},{"@type":"ListItem","position":3,"name":"Mexico Altura"}]},{"@type":"WebSite","@id":"https:\/\/cafetoria.fi\/#website","url":"https:\/\/cafetoria.fi\/","name":"Cafetoria: Nordic Latin Coffee Roastery","description":"We roast and brew great coffees for great people","publisher":{"@id":"https:\/\/cafetoria.fi\/#organization"},"potentialAction":[{"@type":"SearchAction","target":{"@type":"EntryPoint","urlTemplate":"https:\/\/cafetoria.fi\/?s={search_term_string}"},"query-input":{"@type":"PropertyValueSpecification","valueRequired":true,"valueName":"search_term_string"}}],"inLanguage":"fi"},{"@type":"Organization","@id":"https:\/\/cafetoria.fi\/#organization","name":"Cafetoria: Nordic Latin Coffee Roastery","url":"https:\/\/cafetoria.fi\/","logo":{"@type":"ImageObject","inLanguage":"fi","@id":"https:\/\/cafetoria.fi\/#\/schema\/logo\/image\/","url":"https:\/\/cafetoria.fi\/wp-content\/uploads\/2023\/07\/BACKGROUND_CAFETORIA.bmp","contentUrl":"https:\/\/cafetoria.fi\/wp-content\/uploads\/2023\/07\/BACKGROUND_CAFETORIA.bmp","width":533,"height":497,"caption":"Cafetoria: Nordic Latin Coffee Roastery"},"image":{"@id":"https:\/\/cafetoria.fi\/#\/schema\/logo\/image\/"},"sameAs":["https:\/\/www.facebook.com\/cafetoriaroastery","https:\/\/www.instagram.com\/cafetoriaroastery\/"]}]}},"_links":{"self":[{"href":"https:\/\/cafetoria.fi\/fi\/wp-json\/wp\/v2\/product\/13848","targetHints":{"allow":["GET"]}}],"collection":[{"href":"https:\/\/cafetoria.fi\/fi\/wp-json\/wp\/v2\/product"}],"about":[{"href":"https:\/\/cafetoria.fi\/fi\/wp-json\/wp\/v2\/types\/product"}],"replies":[{"embeddable":true,"href":"https:\/\/cafetoria.fi\/fi\/wp-json\/wp\/v2\/comments?post=13848"}],"wp:featuredmedia":[{"embeddable":true,"href":"https:\/\/cafetoria.fi\/fi\/wp-json\/wp\/v2\/media\/906"}],"wp:attachment":[{"href":"https:\/\/cafetoria.fi\/fi\/wp-json\/wp\/v2\/media?parent=13848"}],"wp:term":[{"taxonomy":"product_brand","embeddable":true,"href":"https:\/\/cafetoria.fi\/fi\/wp-json\/wp\/v2\/product_brand?post=13848"},{"taxonomy":"product_cat","embeddable":true,"href":"https:\/\/cafetoria.fi\/fi\/wp-json\/wp\/v2\/product_cat?post=13848"},{"taxonomy":"product_tag","embeddable":true,"href":"https:\/\/cafetoria.fi\/fi\/wp-json\/wp\/v2\/product_tag?post=13848"}],"curies":[{"name":"wp","href":"https:\/\/api.w.org\/{rel}","templated":true}]}}