{"id":13847,"date":"2022-02-16T18:28:25","date_gmt":"2022-02-16T18:28:25","guid":{"rendered":"http:\/\/new.cafetoria.fi\/?post_type=product&#038;p=13847"},"modified":"2026-04-06T09:03:04","modified_gmt":"2026-04-06T07:03:04","slug":"decafe-resistcaffeine","status":"publish","type":"product","link":"https:\/\/cafetoria.fi\/fi\/tuote\/decafe-resistcaffeine\/","title":{"rendered":"Decafe"},"content":{"rendered":"<p>Sekoitus kahdesta pirte\u00e4st\u00e4 Etel\u00e4-Amerikkalaisesta kahvista, jotka tulevat Perusta ja Meksikosta. Decafe oli ensimm\u00e4inen lis\u00e4yksemme kofeiinittoimiin kahveihimme, jonka suunnittelimme Pohjoismaiseen makuun. Vaaleapaahtoisena pavut tuottavat maukkaan ja mukavan hapokkaan kupin kahvia.<\/p>\n<ul>\n<li><strong>Alkuper\u00e4: <\/strong>Meksiko, Peru<\/li>\n<li><strong>Kahvipapu:<\/strong> 100% arabica, pesty<\/li>\n<li><strong>Paahtoaste:<\/strong>\u00a0Vaalea<\/li>\n<li><strong>Kofeiinin poistomenetelm\u00e4<\/strong> Mountain Water Process (kemikaalivapaa)<\/li>\n<li><strong>Sertifiointi: <\/strong>Luomu<\/li>\n<\/ul>\n<h4><a href=\"https:\/\/cafetoria.fi\/wp-content\/uploads\/2022\/07\/resist_subs-01.png\"><img decoding=\"async\" class=\"wp-image-32130 alignleft\" src=\"https:\/\/cafetoria.fi\/wp-content\/uploads\/2022\/07\/resist_subs-01-300x300.png\" alt=\"\" width=\"197\" height=\"229\" \/><\/a><strong>Save up to 20% when joining our\u00a0<a href=\"https:\/\/cafetoria.fi\/fi\/subscriptions\/\">decaf coffee subscription!<\/a><\/strong><\/h4>\n<p>#RESISTCAFFEINE on kokoelma kofeiinittomia kahveja kahvin rakastajilta kahvin rakastajille. Valitsemme laadukkaat luomupavut, kemikaalittomat kofeiinin poistomenetelm\u00e4t ja paahdamme kahvit k\u00e4sity\u00f6n\u00e4 paahtimollamme. Lopputulos: oikeasti herkullisia kofeiinittomia kahveja. Nyt voit nauttia kahvia milloin vain, miss\u00e4 vain. Love coffee, resist caffeine!<\/p>","protected":false},"excerpt":{"rendered":"<p>Made out of two bright Latin American coffees from Peru and Mexico, our Decafe was our first decaf product we created. Specifically designed for the Nordic market, this coffee is light roasted so as to enjoy best the natural flavours of its beans and a lively but gentle acidity. Origin: Mexico, Peru Bean: 100% arabica, [&hellip;]<\/p>\n","protected":false},"featured_media":902,"comment_status":"open","ping_status":"closed","template":"","meta":{"_acf_changed":false,"_glsr_average":0,"_glsr_ranking":0,"_glsr_reviews":0},"product_brand":[],"product_cat":[250,254],"product_tag":[48,49,50,51,52],"class_list":{"0":"post-13847","1":"product","2":"type-product","3":"status-publish","4":"has-post-thumbnail","6":"product_cat-coffees","7":"product_cat-decaf","8":"product_tag-decaffeinated","9":"product_tag-kofeiiniton-kahvi","10":"product_tag-luomu","11":"product_tag-luomukahvi","12":"product_tag-vaalea-paahto","13":"product_shipping_class-food_class","14":"pa_grinding-aeropress","15":"pa_grinding-beans","16":"pa_grinding-espresso","17":"pa_grinding-filter","18":"pa_grinding-french-press","19":"pa_grinding-moka-pot","20":"pa_grinding-pannu","21":"pa_weight-1kg","22":"pa_weight-250g","24":"first","25":"instock","26":"taxable","27":"shipping-taxable","28":"purchasable","29":"product-type-variable","30":"has-default-attributes"},"acf":[],"yoast_head":"<!-- This site is optimized with the Yoast SEO plugin v27.4 - https:\/\/yoast.com\/product\/yoast-seo-wordpress\/ -->\n<title>Decafe - Cafetoria: Nordic Latin Coffee Roastery<\/title>\n<meta name=\"robots\" content=\"index, follow, max-snippet:-1, max-image-preview:large, max-video-preview:-1\" \/>\n<link rel=\"canonical\" href=\"https:\/\/cafetoria.fi\/fi\/tuote\/decafe-resistcaffeine\/\" \/>\n<meta property=\"og:locale\" content=\"fi_FI\" \/>\n<meta property=\"og:type\" content=\"article\" \/>\n<meta property=\"og:title\" content=\"Decafe - Cafetoria: Nordic Latin Coffee Roastery\" \/>\n<meta property=\"og:description\" content=\"Made out of two bright Latin American coffees from Peru and Mexico, our Decafe was our first decaf product we created. Specifically designed for the Nordic market, this coffee is light roasted so as to enjoy best the natural flavours of its beans and a lively but gentle acidity. Origin: Mexico, Peru Bean: 100% arabica, [&hellip;]\" \/>\n<meta property=\"og:url\" content=\"https:\/\/cafetoria.fi\/fi\/tuote\/decafe-resistcaffeine\/\" \/>\n<meta property=\"og:site_name\" content=\"Cafetoria: Nordic Latin Coffee Roastery\" \/>\n<meta property=\"article:publisher\" content=\"https:\/\/www.facebook.com\/cafetoriaroastery\" \/>\n<meta property=\"article:modified_time\" content=\"2026-04-06T07:03:04+00:00\" \/>\n<meta property=\"og:image\" content=\"https:\/\/cafetoria.fi\/wp-content\/uploads\/2021\/05\/decafe_Fotor.jpg\" \/>\n\t<meta property=\"og:image:width\" content=\"600\" \/>\n\t<meta property=\"og:image:height\" content=\"600\" \/>\n\t<meta property=\"og:image:type\" content=\"image\/jpeg\" \/>\n<meta name=\"twitter:card\" content=\"summary_large_image\" \/>\n<meta name=\"twitter:label1\" content=\"Arvioitu lukuaika\" \/>\n\t<meta name=\"twitter:data1\" content=\"1 minuutti\" \/>\n<script type=\"application\/ld+json\" class=\"yoast-schema-graph\">{\"@context\":\"https:\\\/\\\/schema.org\",\"@graph\":[{\"@type\":\"WebPage\",\"@id\":\"https:\\\/\\\/cafetoria.fi\\\/product\\\/decafe-resistcaffeine\\\/\",\"url\":\"https:\\\/\\\/cafetoria.fi\\\/product\\\/decafe-resistcaffeine\\\/\",\"name\":\"Decafe - Cafetoria: Nordic Latin Coffee Roastery\",\"isPartOf\":{\"@id\":\"https:\\\/\\\/cafetoria.fi\\\/#website\"},\"primaryImageOfPage\":{\"@id\":\"https:\\\/\\\/cafetoria.fi\\\/product\\\/decafe-resistcaffeine\\\/#primaryimage\"},\"image\":{\"@id\":\"https:\\\/\\\/cafetoria.fi\\\/product\\\/decafe-resistcaffeine\\\/#primaryimage\"},\"thumbnailUrl\":\"https:\\\/\\\/cafetoria.fi\\\/wp-content\\\/uploads\\\/2021\\\/05\\\/decafe_Fotor.jpg\",\"datePublished\":\"2022-02-16T18:28:25+00:00\",\"dateModified\":\"2026-04-06T07:03:04+00:00\",\"breadcrumb\":{\"@id\":\"https:\\\/\\\/cafetoria.fi\\\/product\\\/decafe-resistcaffeine\\\/#breadcrumb\"},\"inLanguage\":\"fi\",\"potentialAction\":[{\"@type\":\"ReadAction\",\"target\":[\"https:\\\/\\\/cafetoria.fi\\\/product\\\/decafe-resistcaffeine\\\/\"]}]},{\"@type\":\"ImageObject\",\"inLanguage\":\"fi\",\"@id\":\"https:\\\/\\\/cafetoria.fi\\\/product\\\/decafe-resistcaffeine\\\/#primaryimage\",\"url\":\"https:\\\/\\\/cafetoria.fi\\\/wp-content\\\/uploads\\\/2021\\\/05\\\/decafe_Fotor.jpg\",\"contentUrl\":\"https:\\\/\\\/cafetoria.fi\\\/wp-content\\\/uploads\\\/2021\\\/05\\\/decafe_Fotor.jpg\",\"width\":600,\"height\":600},{\"@type\":\"BreadcrumbList\",\"@id\":\"https:\\\/\\\/cafetoria.fi\\\/product\\\/decafe-resistcaffeine\\\/#breadcrumb\",\"itemListElement\":[{\"@type\":\"ListItem\",\"position\":1,\"name\":\"Home\",\"item\":\"https:\\\/\\\/cafetoria.fi\\\/\"},{\"@type\":\"ListItem\",\"position\":2,\"name\":\"Shop\",\"item\":\"https:\\\/\\\/cafetoria.fi\\\/shop\\\/\"},{\"@type\":\"ListItem\",\"position\":3,\"name\":\"Decafe\"}]},{\"@type\":\"WebSite\",\"@id\":\"https:\\\/\\\/cafetoria.fi\\\/#website\",\"url\":\"https:\\\/\\\/cafetoria.fi\\\/\",\"name\":\"Cafetoria: Nordic Latin Coffee Roastery\",\"description\":\"We roast and brew great coffees for great people\",\"publisher\":{\"@id\":\"https:\\\/\\\/cafetoria.fi\\\/#organization\"},\"potentialAction\":[{\"@type\":\"SearchAction\",\"target\":{\"@type\":\"EntryPoint\",\"urlTemplate\":\"https:\\\/\\\/cafetoria.fi\\\/?s={search_term_string}\"},\"query-input\":{\"@type\":\"PropertyValueSpecification\",\"valueRequired\":true,\"valueName\":\"search_term_string\"}}],\"inLanguage\":\"fi\"},{\"@type\":\"Organization\",\"@id\":\"https:\\\/\\\/cafetoria.fi\\\/#organization\",\"name\":\"Cafetoria: Nordic Latin Coffee Roastery\",\"url\":\"https:\\\/\\\/cafetoria.fi\\\/\",\"logo\":{\"@type\":\"ImageObject\",\"inLanguage\":\"fi\",\"@id\":\"https:\\\/\\\/cafetoria.fi\\\/#\\\/schema\\\/logo\\\/image\\\/\",\"url\":\"https:\\\/\\\/cafetoria.fi\\\/wp-content\\\/uploads\\\/2023\\\/07\\\/BACKGROUND_CAFETORIA.bmp\",\"contentUrl\":\"https:\\\/\\\/cafetoria.fi\\\/wp-content\\\/uploads\\\/2023\\\/07\\\/BACKGROUND_CAFETORIA.bmp\",\"width\":533,\"height\":497,\"caption\":\"Cafetoria: Nordic Latin Coffee Roastery\"},\"image\":{\"@id\":\"https:\\\/\\\/cafetoria.fi\\\/#\\\/schema\\\/logo\\\/image\\\/\"},\"sameAs\":[\"https:\\\/\\\/www.facebook.com\\\/cafetoriaroastery\",\"https:\\\/\\\/www.instagram.com\\\/cafetoriaroastery\\\/\"]}]}<\/script>\n<!-- \/ Yoast SEO plugin. -->","yoast_head_json":{"title":"Decafe - Cafetoria: Nordic Latin Coffee Roastery","robots":{"index":"index","follow":"follow","max-snippet":"max-snippet:-1","max-image-preview":"max-image-preview:large","max-video-preview":"max-video-preview:-1"},"canonical":"https:\/\/cafetoria.fi\/fi\/tuote\/decafe-resistcaffeine\/","og_locale":"fi_FI","og_type":"article","og_title":"Decafe - Cafetoria: Nordic Latin Coffee Roastery","og_description":"Made out of two bright Latin American coffees from Peru and Mexico, our Decafe was our first decaf product we created. Specifically designed for the Nordic market, this coffee is light roasted so as to enjoy best the natural flavours of its beans and a lively but gentle acidity. Origin: Mexico, Peru Bean: 100% arabica, [&hellip;]","og_url":"https:\/\/cafetoria.fi\/fi\/tuote\/decafe-resistcaffeine\/","og_site_name":"Cafetoria: Nordic Latin Coffee Roastery","article_publisher":"https:\/\/www.facebook.com\/cafetoriaroastery","article_modified_time":"2026-04-06T07:03:04+00:00","og_image":[{"width":600,"height":600,"url":"https:\/\/cafetoria.fi\/wp-content\/uploads\/2021\/05\/decafe_Fotor.jpg","type":"image\/jpeg"}],"twitter_card":"summary_large_image","twitter_misc":{"Arvioitu lukuaika":"1 minuutti"},"schema":{"@context":"https:\/\/schema.org","@graph":[{"@type":"WebPage","@id":"https:\/\/cafetoria.fi\/product\/decafe-resistcaffeine\/","url":"https:\/\/cafetoria.fi\/product\/decafe-resistcaffeine\/","name":"Decafe - Cafetoria: Nordic Latin Coffee Roastery","isPartOf":{"@id":"https:\/\/cafetoria.fi\/#website"},"primaryImageOfPage":{"@id":"https:\/\/cafetoria.fi\/product\/decafe-resistcaffeine\/#primaryimage"},"image":{"@id":"https:\/\/cafetoria.fi\/product\/decafe-resistcaffeine\/#primaryimage"},"thumbnailUrl":"https:\/\/cafetoria.fi\/wp-content\/uploads\/2021\/05\/decafe_Fotor.jpg","datePublished":"2022-02-16T18:28:25+00:00","dateModified":"2026-04-06T07:03:04+00:00","breadcrumb":{"@id":"https:\/\/cafetoria.fi\/product\/decafe-resistcaffeine\/#breadcrumb"},"inLanguage":"fi","potentialAction":[{"@type":"ReadAction","target":["https:\/\/cafetoria.fi\/product\/decafe-resistcaffeine\/"]}]},{"@type":"ImageObject","inLanguage":"fi","@id":"https:\/\/cafetoria.fi\/product\/decafe-resistcaffeine\/#primaryimage","url":"https:\/\/cafetoria.fi\/wp-content\/uploads\/2021\/05\/decafe_Fotor.jpg","contentUrl":"https:\/\/cafetoria.fi\/wp-content\/uploads\/2021\/05\/decafe_Fotor.jpg","width":600,"height":600},{"@type":"BreadcrumbList","@id":"https:\/\/cafetoria.fi\/product\/decafe-resistcaffeine\/#breadcrumb","itemListElement":[{"@type":"ListItem","position":1,"name":"Home","item":"https:\/\/cafetoria.fi\/"},{"@type":"ListItem","position":2,"name":"Shop","item":"https:\/\/cafetoria.fi\/shop\/"},{"@type":"ListItem","position":3,"name":"Decafe"}]},{"@type":"WebSite","@id":"https:\/\/cafetoria.fi\/#website","url":"https:\/\/cafetoria.fi\/","name":"Cafetoria: Nordic Latin Coffee Roastery","description":"We roast and brew great coffees for great people","publisher":{"@id":"https:\/\/cafetoria.fi\/#organization"},"potentialAction":[{"@type":"SearchAction","target":{"@type":"EntryPoint","urlTemplate":"https:\/\/cafetoria.fi\/?s={search_term_string}"},"query-input":{"@type":"PropertyValueSpecification","valueRequired":true,"valueName":"search_term_string"}}],"inLanguage":"fi"},{"@type":"Organization","@id":"https:\/\/cafetoria.fi\/#organization","name":"Cafetoria: Nordic Latin Coffee Roastery","url":"https:\/\/cafetoria.fi\/","logo":{"@type":"ImageObject","inLanguage":"fi","@id":"https:\/\/cafetoria.fi\/#\/schema\/logo\/image\/","url":"https:\/\/cafetoria.fi\/wp-content\/uploads\/2023\/07\/BACKGROUND_CAFETORIA.bmp","contentUrl":"https:\/\/cafetoria.fi\/wp-content\/uploads\/2023\/07\/BACKGROUND_CAFETORIA.bmp","width":533,"height":497,"caption":"Cafetoria: Nordic Latin Coffee Roastery"},"image":{"@id":"https:\/\/cafetoria.fi\/#\/schema\/logo\/image\/"},"sameAs":["https:\/\/www.facebook.com\/cafetoriaroastery","https:\/\/www.instagram.com\/cafetoriaroastery\/"]}]}},"_links":{"self":[{"href":"https:\/\/cafetoria.fi\/fi\/wp-json\/wp\/v2\/product\/13847","targetHints":{"allow":["GET"]}}],"collection":[{"href":"https:\/\/cafetoria.fi\/fi\/wp-json\/wp\/v2\/product"}],"about":[{"href":"https:\/\/cafetoria.fi\/fi\/wp-json\/wp\/v2\/types\/product"}],"replies":[{"embeddable":true,"href":"https:\/\/cafetoria.fi\/fi\/wp-json\/wp\/v2\/comments?post=13847"}],"wp:featuredmedia":[{"embeddable":true,"href":"https:\/\/cafetoria.fi\/fi\/wp-json\/wp\/v2\/media\/902"}],"wp:attachment":[{"href":"https:\/\/cafetoria.fi\/fi\/wp-json\/wp\/v2\/media?parent=13847"}],"wp:term":[{"taxonomy":"product_brand","embeddable":true,"href":"https:\/\/cafetoria.fi\/fi\/wp-json\/wp\/v2\/product_brand?post=13847"},{"taxonomy":"product_cat","embeddable":true,"href":"https:\/\/cafetoria.fi\/fi\/wp-json\/wp\/v2\/product_cat?post=13847"},{"taxonomy":"product_tag","embeddable":true,"href":"https:\/\/cafetoria.fi\/fi\/wp-json\/wp\/v2\/product_tag?post=13847"}],"curies":[{"name":"wp","href":"https:\/\/api.w.org\/{rel}","templated":true}]}}