{"id":13846,"date":"2022-02-16T18:28:25","date_gmt":"2022-02-16T18:28:25","guid":{"rendered":"http:\/\/new.cafetoria.fi\/?post_type=product&#038;p=13846"},"modified":"2026-02-25T13:12:12","modified_gmt":"2026-02-25T11:12:12","slug":"peru-gran-palomar","status":"publish","type":"product","link":"https:\/\/cafetoria.fi\/fi\/tuote\/peru-gran-palomar\/","title":{"rendered":"Gran Palomar"},"content":{"rendered":"<p>Gran Palomar on vuosia kest\u00e4neen avoimen ja yst\u00e4v\u00e4llisen yhteisty\u00f6n tulos perulaisten kahvin pientuottajien kanssa. Heit\u00e4 on siunattu maaper\u00e4ll\u00e4, jossa kasvaa upeita kahveja, korkealla Andien vuoristossa. Me paahdamme kahvin pieteetill\u00e4 pikkupaahtimollamme tuodaksemme kahvin suklaiset ja p\u00e4hkin\u00e4iset aromit runsaina esiin. Ihastu Andien aromeihin!<\/p>\n<ul>\n<li style=\"list-style-type: none;\">\n<ul>\n<li style=\"list-style-type: none;\">\n<ul>\n<li><strong>Tuottaja<\/strong>: Palomar Cooperative<\/li>\n<li><strong>Sijainti:<\/strong> Chanchamayo, Peru<br \/>\n1200-1800m mpy<\/li>\n<li><strong>Kahvipapu:<\/strong> Catimor, Caturra, Pache, Gesha<\/li>\n<li><strong>Paahtoaste:<\/strong> Tumma<\/li>\n<li><strong>Sertifiointi:<\/strong> Luomu<\/li>\n<\/ul>\n<\/li>\n<\/ul>\n<\/li>\n<\/ul>","protected":false},"excerpt":{"rendered":"<p>Gran Palomar is the result of our open and friendly co-operation with small coffee farmers from Peru. They are blessed with a land that produces fantastic coffees, which grow high up in the Andes. Hand-roasted with passion at our small roastery in Finland in a way that brings forth its delightful aromas and nutty and [&hellip;]<\/p>\n","protected":false},"featured_media":901,"comment_status":"open","ping_status":"closed","template":"","meta":{"_acf_changed":false,"_glsr_average":5,"_glsr_ranking":3.75,"_glsr_reviews":2},"product_brand":[],"product_cat":[250,251,252,253],"product_tag":[],"class_list":{"0":"post-13846","1":"product","2":"type-product","3":"status-publish","4":"has-post-thumbnail","6":"product_cat-coffees","7":"product_cat-filter","8":"product_cat-organic","9":"product_cat-single-origin","10":"product_shipping_class-food_class","11":"pa_grinding-aeropress","12":"pa_grinding-beans","13":"pa_grinding-espresso","14":"pa_grinding-filter","15":"pa_grinding-french-press","16":"pa_grinding-moka-pot","17":"pa_grinding-pannu","18":"pa_roast-dark","19":"pa_roast-light","20":"pa_weight-1kg","21":"pa_weight-250g","23":"first","24":"instock","25":"taxable","26":"shipping-taxable","27":"purchasable","28":"product-type-variable","29":"has-default-attributes"},"acf":[],"yoast_head":"<!-- This site is optimized with the Yoast SEO plugin v27.4 - https:\/\/yoast.com\/product\/yoast-seo-wordpress\/ -->\n<title>Gran Palomar - Cafetoria: Nordic Latin Coffee Roastery<\/title>\n<meta name=\"robots\" content=\"index, follow, max-snippet:-1, max-image-preview:large, max-video-preview:-1\" \/>\n<link rel=\"canonical\" href=\"https:\/\/cafetoria.fi\/fi\/tuote\/peru-gran-palomar\/\" \/>\n<meta property=\"og:locale\" content=\"fi_FI\" \/>\n<meta property=\"og:type\" content=\"article\" \/>\n<meta property=\"og:title\" content=\"Gran Palomar - Cafetoria: Nordic Latin Coffee Roastery\" \/>\n<meta property=\"og:description\" content=\"Gran Palomar is the result of our open and friendly co-operation with small coffee farmers from Peru. They are blessed with a land that produces fantastic coffees, which grow high up in the Andes. Hand-roasted with passion at our small roastery in Finland in a way that brings forth its delightful aromas and nutty and [&hellip;]\" \/>\n<meta property=\"og:url\" content=\"https:\/\/cafetoria.fi\/fi\/tuote\/peru-gran-palomar\/\" \/>\n<meta property=\"og:site_name\" content=\"Cafetoria: Nordic Latin Coffee Roastery\" \/>\n<meta property=\"article:publisher\" content=\"https:\/\/www.facebook.com\/cafetoriaroastery\" \/>\n<meta property=\"article:modified_time\" content=\"2026-02-25T11:12:12+00:00\" \/>\n<meta property=\"og:image\" content=\"https:\/\/cafetoria.fi\/wp-content\/uploads\/2021\/05\/gp.png\" \/>\n\t<meta property=\"og:image:width\" content=\"700\" \/>\n\t<meta property=\"og:image:height\" content=\"700\" \/>\n\t<meta property=\"og:image:type\" content=\"image\/png\" \/>\n<meta name=\"twitter:card\" content=\"summary_large_image\" \/>\n<meta name=\"twitter:label1\" content=\"Arvioitu lukuaika\" \/>\n\t<meta name=\"twitter:data1\" content=\"1 minuutti\" \/>\n<script type=\"application\/ld+json\" class=\"yoast-schema-graph\">{\"@context\":\"https:\\\/\\\/schema.org\",\"@graph\":[{\"@type\":\"WebPage\",\"@id\":\"https:\\\/\\\/cafetoria.fi\\\/product\\\/peru-gran-palomar\\\/\",\"url\":\"https:\\\/\\\/cafetoria.fi\\\/product\\\/peru-gran-palomar\\\/\",\"name\":\"Gran Palomar - Cafetoria: Nordic Latin Coffee Roastery\",\"isPartOf\":{\"@id\":\"https:\\\/\\\/cafetoria.fi\\\/#website\"},\"primaryImageOfPage\":{\"@id\":\"https:\\\/\\\/cafetoria.fi\\\/product\\\/peru-gran-palomar\\\/#primaryimage\"},\"image\":{\"@id\":\"https:\\\/\\\/cafetoria.fi\\\/product\\\/peru-gran-palomar\\\/#primaryimage\"},\"thumbnailUrl\":\"https:\\\/\\\/cafetoria.fi\\\/wp-content\\\/uploads\\\/2021\\\/05\\\/gp.png\",\"datePublished\":\"2022-02-16T18:28:25+00:00\",\"dateModified\":\"2026-02-25T11:12:12+00:00\",\"breadcrumb\":{\"@id\":\"https:\\\/\\\/cafetoria.fi\\\/product\\\/peru-gran-palomar\\\/#breadcrumb\"},\"inLanguage\":\"fi\",\"potentialAction\":[{\"@type\":\"ReadAction\",\"target\":[\"https:\\\/\\\/cafetoria.fi\\\/product\\\/peru-gran-palomar\\\/\"]}]},{\"@type\":\"ImageObject\",\"inLanguage\":\"fi\",\"@id\":\"https:\\\/\\\/cafetoria.fi\\\/product\\\/peru-gran-palomar\\\/#primaryimage\",\"url\":\"https:\\\/\\\/cafetoria.fi\\\/wp-content\\\/uploads\\\/2021\\\/05\\\/gp.png\",\"contentUrl\":\"https:\\\/\\\/cafetoria.fi\\\/wp-content\\\/uploads\\\/2021\\\/05\\\/gp.png\",\"width\":700,\"height\":700},{\"@type\":\"BreadcrumbList\",\"@id\":\"https:\\\/\\\/cafetoria.fi\\\/product\\\/peru-gran-palomar\\\/#breadcrumb\",\"itemListElement\":[{\"@type\":\"ListItem\",\"position\":1,\"name\":\"Home\",\"item\":\"https:\\\/\\\/cafetoria.fi\\\/\"},{\"@type\":\"ListItem\",\"position\":2,\"name\":\"Shop\",\"item\":\"https:\\\/\\\/cafetoria.fi\\\/shop\\\/\"},{\"@type\":\"ListItem\",\"position\":3,\"name\":\"Gran Palomar\"}]},{\"@type\":\"WebSite\",\"@id\":\"https:\\\/\\\/cafetoria.fi\\\/#website\",\"url\":\"https:\\\/\\\/cafetoria.fi\\\/\",\"name\":\"Cafetoria: Nordic Latin Coffee Roastery\",\"description\":\"We roast and brew great coffees for great people\",\"publisher\":{\"@id\":\"https:\\\/\\\/cafetoria.fi\\\/#organization\"},\"potentialAction\":[{\"@type\":\"SearchAction\",\"target\":{\"@type\":\"EntryPoint\",\"urlTemplate\":\"https:\\\/\\\/cafetoria.fi\\\/?s={search_term_string}\"},\"query-input\":{\"@type\":\"PropertyValueSpecification\",\"valueRequired\":true,\"valueName\":\"search_term_string\"}}],\"inLanguage\":\"fi\"},{\"@type\":\"Organization\",\"@id\":\"https:\\\/\\\/cafetoria.fi\\\/#organization\",\"name\":\"Cafetoria: Nordic Latin Coffee Roastery\",\"url\":\"https:\\\/\\\/cafetoria.fi\\\/\",\"logo\":{\"@type\":\"ImageObject\",\"inLanguage\":\"fi\",\"@id\":\"https:\\\/\\\/cafetoria.fi\\\/#\\\/schema\\\/logo\\\/image\\\/\",\"url\":\"https:\\\/\\\/cafetoria.fi\\\/wp-content\\\/uploads\\\/2023\\\/07\\\/BACKGROUND_CAFETORIA.bmp\",\"contentUrl\":\"https:\\\/\\\/cafetoria.fi\\\/wp-content\\\/uploads\\\/2023\\\/07\\\/BACKGROUND_CAFETORIA.bmp\",\"width\":533,\"height\":497,\"caption\":\"Cafetoria: Nordic Latin Coffee Roastery\"},\"image\":{\"@id\":\"https:\\\/\\\/cafetoria.fi\\\/#\\\/schema\\\/logo\\\/image\\\/\"},\"sameAs\":[\"https:\\\/\\\/www.facebook.com\\\/cafetoriaroastery\",\"https:\\\/\\\/www.instagram.com\\\/cafetoriaroastery\\\/\"]}]}<\/script>\n<!-- \/ Yoast SEO plugin. -->","yoast_head_json":{"title":"Gran Palomar - Cafetoria: Nordic Latin Coffee Roastery","robots":{"index":"index","follow":"follow","max-snippet":"max-snippet:-1","max-image-preview":"max-image-preview:large","max-video-preview":"max-video-preview:-1"},"canonical":"https:\/\/cafetoria.fi\/fi\/tuote\/peru-gran-palomar\/","og_locale":"fi_FI","og_type":"article","og_title":"Gran Palomar - Cafetoria: Nordic Latin Coffee Roastery","og_description":"Gran Palomar is the result of our open and friendly co-operation with small coffee farmers from Peru. They are blessed with a land that produces fantastic coffees, which grow high up in the Andes. Hand-roasted with passion at our small roastery in Finland in a way that brings forth its delightful aromas and nutty and [&hellip;]","og_url":"https:\/\/cafetoria.fi\/fi\/tuote\/peru-gran-palomar\/","og_site_name":"Cafetoria: Nordic Latin Coffee Roastery","article_publisher":"https:\/\/www.facebook.com\/cafetoriaroastery","article_modified_time":"2026-02-25T11:12:12+00:00","og_image":[{"width":700,"height":700,"url":"https:\/\/cafetoria.fi\/wp-content\/uploads\/2021\/05\/gp.png","type":"image\/png"}],"twitter_card":"summary_large_image","twitter_misc":{"Arvioitu lukuaika":"1 minuutti"},"schema":{"@context":"https:\/\/schema.org","@graph":[{"@type":"WebPage","@id":"https:\/\/cafetoria.fi\/product\/peru-gran-palomar\/","url":"https:\/\/cafetoria.fi\/product\/peru-gran-palomar\/","name":"Gran Palomar - Cafetoria: Nordic Latin Coffee Roastery","isPartOf":{"@id":"https:\/\/cafetoria.fi\/#website"},"primaryImageOfPage":{"@id":"https:\/\/cafetoria.fi\/product\/peru-gran-palomar\/#primaryimage"},"image":{"@id":"https:\/\/cafetoria.fi\/product\/peru-gran-palomar\/#primaryimage"},"thumbnailUrl":"https:\/\/cafetoria.fi\/wp-content\/uploads\/2021\/05\/gp.png","datePublished":"2022-02-16T18:28:25+00:00","dateModified":"2026-02-25T11:12:12+00:00","breadcrumb":{"@id":"https:\/\/cafetoria.fi\/product\/peru-gran-palomar\/#breadcrumb"},"inLanguage":"fi","potentialAction":[{"@type":"ReadAction","target":["https:\/\/cafetoria.fi\/product\/peru-gran-palomar\/"]}]},{"@type":"ImageObject","inLanguage":"fi","@id":"https:\/\/cafetoria.fi\/product\/peru-gran-palomar\/#primaryimage","url":"https:\/\/cafetoria.fi\/wp-content\/uploads\/2021\/05\/gp.png","contentUrl":"https:\/\/cafetoria.fi\/wp-content\/uploads\/2021\/05\/gp.png","width":700,"height":700},{"@type":"BreadcrumbList","@id":"https:\/\/cafetoria.fi\/product\/peru-gran-palomar\/#breadcrumb","itemListElement":[{"@type":"ListItem","position":1,"name":"Home","item":"https:\/\/cafetoria.fi\/"},{"@type":"ListItem","position":2,"name":"Shop","item":"https:\/\/cafetoria.fi\/shop\/"},{"@type":"ListItem","position":3,"name":"Gran Palomar"}]},{"@type":"WebSite","@id":"https:\/\/cafetoria.fi\/#website","url":"https:\/\/cafetoria.fi\/","name":"Cafetoria: Nordic Latin Coffee Roastery","description":"We roast and brew great coffees for great people","publisher":{"@id":"https:\/\/cafetoria.fi\/#organization"},"potentialAction":[{"@type":"SearchAction","target":{"@type":"EntryPoint","urlTemplate":"https:\/\/cafetoria.fi\/?s={search_term_string}"},"query-input":{"@type":"PropertyValueSpecification","valueRequired":true,"valueName":"search_term_string"}}],"inLanguage":"fi"},{"@type":"Organization","@id":"https:\/\/cafetoria.fi\/#organization","name":"Cafetoria: Nordic Latin Coffee Roastery","url":"https:\/\/cafetoria.fi\/","logo":{"@type":"ImageObject","inLanguage":"fi","@id":"https:\/\/cafetoria.fi\/#\/schema\/logo\/image\/","url":"https:\/\/cafetoria.fi\/wp-content\/uploads\/2023\/07\/BACKGROUND_CAFETORIA.bmp","contentUrl":"https:\/\/cafetoria.fi\/wp-content\/uploads\/2023\/07\/BACKGROUND_CAFETORIA.bmp","width":533,"height":497,"caption":"Cafetoria: Nordic Latin Coffee Roastery"},"image":{"@id":"https:\/\/cafetoria.fi\/#\/schema\/logo\/image\/"},"sameAs":["https:\/\/www.facebook.com\/cafetoriaroastery","https:\/\/www.instagram.com\/cafetoriaroastery\/"]}]}},"_links":{"self":[{"href":"https:\/\/cafetoria.fi\/fi\/wp-json\/wp\/v2\/product\/13846","targetHints":{"allow":["GET"]}}],"collection":[{"href":"https:\/\/cafetoria.fi\/fi\/wp-json\/wp\/v2\/product"}],"about":[{"href":"https:\/\/cafetoria.fi\/fi\/wp-json\/wp\/v2\/types\/product"}],"replies":[{"embeddable":true,"href":"https:\/\/cafetoria.fi\/fi\/wp-json\/wp\/v2\/comments?post=13846"}],"wp:featuredmedia":[{"embeddable":true,"href":"https:\/\/cafetoria.fi\/fi\/wp-json\/wp\/v2\/media\/901"}],"wp:attachment":[{"href":"https:\/\/cafetoria.fi\/fi\/wp-json\/wp\/v2\/media?parent=13846"}],"wp:term":[{"taxonomy":"product_brand","embeddable":true,"href":"https:\/\/cafetoria.fi\/fi\/wp-json\/wp\/v2\/product_brand?post=13846"},{"taxonomy":"product_cat","embeddable":true,"href":"https:\/\/cafetoria.fi\/fi\/wp-json\/wp\/v2\/product_cat?post=13846"},{"taxonomy":"product_tag","embeddable":true,"href":"https:\/\/cafetoria.fi\/fi\/wp-json\/wp\/v2\/product_tag?post=13846"}],"curies":[{"name":"wp","href":"https:\/\/api.w.org\/{rel}","templated":true}]}}