{"id":121,"date":"2021-05-11T11:39:52","date_gmt":"2021-05-11T11:39:52","guid":{"rendered":"http:\/\/new.cafetoria.fi\/?page_id=121"},"modified":"2022-02-25T12:37:48","modified_gmt":"2022-02-25T10:37:48","slug":"payment-and-shipping","status":"publish","type":"page","link":"https:\/\/cafetoria.fi\/fi\/payment-and-shipping\/","title":{"rendered":"Maksu ja toimitus"},"content":{"rendered":"<div data-elementor-type=\"wp-page\" data-elementor-id=\"121\" class=\"elementor elementor-121\" data-elementor-post-type=\"page\">\n\t\t\t\t\t\t<section class=\"elementor-section elementor-top-section elementor-element elementor-element-0b93ac4 elementor-section-boxed elementor-section-height-default elementor-section-height-default\" data-id=\"0b93ac4\" data-element_type=\"section\" data-e-type=\"section\">\n\t\t\t\t\t\t<div class=\"elementor-container elementor-column-gap-default\">\n\t\t\t\t\t<div class=\"elementor-column elementor-col-100 elementor-top-column elementor-element elementor-element-9d680c1\" data-id=\"9d680c1\" data-element_type=\"column\" data-e-type=\"column\">\n\t\t\t<div class=\"elementor-widget-wrap elementor-element-populated\">\n\t\t\t\t\t\t<div class=\"elementor-element elementor-element-15bef3c elementor-widget elementor-widget-heading\" data-id=\"15bef3c\" data-element_type=\"widget\" data-e-type=\"widget\" data-widget_type=\"heading.default\">\n\t\t\t\t\t<p class=\"elementor-heading-title elementor-size-default\">Hello!<\/p>\t\t\t\t<\/div>\n\t\t\t\t<div class=\"elementor-element elementor-element-472b036 elementor-widget elementor-widget-text-editor\" data-id=\"472b036\" data-element_type=\"widget\" data-e-type=\"widget\" data-widget_type=\"text-editor.default\">\n\t\t\t\t\t\t\t\t\t<p>We really appreciate your interest in purchasing our coffees, coffee equipments and everything else.\u00a0Besides being coffee roasters of fine coffees we also distribute equipments and coffee accessories \u00a0of recognised manufacturers. Here some useful information for you:<\/p>\t\t\t\t\t\t\t\t<\/div>\n\t\t\t\t<div class=\"elementor-element elementor-element-5b39249 elementor-widget elementor-widget-heading\" data-id=\"5b39249\" data-element_type=\"widget\" data-e-type=\"widget\" data-widget_type=\"heading.default\">\n\t\t\t\t\t<p class=\"elementor-heading-title elementor-size-default\">SHIPPING<\/p>\t\t\t\t<\/div>\n\t\t\t\t<div class=\"elementor-element elementor-element-a41473d elementor-widget elementor-widget-text-editor\" data-id=\"a41473d\" data-element_type=\"widget\" data-e-type=\"widget\" data-widget_type=\"text-editor.default\">\n\t\t\t\t\t\t\t\t\t<p>Most of the cases the orders are shipped to you within 1-2 working days after the payment is received. We use the shipping method that you select during your purchase. Transportation charges are applied according to the destination address. Orders that include coffee equipments may have some extra costs, as shown below. Finland:<\/p><ul><li><strong>Pick-up<\/strong>: Free of charge. You can either choose our two locations (T\u00f6\u00f6l\u00f6 and Lohja)<\/li><li><strong>Smartpost:<\/strong>\u00a0Convenient method with attractive price. You can choose also the closest SmartPost delivery point. Charges:\u00a05,9e.<\/li><li><strong>Posti:<\/strong>\u00a0You can collect your order from the nearest Post office. Charges:\u00a08,9e.<\/li><li><strong>DHL:<\/strong> 18e. For fast deliveries. Products are delivered straight to your door. Charges: 14,5e\/20e (for coffee equipments)<\/li><\/ul><p>Nordic and Baltic countries<\/p><ul><li>Post: 8,9e\/15e (coffee equipments)<\/li><li>DHL: 15e\/20e (coffee equipments)<\/li><\/ul><p>Western Europe<\/p><ul><li>Post: 8,9e\/20e (coffee equipments)<\/li><li>DHL: 18e \/30 e (coffee equipments)<\/li><\/ul>\t\t\t\t\t\t\t\t<\/div>\n\t\t\t\t<div class=\"elementor-element elementor-element-0536de4 elementor-widget elementor-widget-heading\" data-id=\"0536de4\" data-element_type=\"widget\" data-e-type=\"widget\" data-widget_type=\"heading.default\">\n\t\t\t\t\t<p class=\"elementor-heading-title elementor-size-default\">PAYMENT METHODS<\/p>\t\t\t\t<\/div>\n\t\t\t\t<div class=\"elementor-element elementor-element-b556e87 elementor-widget elementor-widget-text-editor\" data-id=\"b556e87\" data-element_type=\"widget\" data-e-type=\"widget\" data-widget_type=\"text-editor.default\">\n\t\t\t\t\t\t\t\t\t<div class=\"rte\"><p>We only offer secure payment methods.\u00a0We do not charge for payment methods<\/p><ul><li><strong>Payment cards:<\/strong>\u00a0You can pay with our Visa, Visa Debit, Visa Electron, MasterCard and Debit MasterCard cards.\u00a0Card payment in our online store is secured by Paytrail&#8217;s SSL-protected payment form.\u00a0Our company does not have access to card information, and payment card information is not stored in our systems.\u00a0Our online store uses international Verified by Visa and MasterCard SecureCode verification services to authenticate the cardholder&#8217;s identity.<\/li><\/ul><ul><li><strong>Online Payment:<\/strong>In our store, you can pay for your purchases with most Finnish banks such as Nordea, Sampo Bank etc. Your order will be charged directly from your bank account.\u00a0Payment takes place in the same way as the payment of any invoice in Netbank.\u00a0When choosing a payment method for your online payment, simply click on the logo of your bank to go to your online bank to make a payment.\u00a0You will need your bank&#8217;s internet IDs to validate your payment.\u00a0Check that the amount you charge is correct and confirm the payment.\u00a0After confirming your payment details, your bank will transfer you back to our online store.\u00a0The charge will be charged from the account at the same time and you will receive an order confirmation in your email.\u00a0Our cash and payment process is protected by SSL. We do not receive any account information, nor do we store your account information on our servers.<\/li><\/ul><ul><li><strong>Other payments: We support MobilePay. <\/strong><\/li><\/ul><ul><li><strong>Credit Transfer:<\/strong>\u00a0Once you have subscribed, you will receive an instant email showing the details of your order and our bank details.\u00a0We begin processing your order when your payment is reflected in our account.<\/li><\/ul><p><strong>Payment Service Provider Payment estate provider of the service and the payment service provider operates Paytrail Plc (2122839-7) in co-operation with Finnish banks and credit institutions.\u00a0Paytrail Plc will be credited to the payer by bank statement or card payment and forward payment to the merchant.\u00a0Paytrail Plc has a payment institution license.\u00a0In the case of complaints, we ask you to contact the vendor first. Paytrail Corporation, Business ID: 2122839-7 Innova 2 Lutakonaukio 7 40100 Jyv\u00e4skyl\u00e4 Phone: 0207 181830 Online Banking Paytrail Plc (2122839-7) is co-operated with Finnish banks and credit institutions.\u00a0For the user, the service works just like traditional online payments. <\/strong><\/p><\/div>\t\t\t\t\t\t\t\t<\/div>\n\t\t\t\t\t<\/div>\n\t\t<\/div>\n\t\t\t\t\t<\/div>\n\t\t<\/section>\n\t\t\t\t<section class=\"elementor-section elementor-top-section elementor-element elementor-element-f92a0da elementor-section-boxed elementor-section-height-default elementor-section-height-default\" data-id=\"f92a0da\" data-element_type=\"section\" data-e-type=\"section\">\n\t\t\t\t\t\t<div class=\"elementor-container elementor-column-gap-default\">\n\t\t\t\t\t<div class=\"elementor-column elementor-col-100 elementor-top-column elementor-element elementor-element-bc278cd\" data-id=\"bc278cd\" data-element_type=\"column\" data-e-type=\"column\">\n\t\t\t<div class=\"elementor-widget-wrap elementor-element-populated\">\n\t\t\t\t\t\t<div class=\"elementor-element elementor-element-5ad2353 elementor-widget elementor-widget-spacer\" data-id=\"5ad2353\" data-element_type=\"widget\" data-e-type=\"widget\" data-widget_type=\"spacer.default\">\n\t\t\t\t\t\t\t<div class=\"elementor-spacer\">\n\t\t\t<div class=\"elementor-spacer-inner\"><\/div>\n\t\t<\/div>\n\t\t\t\t\t\t<\/div>\n\t\t\t\t\t<\/div>\n\t\t<\/div>\n\t\t\t\t\t<\/div>\n\t\t<\/section>\n\t\t\t\t<\/div>","protected":false},"excerpt":{"rendered":"<p>Hello! We really appreciate your interest in purchasing our coffees, coffee equipments and everything else.\u00a0Besides being coffee roasters of fine coffees we also distribute equipments and coffee accessories \u00a0of recognised manufacturers. Here some useful information for you: SHIPPING Most of the cases the orders are shipped to you within 1-2 working days after the payment [&hellip;]<\/p>\n","protected":false},"author":1,"featured_media":0,"parent":0,"menu_order":0,"comment_status":"closed","ping_status":"closed","template":"","meta":{"_acf_changed":false,"_glsr_average":0,"_glsr_ranking":0,"_glsr_reviews":0,"footnotes":""},"class_list":["post-121","page","type-page","status-publish","hentry"],"acf":[],"yoast_head":"<!-- This site is optimized with the Yoast SEO plugin v27.4 - https:\/\/yoast.com\/product\/yoast-seo-wordpress\/ -->\n<title>Payment and shipping - Cafetoria: Nordic Latin Coffee Roastery<\/title>\n<meta name=\"robots\" content=\"index, follow, max-snippet:-1, max-image-preview:large, max-video-preview:-1\" \/>\n<link rel=\"canonical\" href=\"https:\/\/cafetoria.fi\/fi\/payment-and-shipping\/\" \/>\n<meta property=\"og:locale\" content=\"fi_FI\" \/>\n<meta property=\"og:type\" content=\"article\" \/>\n<meta property=\"og:title\" content=\"Payment and shipping - Cafetoria: Nordic Latin Coffee Roastery\" \/>\n<meta property=\"og:description\" content=\"Hello! We really appreciate your interest in purchasing our coffees, coffee equipments and everything else.\u00a0Besides being coffee roasters of fine coffees we also distribute equipments and coffee accessories \u00a0of recognised manufacturers. Here some useful information for you: SHIPPING Most of the cases the orders are shipped to you within 1-2 working days after the payment [&hellip;]\" \/>\n<meta property=\"og:url\" content=\"https:\/\/cafetoria.fi\/fi\/payment-and-shipping\/\" \/>\n<meta property=\"og:site_name\" content=\"Cafetoria: Nordic Latin Coffee Roastery\" \/>\n<meta property=\"article:publisher\" content=\"https:\/\/www.facebook.com\/cafetoriaroastery\" \/>\n<meta property=\"article:modified_time\" content=\"2022-02-25T10:37:48+00:00\" \/>\n<meta name=\"twitter:card\" content=\"summary_large_image\" \/>\n<meta name=\"twitter:label1\" content=\"Arvioitu lukuaika\" \/>\n\t<meta name=\"twitter:data1\" content=\"3 minuuttia\" \/>\n<script type=\"application\/ld+json\" class=\"yoast-schema-graph\">{\"@context\":\"https:\\\/\\\/schema.org\",\"@graph\":[{\"@type\":\"WebPage\",\"@id\":\"https:\\\/\\\/cafetoria.fi\\\/payment-and-shipping\\\/\",\"url\":\"https:\\\/\\\/cafetoria.fi\\\/payment-and-shipping\\\/\",\"name\":\"Payment and shipping - Cafetoria: Nordic Latin Coffee Roastery\",\"isPartOf\":{\"@id\":\"https:\\\/\\\/cafetoria.fi\\\/#website\"},\"datePublished\":\"2021-05-11T11:39:52+00:00\",\"dateModified\":\"2022-02-25T10:37:48+00:00\",\"breadcrumb\":{\"@id\":\"https:\\\/\\\/cafetoria.fi\\\/payment-and-shipping\\\/#breadcrumb\"},\"inLanguage\":\"fi\",\"potentialAction\":[{\"@type\":\"ReadAction\",\"target\":[\"https:\\\/\\\/cafetoria.fi\\\/payment-and-shipping\\\/\"]}]},{\"@type\":\"BreadcrumbList\",\"@id\":\"https:\\\/\\\/cafetoria.fi\\\/payment-and-shipping\\\/#breadcrumb\",\"itemListElement\":[{\"@type\":\"ListItem\",\"position\":1,\"name\":\"Home\",\"item\":\"https:\\\/\\\/cafetoria.fi\\\/\"},{\"@type\":\"ListItem\",\"position\":2,\"name\":\"Payment and shipping\"}]},{\"@type\":\"WebSite\",\"@id\":\"https:\\\/\\\/cafetoria.fi\\\/#website\",\"url\":\"https:\\\/\\\/cafetoria.fi\\\/\",\"name\":\"Cafetoria: Nordic Latin Coffee Roastery\",\"description\":\"We roast and brew great coffees for great people\",\"publisher\":{\"@id\":\"https:\\\/\\\/cafetoria.fi\\\/#organization\"},\"potentialAction\":[{\"@type\":\"SearchAction\",\"target\":{\"@type\":\"EntryPoint\",\"urlTemplate\":\"https:\\\/\\\/cafetoria.fi\\\/?s={search_term_string}\"},\"query-input\":{\"@type\":\"PropertyValueSpecification\",\"valueRequired\":true,\"valueName\":\"search_term_string\"}}],\"inLanguage\":\"fi\"},{\"@type\":\"Organization\",\"@id\":\"https:\\\/\\\/cafetoria.fi\\\/#organization\",\"name\":\"Cafetoria: Nordic Latin Coffee Roastery\",\"url\":\"https:\\\/\\\/cafetoria.fi\\\/\",\"logo\":{\"@type\":\"ImageObject\",\"inLanguage\":\"fi\",\"@id\":\"https:\\\/\\\/cafetoria.fi\\\/#\\\/schema\\\/logo\\\/image\\\/\",\"url\":\"https:\\\/\\\/cafetoria.fi\\\/wp-content\\\/uploads\\\/2023\\\/07\\\/BACKGROUND_CAFETORIA.bmp\",\"contentUrl\":\"https:\\\/\\\/cafetoria.fi\\\/wp-content\\\/uploads\\\/2023\\\/07\\\/BACKGROUND_CAFETORIA.bmp\",\"width\":533,\"height\":497,\"caption\":\"Cafetoria: Nordic Latin Coffee Roastery\"},\"image\":{\"@id\":\"https:\\\/\\\/cafetoria.fi\\\/#\\\/schema\\\/logo\\\/image\\\/\"},\"sameAs\":[\"https:\\\/\\\/www.facebook.com\\\/cafetoriaroastery\",\"https:\\\/\\\/www.instagram.com\\\/cafetoriaroastery\\\/\"]}]}<\/script>\n<!-- \/ Yoast SEO plugin. -->","yoast_head_json":{"title":"Payment and shipping - Cafetoria: Nordic Latin Coffee Roastery","robots":{"index":"index","follow":"follow","max-snippet":"max-snippet:-1","max-image-preview":"max-image-preview:large","max-video-preview":"max-video-preview:-1"},"canonical":"https:\/\/cafetoria.fi\/fi\/payment-and-shipping\/","og_locale":"fi_FI","og_type":"article","og_title":"Payment and shipping - Cafetoria: Nordic Latin Coffee Roastery","og_description":"Hello! We really appreciate your interest in purchasing our coffees, coffee equipments and everything else.\u00a0Besides being coffee roasters of fine coffees we also distribute equipments and coffee accessories \u00a0of recognised manufacturers. Here some useful information for you: SHIPPING Most of the cases the orders are shipped to you within 1-2 working days after the payment [&hellip;]","og_url":"https:\/\/cafetoria.fi\/fi\/payment-and-shipping\/","og_site_name":"Cafetoria: Nordic Latin Coffee Roastery","article_publisher":"https:\/\/www.facebook.com\/cafetoriaroastery","article_modified_time":"2022-02-25T10:37:48+00:00","twitter_card":"summary_large_image","twitter_misc":{"Arvioitu lukuaika":"3 minuuttia"},"schema":{"@context":"https:\/\/schema.org","@graph":[{"@type":"WebPage","@id":"https:\/\/cafetoria.fi\/payment-and-shipping\/","url":"https:\/\/cafetoria.fi\/payment-and-shipping\/","name":"Payment and shipping - Cafetoria: Nordic Latin Coffee Roastery","isPartOf":{"@id":"https:\/\/cafetoria.fi\/#website"},"datePublished":"2021-05-11T11:39:52+00:00","dateModified":"2022-02-25T10:37:48+00:00","breadcrumb":{"@id":"https:\/\/cafetoria.fi\/payment-and-shipping\/#breadcrumb"},"inLanguage":"fi","potentialAction":[{"@type":"ReadAction","target":["https:\/\/cafetoria.fi\/payment-and-shipping\/"]}]},{"@type":"BreadcrumbList","@id":"https:\/\/cafetoria.fi\/payment-and-shipping\/#breadcrumb","itemListElement":[{"@type":"ListItem","position":1,"name":"Home","item":"https:\/\/cafetoria.fi\/"},{"@type":"ListItem","position":2,"name":"Payment and shipping"}]},{"@type":"WebSite","@id":"https:\/\/cafetoria.fi\/#website","url":"https:\/\/cafetoria.fi\/","name":"Cafetoria: Nordic Latin Coffee Roastery","description":"We roast and brew great coffees for great people","publisher":{"@id":"https:\/\/cafetoria.fi\/#organization"},"potentialAction":[{"@type":"SearchAction","target":{"@type":"EntryPoint","urlTemplate":"https:\/\/cafetoria.fi\/?s={search_term_string}"},"query-input":{"@type":"PropertyValueSpecification","valueRequired":true,"valueName":"search_term_string"}}],"inLanguage":"fi"},{"@type":"Organization","@id":"https:\/\/cafetoria.fi\/#organization","name":"Cafetoria: Nordic Latin Coffee Roastery","url":"https:\/\/cafetoria.fi\/","logo":{"@type":"ImageObject","inLanguage":"fi","@id":"https:\/\/cafetoria.fi\/#\/schema\/logo\/image\/","url":"https:\/\/cafetoria.fi\/wp-content\/uploads\/2023\/07\/BACKGROUND_CAFETORIA.bmp","contentUrl":"https:\/\/cafetoria.fi\/wp-content\/uploads\/2023\/07\/BACKGROUND_CAFETORIA.bmp","width":533,"height":497,"caption":"Cafetoria: Nordic Latin Coffee Roastery"},"image":{"@id":"https:\/\/cafetoria.fi\/#\/schema\/logo\/image\/"},"sameAs":["https:\/\/www.facebook.com\/cafetoriaroastery","https:\/\/www.instagram.com\/cafetoriaroastery\/"]}]}},"_links":{"self":[{"href":"https:\/\/cafetoria.fi\/fi\/wp-json\/wp\/v2\/pages\/121","targetHints":{"allow":["GET"]}}],"collection":[{"href":"https:\/\/cafetoria.fi\/fi\/wp-json\/wp\/v2\/pages"}],"about":[{"href":"https:\/\/cafetoria.fi\/fi\/wp-json\/wp\/v2\/types\/page"}],"author":[{"embeddable":true,"href":"https:\/\/cafetoria.fi\/fi\/wp-json\/wp\/v2\/users\/1"}],"replies":[{"embeddable":true,"href":"https:\/\/cafetoria.fi\/fi\/wp-json\/wp\/v2\/comments?post=121"}],"version-history":[{"count":0,"href":"https:\/\/cafetoria.fi\/fi\/wp-json\/wp\/v2\/pages\/121\/revisions"}],"wp:attachment":[{"href":"https:\/\/cafetoria.fi\/fi\/wp-json\/wp\/v2\/media?parent=121"}],"curies":[{"name":"wp","href":"https:\/\/api.w.org\/{rel}","templated":true}]}}