{"id":13917,"date":"2022-02-16T18:29:10","date_gmt":"2022-02-16T18:29:10","guid":{"rendered":"http:\/\/new.cafetoria.fi\/?post_type=product&#038;p=13917"},"modified":"2024-09-01T22:29:31","modified_gmt":"2024-09-01T20:29:31","slug":"upgrade-for-rancilio-silvia","status":"publish","type":"product","link":"https:\/\/cafetoria.fi\/en\/product\/upgrade-for-rancilio-silvia\/","title":{"rendered":"Upgrade for Rancilio Silvia"},"content":{"rendered":"<p>Rancilio Silvia is a long lasting machine. That&#8217;s why we offer an upgrade service for Silvias older than 2008. Here&#8217;s more about the content of the update service:<\/p>\n<ul>\n<li>We Replace the entire steaming system to the latest version. The new vapor tube system (single-hole flotation head) has a stronger steam power and wider tube movement is similar to that of professional machines.<\/li>\n<li>We replace the steam tap to the new stylish chrome tap<\/li>\n<li>You can also choose maintenance service (optional). This includes cleaning of the boiler and group and replacement of group parts.<\/li>\n<\/ul>\n<p>Notes:<\/p>\n<p>Make sure your machine is properly packed. Cafetoria is not responsible for any damage caused during transportation.<br \/>\nThe update may take up to 3-5 business days.<br \/>\nDelivering your machine to upgrade can be as follows:<\/p>\n<p><strong>Delivery<\/strong><\/p>\n<p>You can deliver your machine to our Coffee bar in T\u00f6\u00f6l\u00f6 or Coffee roastery (Lohja). Check here the <a href=\"https:\/\/cafetoria.fi\/coffee-bars\/\">address<\/a>.<\/p>\n","protected":false},"excerpt":{"rendered":"<p>Upgrade your old Rancilio to the latest functional and cosmetic design.<\/p>\n","protected":false},"featured_media":1062,"comment_status":"open","ping_status":"closed","template":"","meta":{"_acf_changed":false,"_glsr_average":0,"_glsr_ranking":0,"_glsr_reviews":0},"product_brand":[],"product_cat":[255,256],"product_tag":[],"class_list":{"0":"post-13917","1":"product","2":"type-product","3":"status-publish","4":"has-post-thumbnail","6":"product_cat-equipments","7":"product_cat-espresso-machines","8":"pa_maintenance-service-no","9":"pa_maintenance-service-yes","11":"first","12":"instock","13":"taxable","14":"shipping-taxable","15":"purchasable","16":"product-type-variable"},"acf":[],"yoast_head":"<!-- This site is optimized with the Yoast SEO plugin v27.4 - https:\/\/yoast.com\/product\/yoast-seo-wordpress\/ -->\n<title>Upgrade for Rancilio Silvia - Cafetoria: Nordic Latin Coffee Roastery<\/title>\n<meta name=\"robots\" content=\"index, follow, max-snippet:-1, max-image-preview:large, max-video-preview:-1\" \/>\n<link rel=\"canonical\" href=\"https:\/\/cafetoria.fi\/en\/product\/upgrade-for-rancilio-silvia\/\" \/>\n<meta property=\"og:locale\" content=\"en_US\" \/>\n<meta property=\"og:type\" content=\"article\" \/>\n<meta property=\"og:title\" content=\"Upgrade for Rancilio Silvia - Cafetoria: Nordic Latin Coffee Roastery\" \/>\n<meta property=\"og:description\" content=\"Upgrade your old Rancilio to the latest functional and cosmetic design.\" \/>\n<meta property=\"og:url\" content=\"https:\/\/cafetoria.fi\/en\/product\/upgrade-for-rancilio-silvia\/\" \/>\n<meta property=\"og:site_name\" content=\"Cafetoria: Nordic Latin Coffee Roastery\" \/>\n<meta property=\"article:publisher\" content=\"https:\/\/www.facebook.com\/cafetoriaroastery\" \/>\n<meta property=\"article:modified_time\" content=\"2024-09-01T20:29:31+00:00\" \/>\n<meta property=\"og:image\" content=\"https:\/\/cafetoria.fi\/wp-content\/uploads\/2021\/05\/vanhemman-rancilio-silvian-paivitys.jpg.png\" \/>\n\t<meta property=\"og:image:width\" content=\"400\" \/>\n\t<meta property=\"og:image:height\" content=\"530\" \/>\n\t<meta property=\"og:image:type\" content=\"image\/png\" \/>\n<meta name=\"twitter:card\" content=\"summary_large_image\" \/>\n<meta name=\"twitter:label1\" content=\"Est. reading time\" \/>\n\t<meta name=\"twitter:data1\" content=\"1 minute\" \/>\n<script type=\"application\/ld+json\" class=\"yoast-schema-graph\">{\"@context\":\"https:\\\/\\\/schema.org\",\"@graph\":[{\"@type\":\"WebPage\",\"@id\":\"https:\\\/\\\/cafetoria.fi\\\/product\\\/upgrade-for-rancilio-silvia\\\/\",\"url\":\"https:\\\/\\\/cafetoria.fi\\\/product\\\/upgrade-for-rancilio-silvia\\\/\",\"name\":\"Upgrade for Rancilio Silvia - Cafetoria: Nordic Latin Coffee Roastery\",\"isPartOf\":{\"@id\":\"https:\\\/\\\/cafetoria.fi\\\/#website\"},\"primaryImageOfPage\":{\"@id\":\"https:\\\/\\\/cafetoria.fi\\\/product\\\/upgrade-for-rancilio-silvia\\\/#primaryimage\"},\"image\":{\"@id\":\"https:\\\/\\\/cafetoria.fi\\\/product\\\/upgrade-for-rancilio-silvia\\\/#primaryimage\"},\"thumbnailUrl\":\"https:\\\/\\\/cafetoria.fi\\\/wp-content\\\/uploads\\\/2021\\\/05\\\/vanhemman-rancilio-silvian-paivitys.jpg.png\",\"datePublished\":\"2022-02-16T18:29:10+00:00\",\"dateModified\":\"2024-09-01T20:29:31+00:00\",\"breadcrumb\":{\"@id\":\"https:\\\/\\\/cafetoria.fi\\\/product\\\/upgrade-for-rancilio-silvia\\\/#breadcrumb\"},\"inLanguage\":\"en-US\",\"potentialAction\":[{\"@type\":\"ReadAction\",\"target\":[\"https:\\\/\\\/cafetoria.fi\\\/product\\\/upgrade-for-rancilio-silvia\\\/\"]}]},{\"@type\":\"ImageObject\",\"inLanguage\":\"en-US\",\"@id\":\"https:\\\/\\\/cafetoria.fi\\\/product\\\/upgrade-for-rancilio-silvia\\\/#primaryimage\",\"url\":\"https:\\\/\\\/cafetoria.fi\\\/wp-content\\\/uploads\\\/2021\\\/05\\\/vanhemman-rancilio-silvian-paivitys.jpg.png\",\"contentUrl\":\"https:\\\/\\\/cafetoria.fi\\\/wp-content\\\/uploads\\\/2021\\\/05\\\/vanhemman-rancilio-silvian-paivitys.jpg.png\",\"width\":400,\"height\":530},{\"@type\":\"BreadcrumbList\",\"@id\":\"https:\\\/\\\/cafetoria.fi\\\/product\\\/upgrade-for-rancilio-silvia\\\/#breadcrumb\",\"itemListElement\":[{\"@type\":\"ListItem\",\"position\":1,\"name\":\"Home\",\"item\":\"https:\\\/\\\/cafetoria.fi\\\/\"},{\"@type\":\"ListItem\",\"position\":2,\"name\":\"Shop\",\"item\":\"https:\\\/\\\/cafetoria.fi\\\/shop\\\/\"},{\"@type\":\"ListItem\",\"position\":3,\"name\":\"Upgrade for Rancilio Silvia\"}]},{\"@type\":\"WebSite\",\"@id\":\"https:\\\/\\\/cafetoria.fi\\\/#website\",\"url\":\"https:\\\/\\\/cafetoria.fi\\\/\",\"name\":\"Cafetoria: Nordic Latin Coffee Roastery\",\"description\":\"We roast and brew great coffees for great people\",\"publisher\":{\"@id\":\"https:\\\/\\\/cafetoria.fi\\\/#organization\"},\"potentialAction\":[{\"@type\":\"SearchAction\",\"target\":{\"@type\":\"EntryPoint\",\"urlTemplate\":\"https:\\\/\\\/cafetoria.fi\\\/?s={search_term_string}\"},\"query-input\":{\"@type\":\"PropertyValueSpecification\",\"valueRequired\":true,\"valueName\":\"search_term_string\"}}],\"inLanguage\":\"en-US\"},{\"@type\":\"Organization\",\"@id\":\"https:\\\/\\\/cafetoria.fi\\\/#organization\",\"name\":\"Cafetoria: Nordic Latin Coffee Roastery\",\"url\":\"https:\\\/\\\/cafetoria.fi\\\/\",\"logo\":{\"@type\":\"ImageObject\",\"inLanguage\":\"en-US\",\"@id\":\"https:\\\/\\\/cafetoria.fi\\\/#\\\/schema\\\/logo\\\/image\\\/\",\"url\":\"https:\\\/\\\/cafetoria.fi\\\/wp-content\\\/uploads\\\/2023\\\/07\\\/BACKGROUND_CAFETORIA.bmp\",\"contentUrl\":\"https:\\\/\\\/cafetoria.fi\\\/wp-content\\\/uploads\\\/2023\\\/07\\\/BACKGROUND_CAFETORIA.bmp\",\"width\":533,\"height\":497,\"caption\":\"Cafetoria: Nordic Latin Coffee Roastery\"},\"image\":{\"@id\":\"https:\\\/\\\/cafetoria.fi\\\/#\\\/schema\\\/logo\\\/image\\\/\"},\"sameAs\":[\"https:\\\/\\\/www.facebook.com\\\/cafetoriaroastery\",\"https:\\\/\\\/www.instagram.com\\\/cafetoriaroastery\\\/\"]}]}<\/script>\n<!-- \/ Yoast SEO plugin. -->","yoast_head_json":{"title":"Upgrade for Rancilio Silvia - Cafetoria: Nordic Latin Coffee Roastery","robots":{"index":"index","follow":"follow","max-snippet":"max-snippet:-1","max-image-preview":"max-image-preview:large","max-video-preview":"max-video-preview:-1"},"canonical":"https:\/\/cafetoria.fi\/en\/product\/upgrade-for-rancilio-silvia\/","og_locale":"en_US","og_type":"article","og_title":"Upgrade for Rancilio Silvia - Cafetoria: Nordic Latin Coffee Roastery","og_description":"Upgrade your old Rancilio to the latest functional and cosmetic design.","og_url":"https:\/\/cafetoria.fi\/en\/product\/upgrade-for-rancilio-silvia\/","og_site_name":"Cafetoria: Nordic Latin Coffee Roastery","article_publisher":"https:\/\/www.facebook.com\/cafetoriaroastery","article_modified_time":"2024-09-01T20:29:31+00:00","og_image":[{"width":400,"height":530,"url":"https:\/\/cafetoria.fi\/wp-content\/uploads\/2021\/05\/vanhemman-rancilio-silvian-paivitys.jpg.png","type":"image\/png"}],"twitter_card":"summary_large_image","twitter_misc":{"Est. reading time":"1 minute"},"schema":{"@context":"https:\/\/schema.org","@graph":[{"@type":"WebPage","@id":"https:\/\/cafetoria.fi\/product\/upgrade-for-rancilio-silvia\/","url":"https:\/\/cafetoria.fi\/product\/upgrade-for-rancilio-silvia\/","name":"Upgrade for Rancilio Silvia - Cafetoria: Nordic Latin Coffee Roastery","isPartOf":{"@id":"https:\/\/cafetoria.fi\/#website"},"primaryImageOfPage":{"@id":"https:\/\/cafetoria.fi\/product\/upgrade-for-rancilio-silvia\/#primaryimage"},"image":{"@id":"https:\/\/cafetoria.fi\/product\/upgrade-for-rancilio-silvia\/#primaryimage"},"thumbnailUrl":"https:\/\/cafetoria.fi\/wp-content\/uploads\/2021\/05\/vanhemman-rancilio-silvian-paivitys.jpg.png","datePublished":"2022-02-16T18:29:10+00:00","dateModified":"2024-09-01T20:29:31+00:00","breadcrumb":{"@id":"https:\/\/cafetoria.fi\/product\/upgrade-for-rancilio-silvia\/#breadcrumb"},"inLanguage":"en-US","potentialAction":[{"@type":"ReadAction","target":["https:\/\/cafetoria.fi\/product\/upgrade-for-rancilio-silvia\/"]}]},{"@type":"ImageObject","inLanguage":"en-US","@id":"https:\/\/cafetoria.fi\/product\/upgrade-for-rancilio-silvia\/#primaryimage","url":"https:\/\/cafetoria.fi\/wp-content\/uploads\/2021\/05\/vanhemman-rancilio-silvian-paivitys.jpg.png","contentUrl":"https:\/\/cafetoria.fi\/wp-content\/uploads\/2021\/05\/vanhemman-rancilio-silvian-paivitys.jpg.png","width":400,"height":530},{"@type":"BreadcrumbList","@id":"https:\/\/cafetoria.fi\/product\/upgrade-for-rancilio-silvia\/#breadcrumb","itemListElement":[{"@type":"ListItem","position":1,"name":"Home","item":"https:\/\/cafetoria.fi\/"},{"@type":"ListItem","position":2,"name":"Shop","item":"https:\/\/cafetoria.fi\/shop\/"},{"@type":"ListItem","position":3,"name":"Upgrade for Rancilio Silvia"}]},{"@type":"WebSite","@id":"https:\/\/cafetoria.fi\/#website","url":"https:\/\/cafetoria.fi\/","name":"Cafetoria: Nordic Latin Coffee Roastery","description":"We roast and brew great coffees for great people","publisher":{"@id":"https:\/\/cafetoria.fi\/#organization"},"potentialAction":[{"@type":"SearchAction","target":{"@type":"EntryPoint","urlTemplate":"https:\/\/cafetoria.fi\/?s={search_term_string}"},"query-input":{"@type":"PropertyValueSpecification","valueRequired":true,"valueName":"search_term_string"}}],"inLanguage":"en-US"},{"@type":"Organization","@id":"https:\/\/cafetoria.fi\/#organization","name":"Cafetoria: Nordic Latin Coffee Roastery","url":"https:\/\/cafetoria.fi\/","logo":{"@type":"ImageObject","inLanguage":"en-US","@id":"https:\/\/cafetoria.fi\/#\/schema\/logo\/image\/","url":"https:\/\/cafetoria.fi\/wp-content\/uploads\/2023\/07\/BACKGROUND_CAFETORIA.bmp","contentUrl":"https:\/\/cafetoria.fi\/wp-content\/uploads\/2023\/07\/BACKGROUND_CAFETORIA.bmp","width":533,"height":497,"caption":"Cafetoria: Nordic Latin Coffee Roastery"},"image":{"@id":"https:\/\/cafetoria.fi\/#\/schema\/logo\/image\/"},"sameAs":["https:\/\/www.facebook.com\/cafetoriaroastery","https:\/\/www.instagram.com\/cafetoriaroastery\/"]}]}},"_links":{"self":[{"href":"https:\/\/cafetoria.fi\/en\/wp-json\/wp\/v2\/product\/13917","targetHints":{"allow":["GET"]}}],"collection":[{"href":"https:\/\/cafetoria.fi\/en\/wp-json\/wp\/v2\/product"}],"about":[{"href":"https:\/\/cafetoria.fi\/en\/wp-json\/wp\/v2\/types\/product"}],"replies":[{"embeddable":true,"href":"https:\/\/cafetoria.fi\/en\/wp-json\/wp\/v2\/comments?post=13917"}],"wp:featuredmedia":[{"embeddable":true,"href":"https:\/\/cafetoria.fi\/en\/wp-json\/wp\/v2\/media\/1062"}],"wp:attachment":[{"href":"https:\/\/cafetoria.fi\/en\/wp-json\/wp\/v2\/media?parent=13917"}],"wp:term":[{"taxonomy":"product_brand","embeddable":true,"href":"https:\/\/cafetoria.fi\/en\/wp-json\/wp\/v2\/product_brand?post=13917"},{"taxonomy":"product_cat","embeddable":true,"href":"https:\/\/cafetoria.fi\/en\/wp-json\/wp\/v2\/product_cat?post=13917"},{"taxonomy":"product_tag","embeddable":true,"href":"https:\/\/cafetoria.fi\/en\/wp-json\/wp\/v2\/product_tag?post=13917"}],"curies":[{"name":"wp","href":"https:\/\/api.w.org\/{rel}","templated":true}]}}